{"id":1747,"date":"2023-06-03T14:11:09","date_gmt":"2023-06-03T14:11:09","guid":{"rendered":"https:\/\/carhelpeurope.com\/?page_id=1747"},"modified":"2025-01-29T01:44:35","modified_gmt":"2025-01-29T01:44:35","slug":"know-your-rights","status":"publish","type":"page","link":"https:\/\/carhelpeurope.com\/de\/know-your-rights\/","title":{"rendered":"Kenne deine Rechte"},"content":{"rendered":"<div data-elementor-type=\"wp-page\" data-elementor-id=\"1747\" class=\"elementor elementor-1747\" data-elementor-post-type=\"page\">\n\t\t\t\t\t\t<section class=\"elementor-section elementor-top-section elementor-element elementor-element-93488aa elementor-section-boxed elementor-section-height-default elementor-section-height-default\" data-id=\"93488aa\" data-element_type=\"section\" data-e-type=\"section\" data-settings=\"{&quot;background_background&quot;:&quot;classic&quot;}\">\n\t\t\t\t\t\t<div class=\"elementor-container elementor-column-gap-no\">\n\t\t\t\t\t<div class=\"elementor-column elementor-col-100 elementor-top-column elementor-element elementor-element-0c95332\" data-id=\"0c95332\" data-element_type=\"column\" data-e-type=\"column\">\n\t\t\t<div class=\"elementor-widget-wrap elementor-element-populated\">\n\t\t\t\t\t\t<div class=\"elementor-element elementor-element-d82acff elementor-widget elementor-widget-heading\" data-id=\"d82acff\" data-element_type=\"widget\" data-e-type=\"widget\" data-widget_type=\"heading.default\">\n\t\t\t\t<div class=\"elementor-widget-container\">\n\t\t\t\t\t<h1 class=\"elementor-heading-title elementor-size-default\">Kenne deine Rechte<\/h1>\t\t\t\t<\/div>\n\t\t\t\t<\/div>\n\t\t\t\t\t<\/div>\n\t\t<\/div>\n\t\t\t\t\t<\/div>\n\t\t<\/section>\n\t\t\t\t<section class=\"elementor-section elementor-top-section elementor-element elementor-element-8843bff elementor-section-content-middle elementor-section-boxed elementor-section-height-default elementor-section-height-default\" data-id=\"8843bff\" data-element_type=\"section\" data-e-type=\"section\" data-settings=\"{&quot;background_background&quot;:&quot;classic&quot;}\">\n\t\t\t\t\t\t<div class=\"elementor-container elementor-column-gap-no\">\n\t\t\t\t\t<div class=\"elementor-column elementor-col-100 elementor-top-column elementor-element elementor-element-3defe21\" data-id=\"3defe21\" data-element_type=\"column\" data-e-type=\"column\">\n\t\t\t<div class=\"elementor-widget-wrap elementor-element-populated\">\n\t\t\t\t\t\t<section class=\"elementor-section elementor-inner-section elementor-element elementor-element-2a91513 elementor-section-boxed elementor-section-height-default elementor-section-height-default\" data-id=\"2a91513\" data-element_type=\"section\" data-e-type=\"section\" data-settings=\"{&quot;background_background&quot;:&quot;classic&quot;}\">\n\t\t\t\t\t\t<div class=\"elementor-container elementor-column-gap-no\">\n\t\t\t\t\t<div class=\"elementor-column elementor-col-50 elementor-inner-column elementor-element elementor-element-3751ae4\" data-id=\"3751ae4\" data-element_type=\"column\" data-e-type=\"column\">\n\t\t\t<div class=\"elementor-widget-wrap elementor-element-populated\">\n\t\t\t\t\t\t<div class=\"elementor-element elementor-element-f8a0618 elementor-widget elementor-widget-heading\" data-id=\"f8a0618\" data-element_type=\"widget\" data-e-type=\"widget\" data-widget_type=\"heading.default\">\n\t\t\t\t<div class=\"elementor-widget-container\">\n\t\t\t\t\t<h2 class=\"elementor-heading-title elementor-size-default\">Im Falle eines Unfalls befolgen Sie bitte diese Richtlinien:<\/h2>\t\t\t\t<\/div>\n\t\t\t\t<\/div>\n\t\t\t\t<div class=\"elementor-element elementor-element-27be402 elementor-widget elementor-widget-text-editor\" data-id=\"27be402\" data-element_type=\"widget\" data-e-type=\"widget\" data-widget_type=\"text-editor.default\">\n\t\t\t\t<div class=\"elementor-widget-container\">\n\t\t\t\t\t\t\t\t\t<ul><li>Halt: Fahren Sie niemals vom Unfallort weg, auch nicht bei einem kleinen Unfall.\u00a0<\/li><li>Bei Verletzten sofort die Notrufnummer 112 anrufen.<\/li><li>Bewegen Sie das Auto nicht, bevor die Anzeige bei der Polizei\/dem Ordnungsh\u00fcter vorliegt, da sonst die Versicherung nicht mehr g\u00fcltig ist.\u00a0<\/li><li>Machen Sie von einem sicheren Standort aus Fotos vom Vorfall und notieren Sie die Wetterbedingungen.\u00a0<\/li><li>Sammeln Sie die Kontaktdaten aller Beteiligten und ggf. von Zeugen.\u00a0<\/li><li>Erfassen Sie von allen am Unfall\/Vorfall beteiligten Personen folgende Angaben: Name, Anschrift, Telefonnummer, Fahrzeugkennzeichen, Versicherer, Versicherungsart und Versicherungsnummer.\u00a0<\/li><li>Geben Sie keine Meinung dar\u00fcber ab, wer schuld war.<\/li><li>Besprechen Sie Unfalldetails ausschlie\u00dflich mit der Polizei, dem Ordnungsamt oder Ihrer Versicherung.<\/li><li>Verlassen Sie den Raum nicht, es sei denn, Sie werden von der Polizei oder einem W\u00e4rter, falls dieser involviert war, dazu aufgefordert.\u00a0<\/li><li>Informieren Sie Ihren Vorgesetzten so schnell wie m\u00f6glich.\u00a0<\/li><\/ul>\t\t\t\t\t\t\t\t<\/div>\n\t\t\t\t<\/div>\n\t\t\t\t<div class=\"elementor-element elementor-element-39bc163 elementor-align-left elementor-mobile-align-justify elementor-widget elementor-widget-button\" data-id=\"39bc163\" data-element_type=\"widget\" data-e-type=\"widget\" data-widget_type=\"button.default\">\n\t\t\t\t<div class=\"elementor-widget-container\">\n\t\t\t\t\t\t\t\t\t<div class=\"elementor-button-wrapper\">\n\t\t\t\t\t<a class=\"elementor-button elementor-button-link elementor-size-sm\" href=\"https:\/\/carhelpeurope.com\/de\/get-help-now\/\">\n\t\t\t\t\t\t<span class=\"elementor-button-content-wrapper\">\n\t\t\t\t\t\t\t\t\t<span class=\"elementor-button-text\">Bekomme jetzt Hilfe<\/span>\n\t\t\t\t\t<\/span>\n\t\t\t\t\t<\/a>\n\t\t\t\t<\/div>\n\t\t\t\t\t\t\t\t<\/div>\n\t\t\t\t<\/div>\n\t\t\t\t\t<\/div>\n\t\t<\/div>\n\t\t\t\t<div class=\"elementor-column elementor-col-50 elementor-inner-column elementor-element elementor-element-e2db313\" data-id=\"e2db313\" data-element_type=\"column\" data-e-type=\"column\">\n\t\t\t<div class=\"elementor-widget-wrap elementor-element-populated\">\n\t\t\t\t\t\t<div class=\"elementor-element elementor-element-d61b7f1 elementor-widget elementor-widget-text-editor\" data-id=\"d61b7f1\" data-element_type=\"widget\" data-e-type=\"widget\" data-widget_type=\"text-editor.default\">\n\t\t\t\t<div class=\"elementor-widget-container\">\n\t\t\t\t\t\t\t\t\t<p>Wir st\u00e4rken Sie im Falle eines Unfalls<\/p>\t\t\t\t\t\t\t\t<\/div>\n\t\t\t\t<\/div>\n\t\t\t\t<div class=\"elementor-element elementor-element-755595f elementor-widget elementor-widget-text-editor\" data-id=\"755595f\" data-element_type=\"widget\" data-e-type=\"widget\" data-widget_type=\"text-editor.default\">\n\t\t\t\t<div class=\"elementor-widget-container\">\n\t\t\t\t\t\t\t\t\t<p>Im ungl\u00fccklichen Fall eines Unfalls ist es entscheidend, dass Sie Ihre Rechte kennen, um sich im Rechtsumfeld sicher zurechtzufinden. Bei Car Help Europe m\u00f6chten wir Sie unterst\u00fctzen, indem wir Ihnen umfassende Informationen und Hilfestellung geben, damit Sie Ihre Rechte verstehen.<\/p><p>Unser Team aus erfahrenen Rechtsexperten ist auf unfallbezogene F\u00e4lle in Deutschland, Bulgarien, Rum\u00e4nien und Griechenland spezialisiert. Wir glauben, dass Wissen Macht ist, und wir bem\u00fchen uns sicherzustellen, dass Sie in solchen Situationen ein klares Verst\u00e4ndnis Ihrer Rechte und rechtlichen M\u00f6glichkeiten haben.<\/p><p>Von der ersten Beratung bis zur L\u00f6sung Ihres Falles begleiten wir Sie bei jedem Schritt und bieten Ihnen individuelle L\u00f6sungen, die auf Ihre speziellen Umst\u00e4nde zugeschnitten sind. Unser Engagement f\u00fcr Ihr Wohlergehen und das Streben nach Gerechtigkeit motiviert uns, Ihnen w\u00e4hrend des gesamten Prozesses au\u00dfergew\u00f6hnliche Unterst\u00fctzung und juristisches Fachwissen zu bieten.<\/p><p>Seien Sie versichert, dass Sie mit Car Help Europe nicht allein sind. Wir sind Ihr zuverl\u00e4ssiger Rechtsbeistand, der an Ihrer Seite steht, um Ihre Rechte zu sch\u00fctzen und die Entsch\u00e4digung zu sichern, die Ihnen zusteht. Durch die Partnerschaft mit uns erhalten Sie Zugang zu einem engagierten Team, das unerm\u00fcdlich f\u00fcr Sie k\u00e4mpft und daf\u00fcr sorgt, dass Ihre Rechte gewahrt werden und Ihre Stimme geh\u00f6rt wird.<\/p><p>Lassen Sie nicht zu, dass Ungewissheit Ihre Genesung \u00fcberschattet. \u00dcbernehmen Sie die Kontrolle \u00fcber Ihre Situation, indem Sie sich \u00fcber Ihre Rechte informieren und uns in Ihrem Namen durch die Komplexit\u00e4t des Rechtssystems navigieren lassen. Vertrauen Sie darauf, dass Car Help Europe in dieser schwierigen Zeit Ihr Anwalt und Verb\u00fcndeter ist und Ihnen die Beratung und Unterst\u00fctzung bietet, die Sie f\u00fcr ein faires und gerechtes Ergebnis ben\u00f6tigen.<\/p><p><a href=\"https:\/\/carhelpeurope.com\/de\/get-help-now\/\">Kontaktiere uns heute<\/a> um mehr \u00fcber Ihre Rechte zu erfahren und wie wir Sie auf Ihrem Weg zur rechtlichen L\u00f6sung unterst\u00fctzen k\u00f6nnen. Ihre Rechte sind wichtig und wir sind hier, um Ihnen zu helfen, sie zu sch\u00fctzen.<\/p>\t\t\t\t\t\t\t\t<\/div>\n\t\t\t\t<\/div>\n\t\t\t\t\t<\/div>\n\t\t<\/div>\n\t\t\t\t\t<\/div>\n\t\t<\/section>\n\t\t\t\t\t<\/div>\n\t\t<\/div>\n\t\t\t\t\t<\/div>\n\t\t<\/section>\n\t\t\t\t<\/div>","protected":false},"excerpt":{"rendered":"<p>Know Your Rights In Case Of Any Accident, Please Follow These Guidelines: Stop: never drive away from the scene of an accident, even a minor one.\u00a0 If someone is injured immediately call Emergency 112. Don\u2019t move the car before the police\/warden report is made as the insurance will not be valid.\u00a0 From a safe spot, [&hellip;]<\/p>\n","protected":false},"author":1,"featured_media":0,"parent":0,"menu_order":0,"comment_status":"closed","ping_status":"closed","template":"","meta":{"site-sidebar-layout":"no-sidebar","site-content-layout":"page-builder","ast-site-content-layout":"full-width-container","site-content-style":"unboxed","site-sidebar-style":"unboxed","ast-global-header-display":"","ast-banner-title-visibility":"","ast-main-header-display":"","ast-hfb-above-header-display":"","ast-hfb-below-header-display":"","ast-hfb-mobile-header-display":"","site-post-title":"disabled","ast-breadcrumbs-content":"disabled","ast-featured-img":"disabled","footer-sml-layout":"","ast-disable-related-posts":"","theme-transparent-header-meta":"enabled","adv-header-id-meta":"","stick-header-meta":"","header-above-stick-meta":"","header-main-stick-meta":"","header-below-stick-meta":"","astra-migrate-meta-layouts":"set","ast-page-background-enabled":"default","ast-page-background-meta":{"desktop":{"background-color":"","background-image":"","background-repeat":"repeat","background-position":"center center","background-size":"auto","background-attachment":"scroll","background-type":"","background-media":"","overlay-type":"","overlay-color":"","overlay-opacity":"","overlay-gradient":""},"tablet":{"background-color":"","background-image":"","background-repeat":"repeat","background-position":"center center","background-size":"auto","background-attachment":"scroll","background-type":"","background-media":"","overlay-type":"","overlay-color":"","overlay-opacity":"","overlay-gradient":""},"mobile":{"background-color":"","background-image":"","background-repeat":"repeat","background-position":"center center","background-size":"auto","background-attachment":"scroll","background-type":"","background-media":"","overlay-type":"","overlay-color":"","overlay-opacity":"","overlay-gradient":""}},"ast-content-background-meta":{"desktop":{"background-color":"var(--ast-global-color-5)","background-image":"","background-repeat":"repeat","background-position":"center center","background-size":"auto","background-attachment":"scroll","background-type":"","background-media":"","overlay-type":"","overlay-color":"","overlay-opacity":"","overlay-gradient":""},"tablet":{"background-color":"var(--ast-global-color-5)","background-image":"","background-repeat":"repeat","background-position":"center center","background-size":"auto","background-attachment":"scroll","background-type":"","background-media":"","overlay-type":"","overlay-color":"","overlay-opacity":"","overlay-gradient":""},"mobile":{"background-color":"var(--ast-global-color-5)","background-image":"","background-repeat":"repeat","background-position":"center center","background-size":"auto","background-attachment":"scroll","background-type":"","background-media":"","overlay-type":"","overlay-color":"","overlay-opacity":"","overlay-gradient":""}},"footnotes":""},"class_list":["post-1747","page","type-page","status-publish","hentry"],"jetpack_sharing_enabled":true,"_links":{"self":[{"href":"https:\/\/carhelpeurope.com\/de\/wp-json\/wp\/v2\/pages\/1747","targetHints":{"allow":["GET"]}}],"collection":[{"href":"https:\/\/carhelpeurope.com\/de\/wp-json\/wp\/v2\/pages"}],"about":[{"href":"https:\/\/carhelpeurope.com\/de\/wp-json\/wp\/v2\/types\/page"}],"author":[{"embeddable":true,"href":"https:\/\/carhelpeurope.com\/de\/wp-json\/wp\/v2\/users\/1"}],"replies":[{"embeddable":true,"href":"https:\/\/carhelpeurope.com\/de\/wp-json\/wp\/v2\/comments?post=1747"}],"version-history":[{"count":1,"href":"https:\/\/carhelpeurope.com\/de\/wp-json\/wp\/v2\/pages\/1747\/revisions"}],"predecessor-version":[{"id":3170,"href":"https:\/\/carhelpeurope.com\/de\/wp-json\/wp\/v2\/pages\/1747\/revisions\/3170"}],"wp:attachment":[{"href":"https:\/\/carhelpeurope.com\/de\/wp-json\/wp\/v2\/media?parent=1747"}],"curies":[{"name":"wp","href":"https:\/\/api.w.org\/{rel}","templated":true}]}}