{"id":1812,"date":"2023-06-05T12:28:09","date_gmt":"2023-06-05T12:28:09","guid":{"rendered":"https:\/\/carhelpeurope.com\/?page_id=1812"},"modified":"2025-01-27T00:18:33","modified_gmt":"2025-01-27T00:18:33","slug":"work-with-us","status":"publish","type":"page","link":"https:\/\/carhelpeurope.com\/de\/work-with-us\/","title":{"rendered":"Arbeite mit uns"},"content":{"rendered":"<div data-elementor-type=\"wp-page\" data-elementor-id=\"1812\" class=\"elementor elementor-1812\" data-elementor-post-type=\"page\">\n\t\t\t\t\t\t<section class=\"elementor-section elementor-top-section elementor-element elementor-element-93488aa elementor-section-boxed elementor-section-height-default elementor-section-height-default\" data-id=\"93488aa\" data-element_type=\"section\" data-e-type=\"section\" data-settings=\"{&quot;background_background&quot;:&quot;classic&quot;}\">\n\t\t\t\t\t\t<div class=\"elementor-container elementor-column-gap-no\">\n\t\t\t\t\t<div class=\"elementor-column elementor-col-100 elementor-top-column elementor-element elementor-element-0c95332\" data-id=\"0c95332\" data-element_type=\"column\" data-e-type=\"column\">\n\t\t\t<div class=\"elementor-widget-wrap elementor-element-populated\">\n\t\t\t\t\t\t<div class=\"elementor-element elementor-element-d82acff elementor-widget elementor-widget-heading\" data-id=\"d82acff\" data-element_type=\"widget\" data-e-type=\"widget\" data-widget_type=\"heading.default\">\n\t\t\t\t<div class=\"elementor-widget-container\">\n\t\t\t\t\t<h1 class=\"elementor-heading-title elementor-size-default\">Arbeite mit uns<\/h1>\t\t\t\t<\/div>\n\t\t\t\t<\/div>\n\t\t\t\t\t<\/div>\n\t\t<\/div>\n\t\t\t\t\t<\/div>\n\t\t<\/section>\n\t\t\t\t<section class=\"elementor-section elementor-top-section elementor-element elementor-element-8843bff elementor-section-content-middle elementor-section-boxed elementor-section-height-default elementor-section-height-default\" data-id=\"8843bff\" data-element_type=\"section\" data-e-type=\"section\" data-settings=\"{&quot;background_background&quot;:&quot;classic&quot;}\">\n\t\t\t\t\t\t<div class=\"elementor-container elementor-column-gap-no\">\n\t\t\t\t\t<div class=\"elementor-column elementor-col-100 elementor-top-column elementor-element elementor-element-3defe21\" data-id=\"3defe21\" data-element_type=\"column\" data-e-type=\"column\">\n\t\t\t<div class=\"elementor-widget-wrap elementor-element-populated\">\n\t\t\t\t\t\t<div class=\"elementor-element elementor-element-13adcba elementor-align-left elementor-mobile-align-center elementor-widget elementor-widget-button\" data-id=\"13adcba\" data-element_type=\"widget\" data-e-type=\"widget\" data-widget_type=\"button.default\">\n\t\t\t\t<div class=\"elementor-widget-container\">\n\t\t\t\t\t\t\t\t\t<div class=\"elementor-button-wrapper\">\n\t\t\t\t\t<a class=\"elementor-button elementor-button-link elementor-size-sm\" href=\"https:\/\/carhelpeurope.com\/de\/legal-partners\/\">\n\t\t\t\t\t\t<span class=\"elementor-button-content-wrapper\">\n\t\t\t\t\t\t\t\t\t<span class=\"elementor-button-text\">Jetzt beitreten<\/span>\n\t\t\t\t\t<\/span>\n\t\t\t\t\t<\/a>\n\t\t\t\t<\/div>\n\t\t\t\t\t\t\t\t<\/div>\n\t\t\t\t<\/div>\n\t\t\t\t<section class=\"elementor-section elementor-inner-section elementor-element elementor-element-2a91513 elementor-section-boxed elementor-section-height-default elementor-section-height-default\" data-id=\"2a91513\" data-element_type=\"section\" data-e-type=\"section\" data-settings=\"{&quot;background_background&quot;:&quot;classic&quot;}\">\n\t\t\t\t\t\t<div class=\"elementor-container elementor-column-gap-no\">\n\t\t\t\t\t<div class=\"elementor-column elementor-col-50 elementor-inner-column elementor-element elementor-element-3751ae4\" data-id=\"3751ae4\" data-element_type=\"column\" data-e-type=\"column\">\n\t\t\t<div class=\"elementor-widget-wrap elementor-element-populated\">\n\t\t\t\t\t\t<div class=\"elementor-element elementor-element-f8a0618 elementor-widget elementor-widget-heading\" data-id=\"f8a0618\" data-element_type=\"widget\" data-e-type=\"widget\" data-widget_type=\"heading.default\">\n\t\t\t\t<div class=\"elementor-widget-container\">\n\t\t\t\t\t<h2 class=\"elementor-heading-title elementor-size-default\">Sind Sie Unfallanwalt oder Teil einer Anwaltskanzlei und m\u00f6chten Ihre Karriere ausbauen? <\/h2>\t\t\t\t<\/div>\n\t\t\t\t<\/div>\n\t\t\t\t<div class=\"elementor-element elementor-element-27be402 elementor-widget elementor-widget-text-editor\" data-id=\"27be402\" data-element_type=\"widget\" data-e-type=\"widget\" data-widget_type=\"text-editor.default\">\n\t\t\t\t<div class=\"elementor-widget-container\">\n\t\t\t\t\t\t\t\t\t<p><strong>Autohilfe Europa<\/strong> ist bestrebt, ein Netzwerk nationaler Rechtsexperten aufzubauen, die eine thematische, geografische und sprachliche Abdeckung der jeweiligen nationalen Rechtssysteme gew\u00e4hrleisten und unsere Mandanten vor den nationalen Gerichten vertreten.<\/p><ul><li>Verschiedene F\u00e4lle und Projekte<\/li><li>27 EU-L\u00e4nder.<\/li><\/ul>\t\t\t\t\t\t\t\t<\/div>\n\t\t\t\t<\/div>\n\t\t\t\t\t<\/div>\n\t\t<\/div>\n\t\t\t\t<div class=\"elementor-column elementor-col-50 elementor-inner-column elementor-element elementor-element-e2db313\" data-id=\"e2db313\" data-element_type=\"column\" data-e-type=\"column\">\n\t\t\t<div class=\"elementor-widget-wrap elementor-element-populated\">\n\t\t\t\t\t\t<div class=\"elementor-element elementor-element-d61b7f1 elementor-widget elementor-widget-text-editor\" data-id=\"d61b7f1\" data-element_type=\"widget\" data-e-type=\"widget\" data-widget_type=\"text-editor.default\">\n\t\t\t\t<div class=\"elementor-widget-container\">\n\t\t\t\t\t\t\t\t\t<h4><strong class=\"x-el x-el-span c1-1y c1-1z c1-b c1-85 c1-29 c1-4h c1-86\">\u00dcber uns<\/strong><\/h4>\t\t\t\t\t\t\t\t<\/div>\n\t\t\t\t<\/div>\n\t\t\t\t<div class=\"elementor-element elementor-element-755595f elementor-widget elementor-widget-text-editor\" data-id=\"755595f\" data-element_type=\"widget\" data-e-type=\"widget\" data-widget_type=\"text-editor.default\">\n\t\t\t\t<div class=\"elementor-widget-container\">\n\t\t\t\t\t\t\t\t\t<p><strong>Autohilfe Europa<\/strong> ist ein einzigartiger Rechtsdienst, der umfassenden Rechtsschutz f\u00fcr Touristen bietet, die mit dem Auto durch Europa reisen. Das Unternehmen verspricht seinen Kunden Rechtsbeistand und Unterst\u00fctzung bei Rechtsverfahren, die haupts\u00e4chlich mit Autounf\u00e4llen in Zusammenhang stehen, damit sie ihre Erfahrungen mit dem Auto in Europa genie\u00dfen k\u00f6nnen.<\/p><p>Bei Interesse wenden Sie sich bitte an: <a href=\"mailto:info@carhelpeurope.com\">info@carhelpeurope.com<\/a><\/p>\t\t\t\t\t\t\t\t<\/div>\n\t\t\t\t<\/div>\n\t\t\t\t\t<\/div>\n\t\t<\/div>\n\t\t\t\t\t<\/div>\n\t\t<\/section>\n\t\t\t\t\t<\/div>\n\t\t<\/div>\n\t\t\t\t\t<\/div>\n\t\t<\/section>\n\t\t\t\t<section class=\"elementor-section elementor-top-section elementor-element elementor-element-fd73e8b elementor-section-content-middle elementor-section-boxed elementor-section-height-default elementor-section-height-default\" data-id=\"fd73e8b\" data-element_type=\"section\" data-e-type=\"section\" data-settings=\"{&quot;background_background&quot;:&quot;classic&quot;}\">\n\t\t\t\t\t\t<div class=\"elementor-container elementor-column-gap-no\">\n\t\t\t\t\t<div class=\"elementor-column elementor-col-100 elementor-top-column elementor-element elementor-element-bec96b1\" data-id=\"bec96b1\" data-element_type=\"column\" data-e-type=\"column\" data-settings=\"{&quot;background_background&quot;:&quot;classic&quot;}\">\n\t\t\t<div class=\"elementor-widget-wrap elementor-element-populated\">\n\t\t\t\t\t\t<section class=\"elementor-section elementor-inner-section elementor-element elementor-element-21a252f elementor-section-boxed elementor-section-height-default elementor-section-height-default elementor-invisible\" data-id=\"21a252f\" data-element_type=\"section\" data-e-type=\"section\" data-settings=\"{&quot;background_background&quot;:&quot;classic&quot;,&quot;animation&quot;:&quot;fadeIn&quot;}\">\n\t\t\t\t\t\t<div class=\"elementor-container elementor-column-gap-no\">\n\t\t\t\t\t<div class=\"elementor-column elementor-col-33 elementor-inner-column elementor-element elementor-element-5f0f87a\" data-id=\"5f0f87a\" data-element_type=\"column\" data-e-type=\"column\">\n\t\t\t<div class=\"elementor-widget-wrap elementor-element-populated\">\n\t\t\t\t\t\t<div class=\"elementor-element elementor-element-96a10a7 elementor-widget elementor-widget-image\" data-id=\"96a10a7\" data-element_type=\"widget\" data-e-type=\"widget\" data-widget_type=\"image.default\">\n\t\t\t\t<div class=\"elementor-widget-container\">\n\t\t\t\t\t\t\t\t\t\t\t\t\t\t\t<img fetchpriority=\"high\" decoding=\"async\" width=\"2560\" height=\"1709\" src=\"https:\/\/carhelpeurope.com\/wp-content\/uploads\/2023\/06\/christina-wocintechchat-com-faEfWCdOKIg-unsplash-scaled.jpg\" class=\"attachment-full size-full wp-image-1814\" alt=\"work with car help europe\" srcset=\"https:\/\/carhelpeurope.com\/wp-content\/uploads\/2023\/06\/christina-wocintechchat-com-faEfWCdOKIg-unsplash-scaled.jpg 2560w, https:\/\/carhelpeurope.com\/wp-content\/uploads\/2023\/06\/christina-wocintechchat-com-faEfWCdOKIg-unsplash-scaled-600x401.jpg 600w, https:\/\/carhelpeurope.com\/wp-content\/uploads\/2023\/06\/christina-wocintechchat-com-faEfWCdOKIg-unsplash-300x200.jpg 300w, https:\/\/carhelpeurope.com\/wp-content\/uploads\/2023\/06\/christina-wocintechchat-com-faEfWCdOKIg-unsplash-1024x684.jpg 1024w, https:\/\/carhelpeurope.com\/wp-content\/uploads\/2023\/06\/christina-wocintechchat-com-faEfWCdOKIg-unsplash-768x513.jpg 768w, https:\/\/carhelpeurope.com\/wp-content\/uploads\/2023\/06\/christina-wocintechchat-com-faEfWCdOKIg-unsplash-1536x1025.jpg 1536w, https:\/\/carhelpeurope.com\/wp-content\/uploads\/2023\/06\/christina-wocintechchat-com-faEfWCdOKIg-unsplash-2048x1367.jpg 2048w\" sizes=\"(max-width: 2560px) 100vw, 2560px\" title=\"\">\t\t\t\t\t\t\t\t\t\t\t\t\t\t\t<\/div>\n\t\t\t\t<\/div>\n\t\t\t\t\t<\/div>\n\t\t<\/div>\n\t\t\t\t<div class=\"elementor-column elementor-col-66 elementor-inner-column elementor-element elementor-element-7900ea0\" data-id=\"7900ea0\" data-element_type=\"column\" data-e-type=\"column\">\n\t\t\t<div class=\"elementor-widget-wrap elementor-element-populated\">\n\t\t\t\t\t\t<div class=\"elementor-element elementor-element-31dcc49 elementor-widget elementor-widget-heading\" data-id=\"31dcc49\" data-element_type=\"widget\" data-e-type=\"widget\" data-widget_type=\"heading.default\">\n\t\t\t\t<div class=\"elementor-widget-container\">\n\t\t\t\t\t<h2 class=\"elementor-heading-title elementor-size-default\">Rolle des nationalen Rechtsexperten<\/h2>\t\t\t\t<\/div>\n\t\t\t\t<\/div>\n\t\t\t\t<div class=\"elementor-element elementor-element-d26d351 elementor-widget elementor-widget-text-editor\" data-id=\"d26d351\" data-element_type=\"widget\" data-e-type=\"widget\" data-widget_type=\"text-editor.default\">\n\t\t\t\t<div class=\"elementor-widget-container\">\n\t\t\t\t\t\t\t\t\t<h3 class=\"Heading11\"><span style=\"color: #003478;\">Die Position<\/span><\/h3>\t\t\t\t\t\t\t\t<\/div>\n\t\t\t\t<\/div>\n\t\t\t\t<div class=\"elementor-element elementor-element-ea7d24d elementor-widget elementor-widget-text-editor\" data-id=\"ea7d24d\" data-element_type=\"widget\" data-e-type=\"widget\" data-widget_type=\"text-editor.default\">\n\t\t\t\t<div class=\"elementor-widget-container\">\n\t\t\t\t\t\t\t\t\t<p>Als National Legal Expert tragen Sie zur rechtlichen Beratung unserer Mandanten bei, indem Sie juristische Recherchen zum Unfallrecht und zur Rechtsprechung durchf\u00fchren und unsere Mandanten bei Bedarf in gerichtlichen und au\u00dfergerichtlichen Verfahren vertreten.<\/p><p>\u00a0<\/p><p>Die Positionen werden variieren, <strong>Zu den Aufgaben geh\u00f6ren wahrscheinlich<\/strong>:<\/p><ul><li>Rechtsrecherche zum national geltenden Unfallrecht;<\/li><li>\u00dcberpr\u00fcfung und Analyse der Rechtsprechung auf nationaler und EU-Ebene;<\/li><li>Vertretung von Mandanten bei au\u00dfergerichtlichen Vergleichen<\/li><li>Vertretung von Mandanten vor nationalen Gerichten<\/li><\/ul><p><strong>Ihre Expertise wird f\u00fcr einen oder mehrere der folgenden Politikbereiche ben\u00f6tigt:<\/strong><\/p><ul><li>Zivilgerichtsbarkeit<\/li><li>Strafrechtspflege<\/li><li>Unfallrecht<\/li><li>Verfahrensrecht<\/li><\/ul>\t\t\t\t\t\t\t\t<\/div>\n\t\t\t\t<\/div>\n\t\t\t\t<div class=\"elementor-element elementor-element-2cfeb08 elementor-widget elementor-widget-text-editor\" data-id=\"2cfeb08\" data-element_type=\"widget\" data-e-type=\"widget\" data-widget_type=\"text-editor.default\">\n\t\t\t\t<div class=\"elementor-widget-container\">\n\t\t\t\t\t\t\t\t\t<h3 class=\"Heading11\"><span style=\"color: #003478;\">Die Person<\/span><\/h3>\t\t\t\t\t\t\t\t<\/div>\n\t\t\t\t<\/div>\n\t\t\t\t<div class=\"elementor-element elementor-element-07e5554 elementor-widget elementor-widget-text-editor\" data-id=\"07e5554\" data-element_type=\"widget\" data-e-type=\"widget\" data-widget_type=\"text-editor.default\">\n\t\t\t\t<div class=\"elementor-widget-container\">\n\t\t\t\t\t\t\t\t\t<p><strong>Du wirst haben:<\/strong><\/p><ul><li>Ein juristischer Hochschulabschluss aus einem EU-Mitgliedstaat;<\/li><li>Mindestens drei Jahre Berufserfahrung in der juristischen Forschung im nationalen Kontext, die einen oder mehrere der oben aufgef\u00fchrten Politikbereiche abdeckt;<\/li><li>Muttersprachler der Sprache des EU-Mitgliedstaates, in dem Sie t\u00e4tig sind;<\/li><li>Ausgezeichnete Kenntnisse der englischen Sprache (Niveau C1 im Gemeinsamen Europ\u00e4ischen Referenzrahmen oder h\u00f6her).<\/li><\/ul><p><strong>Eine oder mehrere der folgenden Qualifikationen w\u00e4ren von Vorteil:<\/strong><\/p><ul><li>Ein juristischer Aufbaustudiengang (LL.M.);<\/li><li>Berufsbezeichnung, die Sie als Rechtsanwalt in einem EU-Mitgliedstaat ausweist (z. B. Rechtsanwalt, Avocat );<\/li><\/ul>\t\t\t\t\t\t\t\t<\/div>\n\t\t\t\t<\/div>\n\t\t\t\t<div class=\"elementor-element elementor-element-d68b968 elementor-align-left elementor-widget elementor-widget-button\" data-id=\"d68b968\" data-element_type=\"widget\" data-e-type=\"widget\" data-widget_type=\"button.default\">\n\t\t\t\t<div class=\"elementor-widget-container\">\n\t\t\t\t\t\t\t\t\t<div class=\"elementor-button-wrapper\">\n\t\t\t\t\t<a class=\"elementor-button elementor-button-link elementor-size-sm\" href=\"https:\/\/carhelpeurope.com\/de\/legal-partners\/\">\n\t\t\t\t\t\t<span class=\"elementor-button-content-wrapper\">\n\t\t\t\t\t\t\t\t\t<span class=\"elementor-button-text\">Jetzt als Rechtspartner beitreten<\/span>\n\t\t\t\t\t<\/span>\n\t\t\t\t\t<\/a>\n\t\t\t\t<\/div>\n\t\t\t\t\t\t\t\t<\/div>\n\t\t\t\t<\/div>\n\t\t\t\t\t<\/div>\n\t\t<\/div>\n\t\t\t\t\t<\/div>\n\t\t<\/section>\n\t\t\t\t\t<\/div>\n\t\t<\/div>\n\t\t\t\t\t<\/div>\n\t\t<\/section>\n\t\t\t\t<\/div>","protected":false},"excerpt":{"rendered":"<p>Work With Us Join Now Are you an accident lawyer or part of a law firm looking to expand your career? Car Help Europe is seeking to build a network of National Legal Experts who will provide legal thematic, geographical\u00a0 and linguistic coverage of their respective national legal systems and will represent out clients before [&hellip;]<\/p>\n","protected":false},"author":1,"featured_media":0,"parent":0,"menu_order":0,"comment_status":"closed","ping_status":"closed","template":"","meta":{"site-sidebar-layout":"no-sidebar","site-content-layout":"page-builder","ast-site-content-layout":"full-width-container","site-content-style":"unboxed","site-sidebar-style":"unboxed","ast-global-header-display":"","ast-banner-title-visibility":"","ast-main-header-display":"","ast-hfb-above-header-display":"","ast-hfb-below-header-display":"","ast-hfb-mobile-header-display":"","site-post-title":"disabled","ast-breadcrumbs-content":"disabled","ast-featured-img":"disabled","footer-sml-layout":"","ast-disable-related-posts":"","theme-transparent-header-meta":"enabled","adv-header-id-meta":"","stick-header-meta":"","header-above-stick-meta":"","header-main-stick-meta":"","header-below-stick-meta":"","astra-migrate-meta-layouts":"set","ast-page-background-enabled":"default","ast-page-background-meta":{"desktop":{"background-color":"","background-image":"","background-repeat":"repeat","background-position":"center center","background-size":"auto","background-attachment":"scroll","background-type":"","background-media":"","overlay-type":"","overlay-color":"","overlay-opacity":"","overlay-gradient":""},"tablet":{"background-color":"","background-image":"","background-repeat":"repeat","background-position":"center center","background-size":"auto","background-attachment":"scroll","background-type":"","background-media":"","overlay-type":"","overlay-color":"","overlay-opacity":"","overlay-gradient":""},"mobile":{"background-color":"","background-image":"","background-repeat":"repeat","background-position":"center center","background-size":"auto","background-attachment":"scroll","background-type":"","background-media":"","overlay-type":"","overlay-color":"","overlay-opacity":"","overlay-gradient":""}},"ast-content-background-meta":{"desktop":{"background-color":"var(--ast-global-color-5)","background-image":"","background-repeat":"repeat","background-position":"center center","background-size":"auto","background-attachment":"scroll","background-type":"","background-media":"","overlay-type":"","overlay-color":"","overlay-opacity":"","overlay-gradient":""},"tablet":{"background-color":"var(--ast-global-color-5)","background-image":"","background-repeat":"repeat","background-position":"center center","background-size":"auto","background-attachment":"scroll","background-type":"","background-media":"","overlay-type":"","overlay-color":"","overlay-opacity":"","overlay-gradient":""},"mobile":{"background-color":"var(--ast-global-color-5)","background-image":"","background-repeat":"repeat","background-position":"center center","background-size":"auto","background-attachment":"scroll","background-type":"","background-media":"","overlay-type":"","overlay-color":"","overlay-opacity":"","overlay-gradient":""}},"footnotes":""},"class_list":["post-1812","page","type-page","status-publish","hentry"],"jetpack_sharing_enabled":true,"_links":{"self":[{"href":"https:\/\/carhelpeurope.com\/de\/wp-json\/wp\/v2\/pages\/1812","targetHints":{"allow":["GET"]}}],"collection":[{"href":"https:\/\/carhelpeurope.com\/de\/wp-json\/wp\/v2\/pages"}],"about":[{"href":"https:\/\/carhelpeurope.com\/de\/wp-json\/wp\/v2\/types\/page"}],"author":[{"embeddable":true,"href":"https:\/\/carhelpeurope.com\/de\/wp-json\/wp\/v2\/users\/1"}],"replies":[{"embeddable":true,"href":"https:\/\/carhelpeurope.com\/de\/wp-json\/wp\/v2\/comments?post=1812"}],"version-history":[{"count":1,"href":"https:\/\/carhelpeurope.com\/de\/wp-json\/wp\/v2\/pages\/1812\/revisions"}],"predecessor-version":[{"id":3163,"href":"https:\/\/carhelpeurope.com\/de\/wp-json\/wp\/v2\/pages\/1812\/revisions\/3163"}],"wp:attachment":[{"href":"https:\/\/carhelpeurope.com\/de\/wp-json\/wp\/v2\/media?parent=1812"}],"curies":[{"name":"wp","href":"https:\/\/api.w.org\/{rel}","templated":true}]}}