{"id":1844,"date":"2023-06-05T18:41:00","date_gmt":"2023-06-05T18:41:00","guid":{"rendered":"https:\/\/carhelpeurope.com\/?page_id=1844"},"modified":"2025-01-30T00:53:33","modified_gmt":"2025-01-30T00:53:33","slug":"legal-partners","status":"publish","type":"page","link":"https:\/\/carhelpeurope.com\/de\/legal-partners\/","title":{"rendered":"Werden Sie Rechtspartner"},"content":{"rendered":"\t\t<div data-elementor-type=\"wp-page\" data-elementor-id=\"1844\" class=\"elementor elementor-1844\" data-elementor-post-type=\"page\">\n\t\t\t\t\t\t<section class=\"elementor-section elementor-top-section elementor-element elementor-element-93488aa elementor-section-boxed elementor-section-height-default elementor-section-height-default\" data-id=\"93488aa\" data-element_type=\"section\" data-e-type=\"section\" data-settings=\"{&quot;background_background&quot;:&quot;classic&quot;}\">\n\t\t\t\t\t\t<div class=\"elementor-container elementor-column-gap-no\">\n\t\t\t\t\t<div class=\"elementor-column elementor-col-100 elementor-top-column elementor-element elementor-element-0c95332\" data-id=\"0c95332\" data-element_type=\"column\" data-e-type=\"column\">\n\t\t\t<div class=\"elementor-widget-wrap elementor-element-populated\">\n\t\t\t\t\t\t<div class=\"elementor-element elementor-element-d82acff elementor-widget elementor-widget-heading\" data-id=\"d82acff\" data-element_type=\"widget\" data-e-type=\"widget\" data-widget_type=\"heading.default\">\n\t\t\t\t<div class=\"elementor-widget-container\">\n\t\t\t\t\t<h1 class=\"elementor-heading-title elementor-size-default\">Become A Law Partner<\/h1>\t\t\t\t<\/div>\n\t\t\t\t<\/div>\n\t\t\t\t\t<\/div>\n\t\t<\/div>\n\t\t\t\t\t<\/div>\n\t\t<\/section>\n\t\t\t\t<section class=\"elementor-section elementor-top-section elementor-element elementor-element-8843bff elementor-section-content-middle elementor-section-boxed elementor-section-height-default elementor-section-height-default\" data-id=\"8843bff\" data-element_type=\"section\" data-e-type=\"section\" data-settings=\"{&quot;background_background&quot;:&quot;classic&quot;}\">\n\t\t\t\t\t\t<div class=\"elementor-container elementor-column-gap-no\">\n\t\t\t\t\t<div class=\"elementor-column elementor-col-100 elementor-top-column elementor-element elementor-element-3defe21\" data-id=\"3defe21\" data-element_type=\"column\" data-e-type=\"column\">\n\t\t\t<div class=\"elementor-widget-wrap elementor-element-populated\">\n\t\t\t\t\t\t<section class=\"elementor-section elementor-inner-section elementor-element elementor-element-2a91513 elementor-section-boxed elementor-section-height-default elementor-section-height-default\" data-id=\"2a91513\" data-element_type=\"section\" data-e-type=\"section\">\n\t\t\t\t\t\t<div class=\"elementor-container elementor-column-gap-no\">\n\t\t\t\t\t<div class=\"elementor-column elementor-col-100 elementor-inner-column elementor-element elementor-element-3751ae4\" data-id=\"3751ae4\" data-element_type=\"column\" data-e-type=\"column\">\n\t\t\t<div class=\"elementor-widget-wrap elementor-element-populated\">\n\t\t\t\t\t\t<div class=\"elementor-element elementor-element-f8a0618 elementor-widget elementor-widget-heading\" data-id=\"f8a0618\" data-element_type=\"widget\" data-e-type=\"widget\" data-widget_type=\"heading.default\">\n\t\t\t\t<div class=\"elementor-widget-container\">\n\t\t\t\t\t<h2 class=\"elementor-heading-title elementor-size-default\">Join Us as a Legal Partner of Car Help Europe\n\n<\/h2>\t\t\t\t<\/div>\n\t\t\t\t<\/div>\n\t\t\t\t<div class=\"elementor-element elementor-element-b7b19ca elementor-widget elementor-widget-text-editor\" data-id=\"b7b19ca\" data-element_type=\"widget\" data-e-type=\"widget\" data-widget_type=\"text-editor.default\">\n\t\t\t\t<div class=\"elementor-widget-container\">\n\t\t\t\t\t\t\t\t\t<p>Are you a legal professional passionate about protecting the rights of individuals involved in road accidents across Europe? Look no further! Car Help Europe is seeking dedicated legal partners to join our mission of providing comprehensive legal coverage to travelers.<\/p>\t\t\t\t\t\t\t\t<\/div>\n\t\t\t\t<\/div>\n\t\t\t\t<div class=\"elementor-element elementor-element-ee21b1d elementor-widget elementor-widget-wpforms\" data-id=\"ee21b1d\" data-element_type=\"widget\" data-e-type=\"widget\" data-widget_type=\"wpforms.default\">\n\t\t\t\t<div class=\"elementor-widget-container\">\n\t\t\t\t\t<div class=\"wpforms-container \" id=\"wpforms-1842\"><form id=\"wpforms-form-1842\" class=\"wpforms-validate wpforms-form\" data-formid=\"1842\" method=\"post\" enctype=\"multipart\/form-data\" action=\"\/de\/wp-json\/wp\/v2\/pages\/1844\" data-token=\"fcef4b55ffeca5ed64c21a99687ae477\"><noscript class=\"wpforms-error-noscript\">Bitte aktiviere JavaScript in deinem Browser, um dieses Formular fertigzustellen.<\/noscript><div class=\"wpforms-field-container\"><div id=\"wpforms-1842-field_2-container\" class=\"wpforms-field wpforms-field-name\" data-field-id=\"2\"><label class=\"wpforms-field-label\" for=\"wpforms-1842-field_2\">Name <span class=\"wpforms-required-label\">*<\/span><\/label><div class=\"wpforms-field-row wpforms-field-large\"><div class=\"wpforms-field-row-block wpforms-first wpforms-one-half\"><input type=\"text\" id=\"wpforms-1842-field_2\" class=\"wpforms-field-name-first wpforms-field-required\" name=\"wpforms[fields][2][first]\" required><label for=\"wpforms-1842-field_2\" class=\"wpforms-field-sublabel after \">Vorname<\/label><\/div><div class=\"wpforms-field-row-block wpforms-one-half\"><input type=\"text\" id=\"wpforms-1842-field_2-last\" class=\"wpforms-field-name-last wpforms-field-required\" name=\"wpforms[fields][2][last]\" required><label for=\"wpforms-1842-field_2-last\" class=\"wpforms-field-sublabel after \">Nachname<\/label><\/div><\/div><\/div><div id=\"wpforms-1842-field_3-container\" class=\"wpforms-field wpforms-field-text\" data-field-id=\"3\"><label class=\"wpforms-field-label\" for=\"wpforms-1842-field_3\">Law Firm Name <span class=\"wpforms-required-label\">*<\/span><\/label><input type=\"text\" id=\"wpforms-1842-field_3\" class=\"wpforms-field-large wpforms-field-required\" name=\"wpforms[fields][3]\" placeholder=\"Law Firm Name\" required><\/div><div id=\"wpforms-1842-field_4-container\" class=\"wpforms-field wpforms-field-email\" data-field-id=\"4\"><label class=\"wpforms-field-label\" for=\"wpforms-1842-field_4\">Email <span class=\"wpforms-required-label\">*<\/span><\/label><input type=\"email\" id=\"wpforms-1842-field_4\" class=\"wpforms-field-large wpforms-field-required\" name=\"wpforms[fields][4]\" placeholder=\"email@example.com\" required><\/div><div id=\"wpforms-1842-field_5-container\" class=\"wpforms-field wpforms-field-phone\" data-field-id=\"5\"><label class=\"wpforms-field-label\" for=\"wpforms-1842-field_5\">Phone <span class=\"wpforms-required-label\">*<\/span><\/label><input type=\"tel\" id=\"wpforms-1842-field_5\" class=\"wpforms-field-large wpforms-field-required wpforms-smart-phone-field\" data-rule-smart-phone-field=\"true\" name=\"wpforms[fields][5]\" placeholder=\"+00 123-456-789\" required><\/div><div id=\"wpforms-1842-field_6-container\" class=\"wpforms-field wpforms-field-address\" data-field-id=\"6\"><label class=\"wpforms-field-label\" for=\"wpforms-1842-field_6\">Address <span class=\"wpforms-required-label\">*<\/span><\/label><div class=\"wpforms-field-row wpforms-field-large\"><div ><input type=\"text\" id=\"wpforms-1842-field_6\" class=\"wpforms-field-address-address1 wpforms-field-required\" name=\"wpforms[fields][6][address1]\" required><label for=\"wpforms-1842-field_6\" class=\"wpforms-field-sublabel after \">Adresse Zeile 1<\/label><\/div><\/div><div class=\"wpforms-field-row wpforms-field-large\"><div ><input type=\"text\" id=\"wpforms-1842-field_6-address2\" class=\"wpforms-field-address-address2\" name=\"wpforms[fields][6][address2]\" ><label for=\"wpforms-1842-field_6-address2\" class=\"wpforms-field-sublabel after \">Anschrift Zusatz<\/label><\/div><\/div><div class=\"wpforms-field-row wpforms-field-large\"><div class=\"wpforms-field-row-block wpforms-one-half wpforms-first\"><input type=\"text\" id=\"wpforms-1842-field_6-city\" class=\"wpforms-field-address-city wpforms-field-required\" name=\"wpforms[fields][6][city]\" placeholder=\"City\" required><label for=\"wpforms-1842-field_6-city\" class=\"wpforms-field-sublabel after \">Ort<\/label><\/div><div class=\"wpforms-field-row-block wpforms-one-half\"><input type=\"text\" id=\"wpforms-1842-field_6-state\" class=\"wpforms-field-address-state wpforms-field-required\" name=\"wpforms[fields][6][state]\" placeholder=\"State\" required><label for=\"wpforms-1842-field_6-state\" class=\"wpforms-field-sublabel after \">Region<\/label><\/div><\/div><div class=\"wpforms-field-row wpforms-field-large\"><div class=\"wpforms-field-row-block wpforms-one-half wpforms-first\"><input type=\"text\" id=\"wpforms-1842-field_6-postal\" class=\"wpforms-field-address-postal wpforms-field-required\" name=\"wpforms[fields][6][postal]\" placeholder=\"Postal Code\" required><label for=\"wpforms-1842-field_6-postal\" class=\"wpforms-field-sublabel after \">Postleitzahl<\/label><\/div><div class=\"wpforms-field-row-block wpforms-one-half\"><select id=\"wpforms-1842-field_6-country\" class=\"wpforms-field-address-country wpforms-field-required\" name=\"wpforms[fields][6][country]\" required><option value=\"AF\" >Afghanistan<\/option><option value=\"AL\" >Albanien<\/option><option value=\"DZ\" >Algerien<\/option><option value=\"AS\" >Amerikanisch-Samoa<\/option><option value=\"VI\" >Amerikanische Jungferninseln<\/option><option value=\"AD\" >Andorra<\/option><option value=\"AO\" >Angola<\/option><option value=\"AI\" >Anguilla<\/option><option value=\"AQ\" >Antarktika<\/option><option value=\"AG\" >Antigua und Barbuda<\/option><option value=\"AR\" >Argentinien<\/option><option value=\"AM\" >Armenien<\/option><option value=\"AW\" >Aruba<\/option><option value=\"AZ\" >Aserbaidschan<\/option><option value=\"AU\" >Australien<\/option><option value=\"BS\" >Bahamas<\/option><option value=\"BH\" >Bahrain<\/option><option value=\"BD\" >Bangladesch<\/option><option value=\"BB\" >Barbados<\/option><option value=\"BY\" >Belarus<\/option><option value=\"BE\" >Belgien<\/option><option value=\"BZ\" >Belize<\/option><option value=\"BJ\" >Benin<\/option><option value=\"BM\" >Bermuda<\/option><option value=\"BT\" >Bhutan<\/option><option value=\"BO\" >Bolivien (Plurinationaler Staat)<\/option><option value=\"BQ\" >Bonaire, Sint Eustatius und Saba<\/option><option value=\"BA\" >Bosnien und Herzegowina<\/option><option value=\"BW\" >Botswana<\/option><option value=\"BV\" >Bouvetinsel<\/option><option value=\"BR\" >Brasilien<\/option><option value=\"VG\" >Britische Jungferninseln<\/option><option value=\"IO\" >Britisches Territorium im Indischen Ozean<\/option><option value=\"BN\" >Brunei Darussalam<\/option><option value=\"BG\" >Bulgarien<\/option><option value=\"BF\" >Burkina Faso<\/option><option value=\"BI\" >Burundi<\/option><option value=\"CV\" >Cabo Verde<\/option><option value=\"CL\" >Chile<\/option><option value=\"CN\" >China<\/option><option value=\"CK\" >Cookinseln<\/option><option value=\"CR\" >Costa Rica<\/option><option value=\"CW\" >Cura\u00e7ao<\/option><option value=\"DE\" >Deutschland<\/option><option value=\"DM\" >Dominica<\/option><option value=\"DO\" >Dominikanische Republik<\/option><option value=\"DJ\" >Dschibuti<\/option><option value=\"DK\" >D\u00e4nemark<\/option><option value=\"EC\" >Ecuador<\/option><option value=\"SV\" >El Salvador<\/option><option value=\"CI\" >Elfenbeink\u00fcste<\/option><option value=\"ER\" >Eritrea<\/option><option value=\"EE\" >Estland<\/option><option value=\"SZ\" >Eswatini (K\u00f6nigreich)<\/option><option value=\"FK\" >Falklandinseln (Malwinen)<\/option><option value=\"FJ\" >Fidschi<\/option><option value=\"FI\" >Finnland<\/option><option value=\"FR\" >Frankreich<\/option><option value=\"GF\" >Franz\u00f6sisch-Guayana<\/option><option value=\"PF\" >Franz\u00f6sisch-Polynesien<\/option><option value=\"TF\" >Franz\u00f6sische S\u00fcd- und Antarktisgebiete<\/option><option value=\"FO\" >F\u00e4r\u00f6er<\/option><option value=\"GA\" >Gabun<\/option><option value=\"GM\" >Gambia<\/option><option value=\"GE\" >Georgia<\/option><option value=\"GH\" >Ghana<\/option><option value=\"GI\" >Gibraltar<\/option><option value=\"GD\" >Grenada<\/option><option value=\"GR\" >Griechenland<\/option><option value=\"GL\" >Gr\u00f6nland<\/option><option value=\"GP\" >Guadeloupe<\/option><option value=\"GU\" >Guam<\/option><option value=\"GT\" >Guatemala<\/option><option value=\"GG\" >Guernsey<\/option><option value=\"GN\" >Guinea<\/option><option value=\"GW\" >Guinea-Bissau<\/option><option value=\"GY\" >Guyana<\/option><option value=\"HT\" >Haiti<\/option><option value=\"HM\" >Heard und McDonaldinseln<\/option><option value=\"HN\" >Honduras<\/option><option value=\"HK\" >Hongkong<\/option><option value=\"IN\" >Indien<\/option><option value=\"ID\" >Indonesien<\/option><option value=\"IQ\" >Irak<\/option><option value=\"IR\" >Iran (Islamische Republik)<\/option><option value=\"IE\" >Irland<\/option><option value=\"IS\" >Island<\/option><option value=\"IM\" >Isle of Man<\/option><option value=\"IL\" >Israel<\/option><option value=\"IT\" >Italien<\/option><option value=\"JM\" >Jamaika<\/option><option value=\"JP\" >Japan<\/option><option value=\"YE\" >Jemen<\/option><option value=\"JE\" >Jersey<\/option><option value=\"JO\" >Jordanien<\/option><option value=\"KY\" >Kaimaninseln<\/option><option value=\"KH\" >Kambodscha<\/option><option value=\"CM\" >Kamerun<\/option><option value=\"CA\" >Kanada<\/option><option value=\"KZ\" >Kasachstan<\/option><option value=\"QA\" >Katar<\/option><option value=\"KE\" >Kenia<\/option><option value=\"KG\" >Kirgisistan<\/option><option value=\"KI\" >Kiribati<\/option><option value=\"CC\" >Kokosinseln (Keelinginseln)<\/option><option value=\"CO\" >Kolumbien<\/option><option value=\"KM\" >Komoren<\/option><option value=\"CD\" >Kongo (Demokratische Republik)<\/option><option value=\"CG\" >Kongo (Republik)<\/option><option value=\"KP\" >Korea (Demokratische Volksrepublik)<\/option><option value=\"KR\" >Korea (Republik)<\/option><option value=\"XK\" >Kosovo<\/option><option value=\"HR\" >Kroatien<\/option><option value=\"CU\" >Kuba<\/option><option value=\"KW\" >Kuwait<\/option><option value=\"LA\" >Laos (Demokratische Volksrepublik)<\/option><option value=\"LS\" >Lesotho<\/option><option value=\"LV\" >Lettland<\/option><option value=\"LB\" >Libanon<\/option><option value=\"LR\" >Liberia<\/option><option value=\"LY\" >Libyen<\/option><option value=\"LI\" >Liechtenstein<\/option><option value=\"LT\" >Litauen<\/option><option value=\"LU\" >Luxemburg<\/option><option value=\"MO\" >Macau<\/option><option value=\"MG\" >Madagaskar<\/option><option value=\"MW\" >Malawi<\/option><option value=\"MY\" >Malaysia<\/option><option value=\"MV\" >Malediven<\/option><option value=\"ML\" >Mali<\/option><option value=\"MT\" >Malta<\/option><option value=\"MA\" >Marokko<\/option><option value=\"MH\" >Marshallinseln<\/option><option value=\"MQ\" >Martinique<\/option><option value=\"MR\" >Mauretanien<\/option><option value=\"MU\" >Mauritius<\/option><option value=\"YT\" >Mayotte<\/option><option value=\"MX\" >Mexiko<\/option><option value=\"FM\" >Mikronesien<\/option><option value=\"MD\" >Moldau (Republik)<\/option><option value=\"MC\" >Monaco<\/option><option value=\"MN\" >Mongolei<\/option><option value=\"ME\" >Montenegro<\/option><option value=\"MS\" >Montserrat<\/option><option value=\"MZ\" >Mosambik<\/option><option value=\"MM\" >Myanmar<\/option><option value=\"NA\" >Namibia<\/option><option value=\"NR\" >Nauru<\/option><option value=\"NP\" >Nepal<\/option><option value=\"NC\" >Neukaledonien<\/option><option value=\"NZ\" >Neuseeland<\/option><option value=\"NI\" >Nicaragua<\/option><option value=\"NL\" >Niederlande<\/option><option value=\"NE\" >Niger<\/option><option value=\"NG\" >Nigeria<\/option><option value=\"NU\" >Niue<\/option><option value=\"MK\" >Nordmazedonien (Republik)<\/option><option value=\"NF\" >Norfolkinsel<\/option><option value=\"NO\" >Norwegen<\/option><option value=\"MP\" >N\u00f6rdliche Marianen<\/option><option value=\"OM\" >Oman<\/option><option value=\"TL\" >Osttimor<\/option><option value=\"PK\" >Pakistan<\/option><option value=\"PW\" >Palau<\/option><option value=\"PS\" >Pal\u00e4stina (Staat)<\/option><option value=\"PA\" >Panama<\/option><option value=\"PG\" >Papua-Neuguinea<\/option><option value=\"PY\" >Paraguay<\/option><option value=\"PE\" >Peru<\/option><option value=\"PH\" >Philippinen<\/option><option value=\"PN\" >Pitcairninseln<\/option><option value=\"PL\" >Polen<\/option><option value=\"PT\" >Portugal<\/option><option value=\"PR\" >Puerto Rico<\/option><option value=\"RW\" >Ruanda<\/option><option value=\"RO\" >Rum\u00e4nien<\/option><option value=\"RU\" >Russland<\/option><option value=\"RE\" >R\u00e9union<\/option><option value=\"BL\" >Saint-Barth\u00e9lemy<\/option><option value=\"PM\" >Saint-Pierre und Miquelon<\/option><option value=\"SB\" >Salomonen<\/option><option value=\"ZM\" >Sambia<\/option><option value=\"WS\" >Samoa<\/option><option value=\"SM\" >San Marino<\/option><option value=\"SA\" >Saudi-Arabien<\/option><option value=\"SE\" >Schweden<\/option><option value=\"CH\" >Schweiz<\/option><option value=\"SN\" >Senegal<\/option><option value=\"RS\" >Serbien<\/option><option value=\"SC\" >Seychellen<\/option><option value=\"SL\" >Sierra Leone<\/option><option value=\"ZW\" >Simbabwe<\/option><option value=\"SG\" >Singapur<\/option><option value=\"SX\" >Sint Maarten<\/option><option value=\"SK\" >Slowakei<\/option><option value=\"SI\" >Slowenien<\/option><option value=\"SO\" >Somalia<\/option><option value=\"ES\" >Spanien<\/option><option value=\"SJ\" >Spitzbergen und Jan Mayen<\/option><option value=\"LK\" >Sri Lanka<\/option><option value=\"SH\" >St. Helena, Ascension und Tristan da Cunha<\/option><option value=\"KN\" >St. Kitts und Nevis<\/option><option value=\"LC\" >St. Lucia<\/option><option value=\"MF\" >St. Martin (franz\u00f6sisch)<\/option><option value=\"VC\" >St. Vincent und die Grenadinen<\/option><option value=\"SD\" >Sudan<\/option><option value=\"SR\" >Surinam<\/option><option value=\"SY\" >Syrien (Arabische Republik)<\/option><option value=\"ST\" >S\u00e3o Tom\u00e9 und Pr\u00edncipe<\/option><option value=\"ZA\" >S\u00fcdafrika<\/option><option value=\"GS\" >S\u00fcdgeorgien und die S\u00fcdlichen Sandwichinseln<\/option><option value=\"SS\" >S\u00fcdsudan<\/option><option value=\"TJ\" >Tadschikistan<\/option><option value=\"TW\" >Taiwan, Province of China<\/option><option value=\"TZ\" >Tansania (Vereinigte Republik)<\/option><option value=\"TH\" >Thailand<\/option><option value=\"TG\" >Togo<\/option><option value=\"TK\" >Tokelau<\/option><option value=\"TO\" >Tonga<\/option><option value=\"TT\" >Trinidad und Tobago<\/option><option value=\"TD\" >Tschad<\/option><option value=\"CZ\" >Tschechien<\/option><option value=\"TN\" >Tunesien<\/option><option value=\"TR\" >Turkey<\/option><option value=\"TM\" >Turkmenistan<\/option><option value=\"TC\" >Turks- und Caicosinseln<\/option><option value=\"TV\" >Tuvalu<\/option><option value=\"US\" >USA<\/option><option value=\"UG\" >Uganda<\/option><option value=\"UA\" >Ukraine<\/option><option value=\"HU\" >Ungarn<\/option><option value=\"UM\" >United States Minor Outlying Islands<\/option><option value=\"UY\" >Uruguay<\/option><option value=\"UZ\" >Usbekistan<\/option><option value=\"VU\" >Vanuatu<\/option><option value=\"VA\" >Vatikanstadt (Staat)<\/option><option value=\"VE\" >Venezuela (Bolivarische Republik)<\/option><option value=\"AE\" >Vereinigte Arabische Emirate<\/option><option value=\"GB\" >Vereinigtes K\u00f6nigreich von Gro\u00dfbritannien und Nordirland<\/option><option value=\"VN\" >Vietnam<\/option><option value=\"WF\" >Wallis und Futuna<\/option><option value=\"CX\" >Weihnachtsinsel<\/option><option value=\"EH\" >Westsahara<\/option><option value=\"CF\" >Zentralafrikanische Republik<\/option><option value=\"CY\" >Zypern<\/option><option value=\"EG\" >\u00c4gypten<\/option><option value=\"GQ\" >\u00c4quatorialguinea<\/option><option value=\"ET\" >\u00c4thiopien<\/option><option value=\"AX\" >\u00c5landinseln<\/option><option value=\"AT\" >\u00d6sterreich<\/option><\/select><label for=\"wpforms-1842-field_6-country\" class=\"wpforms-field-sublabel after \">Land<\/label><\/div><\/div><\/div><div id=\"wpforms-1842-field_11-container\" class=\"wpforms-field wpforms-field-textarea\" data-field-id=\"11\"><label class=\"wpforms-field-label\" for=\"wpforms-1842-field_11\">Expertise the representing car passengers&#039; rights <span class=\"wpforms-required-label\">*<\/span><\/label><textarea id=\"wpforms-1842-field_11\" class=\"wpforms-field-large wpforms-field-required\" name=\"wpforms[fields][11]\" required><\/textarea><\/div><div id=\"wpforms-1842-field_12-container\" class=\"wpforms-field wpforms-field-checkbox\" data-field-id=\"12\"><ul id=\"wpforms-1842-field_12\" class=\"wpforms-field-required\"><li class=\"choice-1 depth-1\"><input type=\"checkbox\" id=\"wpforms-1842-field_12_1\" name=\"wpforms[fields][12][]\" value=\"I agree to the Privacy Statement\" required ><label class=\"wpforms-field-label-inline\" for=\"wpforms-1842-field_12_1\">I agree to the Privacy Statement<\/label><\/li><\/ul><\/div><\/div><div class=\"wpforms-submit-container\" ><input type=\"hidden\" name=\"wpforms[id]\" value=\"1842\"><input type=\"hidden\" name=\"wpforms[author]\" value=\"1\"><button type=\"submit\" name=\"wpforms[submit]\" class=\"wpforms-submit \" id=\"wpforms-submit-1842\" value=\"wpforms-submit\" aria-live=\"assertive\" data-alt-text=\"Sending...\" data-submit-text=\"Submit\">Submit<\/button><\/div><\/form><\/div>  <!-- .wpforms-container -->\t\t\t\t<\/div>\n\t\t\t\t<\/div>\n\t\t\t\t\t<\/div>\n\t\t<\/div>\n\t\t\t\t\t<\/div>\n\t\t<\/section>\n\t\t\t\t\t<\/div>\n\t\t<\/div>\n\t\t\t\t\t<\/div>\n\t\t<\/section>\n\t\t\t\t<\/div>\n\t\t","protected":false},"excerpt":{"rendered":"<p>Werden Sie Rechtspartner! Werden Sie Rechtspartner von Car Help Europe! Sind Sie Jurist\/in und setzen sich leidenschaftlich f\u00fcr die Rechte von Verkehrsunfallopfern in ganz Europa ein? Dann sind Sie bei uns genau richtig! Car Help Europe sucht engagierte Rechtspartner, die unsere Mission unterst\u00fctzen, Reisenden umfassenden Rechtsschutz zu bieten.<\/p>","protected":false},"author":1,"featured_media":0,"parent":0,"menu_order":0,"comment_status":"closed","ping_status":"closed","template":"","meta":{"site-sidebar-layout":"no-sidebar","site-content-layout":"page-builder","ast-site-content-layout":"full-width-container","site-content-style":"unboxed","site-sidebar-style":"unboxed","ast-global-header-display":"","ast-banner-title-visibility":"","ast-main-header-display":"","ast-hfb-above-header-display":"","ast-hfb-below-header-display":"","ast-hfb-mobile-header-display":"","site-post-title":"disabled","ast-breadcrumbs-content":"disabled","ast-featured-img":"disabled","footer-sml-layout":"","ast-disable-related-posts":"","theme-transparent-header-meta":"enabled","adv-header-id-meta":"","stick-header-meta":"","header-above-stick-meta":"","header-main-stick-meta":"","header-below-stick-meta":"","astra-migrate-meta-layouts":"set","ast-page-background-enabled":"default","ast-page-background-meta":{"desktop":{"background-color":"","background-image":"","background-repeat":"repeat","background-position":"center center","background-size":"auto","background-attachment":"scroll","background-type":"","background-media":"","overlay-type":"","overlay-color":"","overlay-opacity":"","overlay-gradient":""},"tablet":{"background-color":"","background-image":"","background-repeat":"repeat","background-position":"center center","background-size":"auto","background-attachment":"scroll","background-type":"","background-media":"","overlay-type":"","overlay-color":"","overlay-opacity":"","overlay-gradient":""},"mobile":{"background-color":"","background-image":"","background-repeat":"repeat","background-position":"center center","background-size":"auto","background-attachment":"scroll","background-type":"","background-media":"","overlay-type":"","overlay-color":"","overlay-opacity":"","overlay-gradient":""}},"ast-content-background-meta":{"desktop":{"background-color":"var(--ast-global-color-5)","background-image":"","background-repeat":"repeat","background-position":"center center","background-size":"auto","background-attachment":"scroll","background-type":"","background-media":"","overlay-type":"","overlay-color":"","overlay-opacity":"","overlay-gradient":""},"tablet":{"background-color":"var(--ast-global-color-5)","background-image":"","background-repeat":"repeat","background-position":"center center","background-size":"auto","background-attachment":"scroll","background-type":"","background-media":"","overlay-type":"","overlay-color":"","overlay-opacity":"","overlay-gradient":""},"mobile":{"background-color":"var(--ast-global-color-5)","background-image":"","background-repeat":"repeat","background-position":"center center","background-size":"auto","background-attachment":"scroll","background-type":"","background-media":"","overlay-type":"","overlay-color":"","overlay-opacity":"","overlay-gradient":""}},"footnotes":""},"class_list":["post-1844","page","type-page","status-publish","hentry"],"jetpack_sharing_enabled":true,"_links":{"self":[{"href":"https:\/\/carhelpeurope.com\/de\/wp-json\/wp\/v2\/pages\/1844","targetHints":{"allow":["GET"]}}],"collection":[{"href":"https:\/\/carhelpeurope.com\/de\/wp-json\/wp\/v2\/pages"}],"about":[{"href":"https:\/\/carhelpeurope.com\/de\/wp-json\/wp\/v2\/types\/page"}],"author":[{"embeddable":true,"href":"https:\/\/carhelpeurope.com\/de\/wp-json\/wp\/v2\/users\/1"}],"replies":[{"embeddable":true,"href":"https:\/\/carhelpeurope.com\/de\/wp-json\/wp\/v2\/comments?post=1844"}],"version-history":[{"count":1,"href":"https:\/\/carhelpeurope.com\/de\/wp-json\/wp\/v2\/pages\/1844\/revisions"}],"predecessor-version":[{"id":3207,"href":"https:\/\/carhelpeurope.com\/de\/wp-json\/wp\/v2\/pages\/1844\/revisions\/3207"}],"wp:attachment":[{"href":"https:\/\/carhelpeurope.com\/de\/wp-json\/wp\/v2\/media?parent=1844"}],"curies":[{"name":"wp","href":"https:\/\/api.w.org\/{rel}","templated":true}]}}