{"id":2094,"date":"2023-07-14T20:43:24","date_gmt":"2023-07-14T20:43:24","guid":{"rendered":"https:\/\/carhelpeurope.com\/?post_type=product&#038;p=2094"},"modified":"2025-01-26T22:09:56","modified_gmt":"2025-01-26T22:09:56","slug":"short-term-plan","status":"publish","type":"product","link":"https:\/\/carhelpeurope.com\/de\/produkt\/short-term-plan\/","title":{"rendered":"Kurzfristiger Plan"},"content":{"rendered":"<p><strong>Reisen Sie beruhigt durch Europa mit unserem kurzfristigen Rechtsschutzplan<\/strong><\/p>\n<p>Unser Kurzzeitplan ist perfekt f\u00fcr kurze Reisen und bietet zuverl\u00e4ssigen Rechtsschutz f\u00fcr Reisen von 1 bis 7 Tagen. F\u00fcr nur 10 \u20ac pro Person stellt dieses Paket sicher, dass Sie bei unerwarteten rechtlichen Herausforderungen w\u00e4hrend Ihrer Reise Zugang zu fachkundiger Unterst\u00fctzung haben.<\/p>\n<h3><strong>Hauptmerkmale<\/strong><\/h3>\n<p><strong>Rechtsschutz f\u00fcr 1 bis 7 Tage<\/strong><br \/>\nDieser auf Kurzreisen zugeschnittene Plan stellt sicher, dass Sie auf jede m\u00f6gliche rechtliche Situation vorbereitet sind, egal wie kurz Ihre Reise ist.<\/p>\n<p><strong>Personalisierter Versicherungsschutz f\u00fcr eine Einzelperson<\/strong><br \/>\nDer Plan ist ideal f\u00fcr Alleinreisende und bietet ma\u00dfgeschneiderte Rechtsberatung, die Ihren spezifischen Bed\u00fcrfnissen gerecht wird.<\/p>\n<p><strong>24\/7-Experten-Support-Hotline<\/strong><br \/>\nUnser engagiertes Rechtsteam steht Ihnen rund um die Uhr zur Verf\u00fcgung, um Fragen zu beantworten, Ratschl\u00e4ge zu erteilen und sich um alle rechtlichen Belange zu k\u00fcmmern.<\/p>\n<p><strong>Prozesskostenhilfe bei einem Verkehrsunfall<\/strong><br \/>\nEgal, ob es sich um einen kleinen Zwischenfall oder eine komplexe Situation handelt, unsere Rechtsexperten sind f\u00fcr Sie da, um Sie durch die \u00f6rtlichen Vorschriften zu f\u00fchren und Ihre Interessen zu sch\u00fctzen.<\/p>\n<p><strong>24\/7 Notfall-Hotline<\/strong><br \/>\nSofortige Unterst\u00fctzung ist nur einen Anruf entfernt. So ist sichergestellt, dass immer Hilfe verf\u00fcgbar ist, wenn Sie sie am meisten brauchen.<\/p>\n<hr \/>\n<h3><strong>Warum den kurzfristigen Plan w\u00e4hlen?<\/strong><\/h3>\n<p>Dieses Paket ist perfekt f\u00fcr:<\/p>\n<ul>\n<li>Fahrer, die kurze Roadtrips durch Europa unternehmen.<\/li>\n<li>Reisende, die einen erschwinglichen und vor\u00fcbergehenden Rechtsschutz suchen.<\/li>\n<li>F\u00fcr alle, die bei Kurzreisen Wert auf Sicherheit und Komfort legen.<\/li>\n<\/ul>\n<hr \/>\n<h3><strong>Erschwinglicher Schutz, ma\u00dfgeschneidert f\u00fcr Kurzreisen<\/strong><\/h3>\n<p>F\u00fcr nur 10 \u20ac pro Person bietet der Kurzzeitplan wichtigen Rechtsschutz f\u00fcr Reisen von bis zu 7 Tagen Dauer. Lassen Sie nicht zu, dass rechtliche Unsicherheiten Ihre Pl\u00e4ne durchkreuzen \u2013 verlassen Sie sich auf uns, wir k\u00fcmmern uns um die Komplexit\u00e4t, damit Sie sich ganz auf das Genie\u00dfen Ihrer Reise konzentrieren k\u00f6nnen.<\/p>","protected":false},"excerpt":{"rendered":"<ul>\n<li>10\u20ac\/pro Person<\/li>\n<li class=\"elementor-repeater-item-2cdb487\">1 bis 7 Tage gesetzlicher Versicherungsschutz<\/li>\n<li class=\"elementor-repeater-item-706b376\">24\/7-Support<\/li>\n<li class=\"elementor-repeater-item-1613799\">Rechtshilfe bei einem Verkehrsunfall<\/li>\n<li class=\"elementor-repeater-item-c660d14\">24\/7-Notrufnummer<\/li>\n<\/ul>","protected":false},"featured_media":3063,"comment_status":"closed","ping_status":"closed","template":"","meta":{"site-sidebar-layout":"default","site-content-layout":"default","ast-site-content-layout":"default","site-content-style":"default","site-sidebar-style":"default","ast-global-header-display":"","ast-banner-title-visibility":"","ast-main-header-display":"","ast-hfb-above-header-display":"","ast-hfb-below-header-display":"","ast-hfb-mobile-header-display":"","site-post-title":"","ast-breadcrumbs-content":"","ast-featured-img":"","footer-sml-layout":"","ast-disable-related-posts":"","theme-transparent-header-meta":"default","adv-header-id-meta":"","stick-header-meta":"","header-above-stick-meta":"","header-main-stick-meta":"","header-below-stick-meta":"","astra-migrate-meta-layouts":"set","ast-page-background-enabled":"default","ast-page-background-meta":{"desktop":{"background-color":"","background-image":"","background-repeat":"repeat","background-position":"center center","background-size":"auto","background-attachment":"scroll","background-type":"","background-media":"","overlay-type":"","overlay-color":"","overlay-opacity":"","overlay-gradient":""},"tablet":{"background-color":"","background-image":"","background-repeat":"repeat","background-position":"center center","background-size":"auto","background-attachment":"scroll","background-type":"","background-media":"","overlay-type":"","overlay-color":"","overlay-opacity":"","overlay-gradient":""},"mobile":{"background-color":"","background-image":"","background-repeat":"repeat","background-position":"center center","background-size":"auto","background-attachment":"scroll","background-type":"","background-media":"","overlay-type":"","overlay-color":"","overlay-opacity":"","overlay-gradient":""}},"ast-content-background-meta":{"desktop":{"background-color":"var(--ast-global-color-5)","background-image":"","background-repeat":"repeat","background-position":"center center","background-size":"auto","background-attachment":"scroll","background-type":"","background-media":"","overlay-type":"","overlay-color":"","overlay-opacity":"","overlay-gradient":""},"tablet":{"background-color":"var(--ast-global-color-5)","background-image":"","background-repeat":"repeat","background-position":"center center","background-size":"auto","background-attachment":"scroll","background-type":"","background-media":"","overlay-type":"","overlay-color":"","overlay-opacity":"","overlay-gradient":""},"mobile":{"background-color":"var(--ast-global-color-5)","background-image":"","background-repeat":"repeat","background-position":"center center","background-size":"auto","background-attachment":"scroll","background-type":"","background-media":"","overlay-type":"","overlay-color":"","overlay-opacity":"","overlay-gradient":""}}},"product_brand":[],"product_cat":[43],"product_tag":[],"class_list":{"0":"post-2094","1":"product","2":"type-product","3":"status-publish","4":"has-post-thumbnail","6":"product_cat-tourist-plans","7":"desktop-align-left","8":"tablet-align-left","9":"mobile-align-left","11":"first","12":"instock","13":"virtual","14":"purchasable","15":"product-type-simple"},"jetpack_sharing_enabled":true,"_links":{"self":[{"href":"https:\/\/carhelpeurope.com\/de\/wp-json\/wp\/v2\/product\/2094","targetHints":{"allow":["GET"]}}],"collection":[{"href":"https:\/\/carhelpeurope.com\/de\/wp-json\/wp\/v2\/product"}],"about":[{"href":"https:\/\/carhelpeurope.com\/de\/wp-json\/wp\/v2\/types\/product"}],"replies":[{"embeddable":true,"href":"https:\/\/carhelpeurope.com\/de\/wp-json\/wp\/v2\/comments?post=2094"}],"wp:featuredmedia":[{"embeddable":true,"href":"https:\/\/carhelpeurope.com\/de\/wp-json\/wp\/v2\/media\/3063"}],"wp:attachment":[{"href":"https:\/\/carhelpeurope.com\/de\/wp-json\/wp\/v2\/media?parent=2094"}],"wp:term":[{"taxonomy":"product_brand","embeddable":true,"href":"https:\/\/carhelpeurope.com\/de\/wp-json\/wp\/v2\/product_brand?post=2094"},{"taxonomy":"product_cat","embeddable":true,"href":"https:\/\/carhelpeurope.com\/de\/wp-json\/wp\/v2\/product_cat?post=2094"},{"taxonomy":"product_tag","embeddable":true,"href":"https:\/\/carhelpeurope.com\/de\/wp-json\/wp\/v2\/product_tag?post=2094"}],"curies":[{"name":"wp","href":"https:\/\/api.w.org\/{rel}","templated":true}]}}