{"id":2095,"date":"2023-07-14T20:45:39","date_gmt":"2023-07-14T20:45:39","guid":{"rendered":"https:\/\/carhelpeurope.com\/?post_type=product&#038;p=2095"},"modified":"2025-01-26T22:33:10","modified_gmt":"2025-01-26T22:33:10","slug":"family-plan","status":"publish","type":"product","link":"https:\/\/carhelpeurope.com\/de\/produkt\/family-plan\/","title":{"rendered":"Familienplan"},"content":{"rendered":"<p><strong>Reisen Sie beruhigt durch Europa mit unserem Familien-Rechtsschutzpaket<\/strong><\/p>\n<p>Begeben Sie sich auf Ihre Abenteuer in Europa mit der Gewissheit, dass Ihre ganze Familie gegen unerwartete rechtliche Herausforderungen gesch\u00fctzt ist. Unser Familienplan bietet umfassenden Schutz f\u00fcr nur 35 \u20ac pro Familie und stellt bei Bedarf kompetente Rechtsberatung sicher, sodass Sie sich ohne Sorgen auf das Schaffen von Erinnerungen konzentrieren k\u00f6nnen.<\/p>\n<h3><strong>Hauptmerkmale<\/strong><\/h3>\n<p><strong>30 Tage umfassender Rechtsschutz<\/strong><br \/>\nGenie\u00dfen Sie 30 aufeinanderfolgende Tage lang umfassenden Rechtsschutz und geben Sie Ihrer Familie die Sicherheit, mit jeder rechtlichen Situation umzugehen, die w\u00e4hrend Ihrer Reise auftreten kann.<\/p>\n<p><strong>Absicherung f\u00fcr Familienmitglieder<\/strong><br \/>\nDieser Plan ist auf Familien zugeschnitten und bietet rechtliche Unterst\u00fctzung f\u00fcr Erwachsene und Minderj\u00e4hrige. Er ist somit ideal f\u00fcr Gruppenreisen oder Familienurlaube.<\/p>\n<p><strong>24\/7-Experten-Support-Hotline<\/strong><br \/>\nUnser engagiertes Rechtsteam steht Ihnen rund um die Uhr zur Verf\u00fcgung, um professionelle Beratung zu leisten, Anfragen zu beantworten und s\u00e4mtliche Rechtsprobleme zu l\u00f6sen.<\/p>\n<p><strong>Prozesskostenhilfe bei einem Verkehrsunfall<\/strong><br \/>\nEgal, ob es sich um einen kleinen Blechschaden oder einen komplexeren Vorfall handelt, unsere Rechtsexperten vertreten die Interessen Ihrer Familie und helfen Ihnen, sich im Rahmen der \u00f6rtlichen Vorschriften zurechtzufinden.<\/p>\n<p><strong>24\/7 Notfall-Hotline<\/strong><br \/>\nSofortige Hilfe ist immer nur einen Anruf entfernt. Von kleinen Sorgen bis hin zu dringenden Problemen steht Ihnen jederzeit Hilfe zur Verf\u00fcgung.<\/p>\n<hr \/>\n<h3><strong>Warum den Familienplan w\u00e4hlen?<\/strong><\/h3>\n<p>Dieses Paket ist perfekt f\u00fcr:<\/p>\n<ul>\n<li>Familien, die Autoreisen durch Europa planen und Wert auf Sicherheit und Seelenfrieden legen.<\/li>\n<li>Eltern, die nach einem erschwinglichen und zuverl\u00e4ssigen Rechtsschutz f\u00fcr ihre Liebsten suchen.<\/li>\n<li>Reisende, die w\u00e4hrend ihrer gesamten Reise eine umfassende Betreuung w\u00fcnschen.<\/li>\n<\/ul>\n<hr \/>\n<h3><strong>Erschwinglicher Schutz, un\u00fcbertroffener Support<\/strong><\/h3>\n<p>F\u00fcr nur 35 \u20ac pro Familie bietet der Familienplan hochwertigen Rechtsschutz, der Ihnen ein sorgenfreies Reisen erm\u00f6glicht. Lassen Sie nicht zu, dass rechtliche Unsicherheiten die Abenteuer Ihrer Familie beeintr\u00e4chtigen \u2013 vertrauen Sie darauf, dass wir uns um die Komplexit\u00e4t k\u00fcmmern, damit Sie sich ganz auf das gemeinsame Genie\u00dfen Ihrer Reise konzentrieren k\u00f6nnen.<\/p>","protected":false},"excerpt":{"rendered":"<ul>\n<li>35\u20ac\/pro Familie<\/li>\n<li>30 Tage Rechtsschutz<\/li>\n<li>24\/7-Support<\/li>\n<li>Rechtshilfe bei einem Verkehrsunfall<\/li>\n<li>24\/7-Notrufnummer<\/li>\n<\/ul>","protected":false},"featured_media":3061,"comment_status":"closed","ping_status":"closed","template":"","meta":{"site-sidebar-layout":"default","site-content-layout":"default","ast-site-content-layout":"default","site-content-style":"default","site-sidebar-style":"default","ast-global-header-display":"","ast-banner-title-visibility":"","ast-main-header-display":"","ast-hfb-above-header-display":"","ast-hfb-below-header-display":"","ast-hfb-mobile-header-display":"","site-post-title":"","ast-breadcrumbs-content":"","ast-featured-img":"","footer-sml-layout":"","ast-disable-related-posts":"","theme-transparent-header-meta":"default","adv-header-id-meta":"","stick-header-meta":"","header-above-stick-meta":"","header-main-stick-meta":"","header-below-stick-meta":"","astra-migrate-meta-layouts":"set","ast-page-background-enabled":"default","ast-page-background-meta":{"desktop":{"background-color":"","background-image":"","background-repeat":"repeat","background-position":"center center","background-size":"auto","background-attachment":"scroll","background-type":"","background-media":"","overlay-type":"","overlay-color":"","overlay-opacity":"","overlay-gradient":""},"tablet":{"background-color":"","background-image":"","background-repeat":"repeat","background-position":"center center","background-size":"auto","background-attachment":"scroll","background-type":"","background-media":"","overlay-type":"","overlay-color":"","overlay-opacity":"","overlay-gradient":""},"mobile":{"background-color":"","background-image":"","background-repeat":"repeat","background-position":"center center","background-size":"auto","background-attachment":"scroll","background-type":"","background-media":"","overlay-type":"","overlay-color":"","overlay-opacity":"","overlay-gradient":""}},"ast-content-background-meta":{"desktop":{"background-color":"var(--ast-global-color-5)","background-image":"","background-repeat":"repeat","background-position":"center center","background-size":"auto","background-attachment":"scroll","background-type":"","background-media":"","overlay-type":"","overlay-color":"","overlay-opacity":"","overlay-gradient":""},"tablet":{"background-color":"var(--ast-global-color-5)","background-image":"","background-repeat":"repeat","background-position":"center center","background-size":"auto","background-attachment":"scroll","background-type":"","background-media":"","overlay-type":"","overlay-color":"","overlay-opacity":"","overlay-gradient":""},"mobile":{"background-color":"var(--ast-global-color-5)","background-image":"","background-repeat":"repeat","background-position":"center center","background-size":"auto","background-attachment":"scroll","background-type":"","background-media":"","overlay-type":"","overlay-color":"","overlay-opacity":"","overlay-gradient":""}}},"product_brand":[],"product_cat":[43],"product_tag":[],"class_list":{"0":"post-2095","1":"product","2":"type-product","3":"status-publish","4":"has-post-thumbnail","6":"product_cat-tourist-plans","7":"desktop-align-left","8":"tablet-align-left","9":"mobile-align-left","11":"first","12":"instock","13":"virtual","14":"purchasable","15":"product-type-simple"},"jetpack_sharing_enabled":true,"_links":{"self":[{"href":"https:\/\/carhelpeurope.com\/de\/wp-json\/wp\/v2\/product\/2095","targetHints":{"allow":["GET"]}}],"collection":[{"href":"https:\/\/carhelpeurope.com\/de\/wp-json\/wp\/v2\/product"}],"about":[{"href":"https:\/\/carhelpeurope.com\/de\/wp-json\/wp\/v2\/types\/product"}],"replies":[{"embeddable":true,"href":"https:\/\/carhelpeurope.com\/de\/wp-json\/wp\/v2\/comments?post=2095"}],"wp:featuredmedia":[{"embeddable":true,"href":"https:\/\/carhelpeurope.com\/de\/wp-json\/wp\/v2\/media\/3061"}],"wp:attachment":[{"href":"https:\/\/carhelpeurope.com\/de\/wp-json\/wp\/v2\/media?parent=2095"}],"wp:term":[{"taxonomy":"product_brand","embeddable":true,"href":"https:\/\/carhelpeurope.com\/de\/wp-json\/wp\/v2\/product_brand?post=2095"},{"taxonomy":"product_cat","embeddable":true,"href":"https:\/\/carhelpeurope.com\/de\/wp-json\/wp\/v2\/product_cat?post=2095"},{"taxonomy":"product_tag","embeddable":true,"href":"https:\/\/carhelpeurope.com\/de\/wp-json\/wp\/v2\/product_tag?post=2095"}],"curies":[{"name":"wp","href":"https:\/\/api.w.org\/{rel}","templated":true}]}}