{"id":1730,"date":"2023-06-03T13:35:53","date_gmt":"2023-06-03T13:35:53","guid":{"rendered":"https:\/\/carhelpeurope.com\/?page_id=1730"},"modified":"2025-01-27T00:50:10","modified_gmt":"2025-01-27T00:50:10","slug":"plan-your-trip","status":"publish","type":"page","link":"https:\/\/carhelpeurope.com\/ro\/plan-your-trip\/","title":{"rendered":"Planifica\u021bi-v\u0103 c\u0103l\u0103toria"},"content":{"rendered":"<div data-elementor-type=\"wp-page\" data-elementor-id=\"1730\" class=\"elementor elementor-1730\" data-elementor-post-type=\"page\">\n\t\t\t\t\t\t<section class=\"elementor-section elementor-top-section elementor-element elementor-element-f6c6c7c elementor-section-boxed elementor-section-height-default elementor-section-height-default\" data-id=\"f6c6c7c\" data-element_type=\"section\" data-e-type=\"section\" data-settings=\"{&quot;background_background&quot;:&quot;classic&quot;}\">\n\t\t\t\t\t\t<div class=\"elementor-container elementor-column-gap-no\">\n\t\t\t\t\t<div class=\"elementor-column elementor-col-100 elementor-top-column elementor-element elementor-element-03c152a\" data-id=\"03c152a\" data-element_type=\"column\" data-e-type=\"column\">\n\t\t\t<div class=\"elementor-widget-wrap elementor-element-populated\">\n\t\t\t\t\t\t<div class=\"elementor-element elementor-element-2e9d5fb elementor-widget elementor-widget-heading\" data-id=\"2e9d5fb\" data-element_type=\"widget\" data-e-type=\"widget\" data-widget_type=\"heading.default\">\n\t\t\t\t<div class=\"elementor-widget-container\">\n\t\t\t\t\t<h1 class=\"elementor-heading-title elementor-size-default\">Planifica\u021bi-v\u0103 c\u0103l\u0103toria<\/h1>\t\t\t\t<\/div>\n\t\t\t\t<\/div>\n\t\t\t\t\t<\/div>\n\t\t<\/div>\n\t\t\t\t\t<\/div>\n\t\t<\/section>\n\t\t\t\t<section class=\"elementor-section elementor-top-section elementor-element elementor-element-5f889d6 elementor-section-boxed elementor-section-height-default elementor-section-height-default\" data-id=\"5f889d6\" data-element_type=\"section\" data-e-type=\"section\" data-settings=\"{&quot;background_background&quot;:&quot;classic&quot;}\">\n\t\t\t\t\t\t<div class=\"elementor-container elementor-column-gap-no\">\n\t\t\t\t\t<div class=\"elementor-column elementor-col-50 elementor-top-column elementor-element elementor-element-c0af683\" data-id=\"c0af683\" data-element_type=\"column\" data-e-type=\"column\" data-settings=\"{&quot;background_background&quot;:&quot;classic&quot;}\">\n\t\t\t<div class=\"elementor-widget-wrap elementor-element-populated\">\n\t\t\t\t\t\t<div class=\"elementor-element elementor-element-9bc5ead elementor-widget elementor-widget-heading\" data-id=\"9bc5ead\" data-element_type=\"widget\" data-e-type=\"widget\" data-widget_type=\"heading.default\">\n\t\t\t\t<div class=\"elementor-widget-container\">\n\t\t\t\t\t<h2 class=\"elementor-heading-title elementor-size-default\">Planific\u0103 acum pentru lini\u0219te sufleteasc\u0103<\/h2>\t\t\t\t<\/div>\n\t\t\t\t<\/div>\n\t\t\t\t<div class=\"elementor-element elementor-element-cae79fa elementor-widget elementor-widget-text-editor\" data-id=\"cae79fa\" data-element_type=\"widget\" data-e-type=\"widget\" data-widget_type=\"text-editor.default\">\n\t\t\t\t<div class=\"elementor-widget-container\">\n\t\t\t\t\t\t\t\t\t<p>La Car Help Europe (CHE), ne angaj\u0103m s\u0103 v\u0103 \u00eembun\u0103t\u0103\u021bim experien\u021ba de c\u0103l\u0103torie \u0219i nu am putea face asta singuri. De aceea, am colaborat cu lideri de \u00eencredere din industria de turism care \u00eemp\u0103rt\u0103\u0219esc viziunea noastr\u0103 de a oferi vacan\u021be f\u0103r\u0103 probleme \u0219i f\u0103r\u0103 griji.<\/p>\n<p>Partenerii no\u0219tri de c\u0103l\u0103torie fac peste \u0219i mai mult pentru a minimiza \u00eentreruperile, asigur\u00e2ndu-v\u0103 c\u0103 v\u0103 pute\u021bi bucura de c\u0103l\u0103toria cu lini\u0219te. De la hoteluri care ofer\u0103 politici de anulare gratuit\u0103 pentru a v\u0103 proteja planurile, p\u00e2n\u0103 la servicii de protec\u021bie a zborurilor care acoper\u0103 conexiunile pierdute, partenerii no\u0219tri v-au asigurat. Ai nevoie de sfaturi \u0219i recomand\u0103ri din partea localnicilor? Au \u0219i asta.<\/p>\n<p>Cu sprijinul partenerilor no\u0219tri de c\u0103l\u0103torie, cre\u0103m un ecosistem cuprinz\u0103tor care acord\u0103 prioritate confortului \u0219i confortului dumneavoastr\u0103. \u00cempreun\u0103, ne str\u0103duim s\u0103 v\u0103 \u00eembun\u0103t\u0103\u021bim experien\u021ba de c\u0103l\u0103torie, oferind un amestec perfect de acoperire legal\u0103 excep\u021bional\u0103 \u0219i servicii de c\u0103l\u0103torie. A\u0219adar, sta\u021bi pe loc, relaxa\u021bi-v\u0103 \u0219i l\u0103sa\u021bi-ne pe noi \u0219i pe partenerii no\u0219tri de \u00eencredere s\u0103 ne ocup\u0103m de detalii, permi\u021b\u00e2ndu-v\u0103 s\u0103 v\u0103 concentra\u021bi pe crearea unor amintiri de neuitat \u00een timpul vacan\u021bei f\u0103r\u0103 griji.<\/p>\t\t\t\t\t\t\t\t<\/div>\n\t\t\t\t<\/div>\n\t\t\t\t\t<\/div>\n\t\t<\/div>\n\t\t\t\t<div class=\"elementor-column elementor-col-50 elementor-top-column elementor-element elementor-element-9531966\" data-id=\"9531966\" data-element_type=\"column\" data-e-type=\"column\" data-settings=\"{&quot;background_background&quot;:&quot;classic&quot;}\">\n\t\t\t<div class=\"elementor-widget-wrap elementor-element-populated\">\n\t\t\t\t\t\t<div class=\"elementor-element elementor-element-6031ad7 elementor-widget elementor-widget-image\" data-id=\"6031ad7\" data-element_type=\"widget\" data-e-type=\"widget\" data-widget_type=\"image.default\">\n\t\t\t\t<div class=\"elementor-widget-container\">\n\t\t\t\t\t\t\t\t\t\t\t\t\t\t\t<img fetchpriority=\"high\" decoding=\"async\" width=\"1024\" height=\"683\" src=\"https:\/\/carhelpeurope.com\/wp-content\/uploads\/2023\/05\/carhelplegal-1024x683.jpg\" class=\"attachment-large size-large wp-image-1528\" alt=\"plan your trip with car help europe\" srcset=\"https:\/\/carhelpeurope.com\/wp-content\/uploads\/2023\/05\/carhelplegal-1024x683.jpg 1024w, https:\/\/carhelpeurope.com\/wp-content\/uploads\/2023\/05\/carhelplegal-scaled-600x400.jpg 600w, https:\/\/carhelpeurope.com\/wp-content\/uploads\/2023\/05\/carhelplegal-300x200.jpg 300w, https:\/\/carhelpeurope.com\/wp-content\/uploads\/2023\/05\/carhelplegal-768x512.jpg 768w, https:\/\/carhelpeurope.com\/wp-content\/uploads\/2023\/05\/carhelplegal-1536x1024.jpg 1536w, https:\/\/carhelpeurope.com\/wp-content\/uploads\/2023\/05\/carhelplegal-2048x1365.jpg 2048w\" sizes=\"(max-width: 1024px) 100vw, 1024px\" title=\"\">\t\t\t\t\t\t\t\t\t\t\t\t\t\t\t<\/div>\n\t\t\t\t<\/div>\n\t\t\t\t\t<\/div>\n\t\t<\/div>\n\t\t\t\t\t<\/div>\n\t\t<\/section>\n\t\t\t\t<section class=\"elementor-section elementor-top-section elementor-element elementor-element-ee54d7b elementor-section-boxed elementor-section-height-default elementor-section-height-default\" data-id=\"ee54d7b\" data-element_type=\"section\" data-e-type=\"section\" data-settings=\"{&quot;background_background&quot;:&quot;classic&quot;}\">\n\t\t\t\t\t\t<div class=\"elementor-container elementor-column-gap-no\">\n\t\t\t\t\t<div class=\"elementor-column elementor-col-100 elementor-top-column elementor-element elementor-element-afc287f\" data-id=\"afc287f\" data-element_type=\"column\" data-e-type=\"column\">\n\t\t\t<div class=\"elementor-widget-wrap elementor-element-populated\">\n\t\t\t\t\t\t<div class=\"elementor-element elementor-element-a01fd08 elementor-widget elementor-widget-heading\" data-id=\"a01fd08\" data-element_type=\"widget\" data-e-type=\"widget\" data-widget_type=\"heading.default\">\n\t\t\t\t<div class=\"elementor-widget-container\">\n\t\t\t\t\t<h2 class=\"elementor-heading-title elementor-size-default\">Partenerii no\u0219tri de c\u0103l\u0103torie<\/h2>\t\t\t\t<\/div>\n\t\t\t\t<\/div>\n\t\t\t\t<section class=\"elementor-section elementor-inner-section elementor-element elementor-element-936132b elementor-section-boxed elementor-section-height-default elementor-section-height-default\" data-id=\"936132b\" data-element_type=\"section\" data-e-type=\"section\">\n\t\t\t\t\t\t<div class=\"elementor-container elementor-column-gap-no\">\n\t\t\t\t\t<div class=\"elementor-column elementor-col-33 elementor-inner-column elementor-element elementor-element-d16e9ed\" data-id=\"d16e9ed\" data-element_type=\"column\" data-e-type=\"column\" data-settings=\"{&quot;background_background&quot;:&quot;classic&quot;}\">\n\t\t\t<div class=\"elementor-widget-wrap elementor-element-populated\">\n\t\t\t\t\t\t<div class=\"elementor-element elementor-element-d440cf4 elementor-widget elementor-widget-heading\" data-id=\"d440cf4\" data-element_type=\"widget\" data-e-type=\"widget\" data-widget_type=\"heading.default\">\n\t\t\t\t<div class=\"elementor-widget-container\">\n\t\t\t\t\t<h3 class=\"elementor-heading-title elementor-size-default\"><a href=\"http:\/\/booking.com\" target=\"_blank\" rel=\"noopener\">Booking.com<\/a><\/h3>\t\t\t\t<\/div>\n\t\t\t\t<\/div>\n\t\t\t\t<div class=\"elementor-element elementor-element-a4fd84f elementor-widget elementor-widget-text-editor\" data-id=\"a4fd84f\" data-element_type=\"widget\" data-e-type=\"widget\" data-widget_type=\"text-editor.default\">\n\t\t\t\t<div class=\"elementor-widget-container\">\n\t\t\t\t\t\t\t\t\t<p>Ofer\u0103 o gam\u0103 uimitoare de posibilit\u0103\u021bi de anulare \u0219i intervale de timp pentru a \u00eencerca s\u0103 v\u0103 asigura\u021bi c\u0103 pute\u021bi rezerva inteligent \u2013 permi\u021b\u00e2ndu-v\u0103 flexibilitate atunci c\u00e2nd planifica\u021bi \u0219i \u0219ansa de a schimba rezerv\u0103rile atunci c\u00e2nd lucrurile nu merg conform planului.<\/p>\t\t\t\t\t\t\t\t<\/div>\n\t\t\t\t<\/div>\n\t\t\t\t<div class=\"elementor-element elementor-element-2682884 elementor-align-center elementor-widget elementor-widget-button\" data-id=\"2682884\" data-element_type=\"widget\" data-e-type=\"widget\" data-widget_type=\"button.default\">\n\t\t\t\t<div class=\"elementor-widget-container\">\n\t\t\t\t\t\t\t\t\t<div class=\"elementor-button-wrapper\">\n\t\t\t\t\t<a class=\"elementor-button elementor-button-link elementor-size-sm\" href=\"https:\/\/www.booking.com\/index.html?aid=7994786\" target=\"_blank\" rel=\"noopener\">\n\t\t\t\t\t\t<span class=\"elementor-button-content-wrapper\">\n\t\t\t\t\t\t\t\t\t<span class=\"elementor-button-text\">Rezerva acum<\/span>\n\t\t\t\t\t<\/span>\n\t\t\t\t\t<\/a>\n\t\t\t\t<\/div>\n\t\t\t\t\t\t\t\t<\/div>\n\t\t\t\t<\/div>\n\t\t\t\t\t<\/div>\n\t\t<\/div>\n\t\t\t\t<div class=\"elementor-column elementor-col-33 elementor-inner-column elementor-element elementor-element-642e7b5\" data-id=\"642e7b5\" data-element_type=\"column\" data-e-type=\"column\" data-settings=\"{&quot;background_background&quot;:&quot;classic&quot;}\">\n\t\t\t<div class=\"elementor-widget-wrap elementor-element-populated\">\n\t\t\t\t\t\t<div class=\"elementor-element elementor-element-eb427f3 elementor-widget elementor-widget-heading\" data-id=\"eb427f3\" data-element_type=\"widget\" data-e-type=\"widget\" data-widget_type=\"heading.default\">\n\t\t\t\t<div class=\"elementor-widget-container\">\n\t\t\t\t\t<h5 class=\"elementor-heading-title elementor-size-default\"><a href=\"https:\/\/wanderlog.com\/plan\/create\" target=\"_blank\" rel=\"noopener\">Wanderlog<\/a><\/h5>\t\t\t\t<\/div>\n\t\t\t\t<\/div>\n\t\t\t\t<div class=\"elementor-element elementor-element-7b509b0 elementor-widget elementor-widget-text-editor\" data-id=\"7b509b0\" data-element_type=\"widget\" data-e-type=\"widget\" data-widget_type=\"text-editor.default\">\n\t\t\t\t<div class=\"elementor-widget-container\">\n\t\t\t\t\t\t\t\t\t<div class=\"x-el c1-1 c1-2 c1-1a c1-1b c1-7h c1-1d c1-1e c1-9i c1-9j c1-b c1-8g c1-9k c1-1h c1-9l c1-9m c1-9n c1-9o x-rt\" data-ux=\"ContentOverlayCardText\" data-aid=\"ABOUT_DESCRIPTION_RENDERED1\" data-typography=\"BodyBeta\" data-font-scaled=\"true\"><p>Permite utilizatorilor s\u0103 creeze itinerarii personalizabile, s\u0103 salveze detalii de c\u0103l\u0103torie, cum ar fi zboruri \u0219i cazare, \u0219i s\u0103-\u0219i \u00eemp\u0103rt\u0103\u0219easc\u0103 planurile cu prietenii \u0219i familia.\u00a0<\/p><\/div>\t\t\t\t\t\t\t\t<\/div>\n\t\t\t\t<\/div>\n\t\t\t\t<div class=\"elementor-element elementor-element-e8f3e10 elementor-align-center elementor-widget elementor-widget-button\" data-id=\"e8f3e10\" data-element_type=\"widget\" data-e-type=\"widget\" data-widget_type=\"button.default\">\n\t\t\t\t<div class=\"elementor-widget-container\">\n\t\t\t\t\t\t\t\t\t<div class=\"elementor-button-wrapper\">\n\t\t\t\t\t<a class=\"elementor-button elementor-button-link elementor-size-sm\" href=\"https:\/\/wanderlog.com\/plan\/create\" target=\"_blank\" rel=\"noopener\">\n\t\t\t\t\t\t<span class=\"elementor-button-content-wrapper\">\n\t\t\t\t\t\t\t\t\t<span class=\"elementor-button-text\">Rezerva acum<\/span>\n\t\t\t\t\t<\/span>\n\t\t\t\t\t<\/a>\n\t\t\t\t<\/div>\n\t\t\t\t\t\t\t\t<\/div>\n\t\t\t\t<\/div>\n\t\t\t\t\t<\/div>\n\t\t<\/div>\n\t\t\t\t<div class=\"elementor-column elementor-col-33 elementor-inner-column elementor-element elementor-element-b61c427\" data-id=\"b61c427\" data-element_type=\"column\" data-e-type=\"column\" data-settings=\"{&quot;background_background&quot;:&quot;classic&quot;}\">\n\t\t\t<div class=\"elementor-widget-wrap elementor-element-populated\">\n\t\t\t\t\t\t<div class=\"elementor-element elementor-element-863b307 elementor-widget elementor-widget-heading\" data-id=\"863b307\" data-element_type=\"widget\" data-e-type=\"widget\" data-widget_type=\"heading.default\">\n\t\t\t\t<div class=\"elementor-widget-container\">\n\t\t\t\t\t<h5 class=\"elementor-heading-title elementor-size-default\"><a href=\"https:\/\/www.waze.com\/el\/live-map\/\" target=\"_blank\" rel=\"noopener\">Waze<\/a><\/h5>\t\t\t\t<\/div>\n\t\t\t\t<\/div>\n\t\t\t\t<div class=\"elementor-element elementor-element-ca079c8 elementor-widget elementor-widget-text-editor\" data-id=\"ca079c8\" data-element_type=\"widget\" data-e-type=\"widget\" data-widget_type=\"text-editor.default\">\n\t\t\t\t<div class=\"elementor-widget-container\">\n\t\t\t\t\t\t\t\t\t<div class=\"x-el c1-1 c1-2 c1-1a c1-1b c1-7h c1-1d c1-1e c1-9i c1-9j c1-b c1-8g c1-9k c1-1h c1-9l c1-9m c1-9n c1-9o x-rt\" data-ux=\"ContentOverlayCardText\" data-aid=\"ABOUT_DESCRIPTION_RENDERED2\" data-typography=\"BodyBeta\" data-font-scaled=\"true\"><p>Permite utilizatorilor s\u0103 raporteze incidente de trafic, drumuri \u00eenchise \u0219i alte evenimente, iar aceste rapoarte sunt apoi partajate altor utilizatori Waze pentru a-i ajuta s\u0103 evite traficul \u0219i s\u0103 economiseasc\u0103 timp.\u00a0<\/p><\/div>\t\t\t\t\t\t\t\t<\/div>\n\t\t\t\t<\/div>\n\t\t\t\t<div class=\"elementor-element elementor-element-dc9585c elementor-align-center elementor-widget elementor-widget-button\" data-id=\"dc9585c\" data-element_type=\"widget\" data-e-type=\"widget\" data-widget_type=\"button.default\">\n\t\t\t\t<div class=\"elementor-widget-container\">\n\t\t\t\t\t\t\t\t\t<div class=\"elementor-button-wrapper\">\n\t\t\t\t\t<a class=\"elementor-button elementor-button-link elementor-size-sm\" href=\"https:\/\/www.waze.com\/el\/live-map\/\" target=\"_blank\" rel=\"noopener\">\n\t\t\t\t\t\t<span class=\"elementor-button-content-wrapper\">\n\t\t\t\t\t\t\t\t\t<span class=\"elementor-button-text\">Rezerva acum<\/span>\n\t\t\t\t\t<\/span>\n\t\t\t\t\t<\/a>\n\t\t\t\t<\/div>\n\t\t\t\t\t\t\t\t<\/div>\n\t\t\t\t<\/div>\n\t\t\t\t\t<\/div>\n\t\t<\/div>\n\t\t\t\t\t<\/div>\n\t\t<\/section>\n\t\t\t\t\t<\/div>\n\t\t<\/div>\n\t\t\t\t\t<\/div>\n\t\t<\/section>\n\t\t\t\t<\/div>","protected":false},"excerpt":{"rendered":"<p>Plan Your Trip Plan now for peace of mind At Car Help Europe (C.H.E.), we are committed to making your travel experience better, and we couldn&#8217;t do it alone. That&#8217;s why we&#8217;ve partnered with trusted travel industry leaders who share our vision of providing seamless and worry-free holidays. Our travel partners go above and beyond [&hellip;]<\/p>\n","protected":false},"author":1,"featured_media":0,"parent":0,"menu_order":0,"comment_status":"closed","ping_status":"closed","template":"","meta":{"site-sidebar-layout":"no-sidebar","site-content-layout":"page-builder","ast-site-content-layout":"full-width-container","site-content-style":"unboxed","site-sidebar-style":"unboxed","ast-global-header-display":"","ast-banner-title-visibility":"","ast-main-header-display":"","ast-hfb-above-header-display":"","ast-hfb-below-header-display":"","ast-hfb-mobile-header-display":"","site-post-title":"disabled","ast-breadcrumbs-content":"disabled","ast-featured-img":"disabled","footer-sml-layout":"","ast-disable-related-posts":"","theme-transparent-header-meta":"enabled","adv-header-id-meta":"","stick-header-meta":"","header-above-stick-meta":"","header-main-stick-meta":"","header-below-stick-meta":"","astra-migrate-meta-layouts":"set","ast-page-background-enabled":"default","ast-page-background-meta":{"desktop":{"background-color":"","background-image":"","background-repeat":"repeat","background-position":"center center","background-size":"auto","background-attachment":"scroll","background-type":"","background-media":"","overlay-type":"","overlay-color":"","overlay-opacity":"","overlay-gradient":""},"tablet":{"background-color":"","background-image":"","background-repeat":"repeat","background-position":"center center","background-size":"auto","background-attachment":"scroll","background-type":"","background-media":"","overlay-type":"","overlay-color":"","overlay-opacity":"","overlay-gradient":""},"mobile":{"background-color":"","background-image":"","background-repeat":"repeat","background-position":"center center","background-size":"auto","background-attachment":"scroll","background-type":"","background-media":"","overlay-type":"","overlay-color":"","overlay-opacity":"","overlay-gradient":""}},"ast-content-background-meta":{"desktop":{"background-color":"var(--ast-global-color-5)","background-image":"","background-repeat":"repeat","background-position":"center center","background-size":"auto","background-attachment":"scroll","background-type":"","background-media":"","overlay-type":"","overlay-color":"","overlay-opacity":"","overlay-gradient":""},"tablet":{"background-color":"var(--ast-global-color-5)","background-image":"","background-repeat":"repeat","background-position":"center center","background-size":"auto","background-attachment":"scroll","background-type":"","background-media":"","overlay-type":"","overlay-color":"","overlay-opacity":"","overlay-gradient":""},"mobile":{"background-color":"var(--ast-global-color-5)","background-image":"","background-repeat":"repeat","background-position":"center center","background-size":"auto","background-attachment":"scroll","background-type":"","background-media":"","overlay-type":"","overlay-color":"","overlay-opacity":"","overlay-gradient":""}},"footnotes":""},"class_list":["post-1730","page","type-page","status-publish","hentry"],"jetpack_sharing_enabled":true,"_links":{"self":[{"href":"https:\/\/carhelpeurope.com\/ro\/wp-json\/wp\/v2\/pages\/1730","targetHints":{"allow":["GET"]}}],"collection":[{"href":"https:\/\/carhelpeurope.com\/ro\/wp-json\/wp\/v2\/pages"}],"about":[{"href":"https:\/\/carhelpeurope.com\/ro\/wp-json\/wp\/v2\/types\/page"}],"author":[{"embeddable":true,"href":"https:\/\/carhelpeurope.com\/ro\/wp-json\/wp\/v2\/users\/1"}],"replies":[{"embeddable":true,"href":"https:\/\/carhelpeurope.com\/ro\/wp-json\/wp\/v2\/comments?post=1730"}],"version-history":[{"count":1,"href":"https:\/\/carhelpeurope.com\/ro\/wp-json\/wp\/v2\/pages\/1730\/revisions"}],"predecessor-version":[{"id":3172,"href":"https:\/\/carhelpeurope.com\/ro\/wp-json\/wp\/v2\/pages\/1730\/revisions\/3172"}],"wp:attachment":[{"href":"https:\/\/carhelpeurope.com\/ro\/wp-json\/wp\/v2\/media?parent=1730"}],"curies":[{"name":"wp","href":"https:\/\/api.w.org\/{rel}","templated":true}]}}