{"id":1747,"date":"2023-06-03T14:11:09","date_gmt":"2023-06-03T14:11:09","guid":{"rendered":"https:\/\/carhelpeurope.com\/?page_id=1747"},"modified":"2025-01-29T01:44:35","modified_gmt":"2025-01-29T01:44:35","slug":"know-your-rights","status":"publish","type":"page","link":"https:\/\/carhelpeurope.com\/ro\/know-your-rights\/","title":{"rendered":"Cunoa\u0219te-\u021bi drepturile"},"content":{"rendered":"<div data-elementor-type=\"wp-page\" data-elementor-id=\"1747\" class=\"elementor elementor-1747\" data-elementor-post-type=\"page\">\n\t\t\t\t\t\t<section class=\"elementor-section elementor-top-section elementor-element elementor-element-93488aa elementor-section-boxed elementor-section-height-default elementor-section-height-default\" data-id=\"93488aa\" data-element_type=\"section\" data-e-type=\"section\" data-settings=\"{&quot;background_background&quot;:&quot;classic&quot;}\">\n\t\t\t\t\t\t<div class=\"elementor-container elementor-column-gap-no\">\n\t\t\t\t\t<div class=\"elementor-column elementor-col-100 elementor-top-column elementor-element elementor-element-0c95332\" data-id=\"0c95332\" data-element_type=\"column\" data-e-type=\"column\">\n\t\t\t<div class=\"elementor-widget-wrap elementor-element-populated\">\n\t\t\t\t\t\t<div class=\"elementor-element elementor-element-d82acff elementor-widget elementor-widget-heading\" data-id=\"d82acff\" data-element_type=\"widget\" data-e-type=\"widget\" data-widget_type=\"heading.default\">\n\t\t\t\t<div class=\"elementor-widget-container\">\n\t\t\t\t\t<h1 class=\"elementor-heading-title elementor-size-default\">Cunoa\u0219te-\u021bi drepturile<\/h1>\t\t\t\t<\/div>\n\t\t\t\t<\/div>\n\t\t\t\t\t<\/div>\n\t\t<\/div>\n\t\t\t\t\t<\/div>\n\t\t<\/section>\n\t\t\t\t<section class=\"elementor-section elementor-top-section elementor-element elementor-element-8843bff elementor-section-content-middle elementor-section-boxed elementor-section-height-default elementor-section-height-default\" data-id=\"8843bff\" data-element_type=\"section\" data-e-type=\"section\" data-settings=\"{&quot;background_background&quot;:&quot;classic&quot;}\">\n\t\t\t\t\t\t<div class=\"elementor-container elementor-column-gap-no\">\n\t\t\t\t\t<div class=\"elementor-column elementor-col-100 elementor-top-column elementor-element elementor-element-3defe21\" data-id=\"3defe21\" data-element_type=\"column\" data-e-type=\"column\">\n\t\t\t<div class=\"elementor-widget-wrap elementor-element-populated\">\n\t\t\t\t\t\t<section class=\"elementor-section elementor-inner-section elementor-element elementor-element-2a91513 elementor-section-boxed elementor-section-height-default elementor-section-height-default\" data-id=\"2a91513\" data-element_type=\"section\" data-e-type=\"section\" data-settings=\"{&quot;background_background&quot;:&quot;classic&quot;}\">\n\t\t\t\t\t\t<div class=\"elementor-container elementor-column-gap-no\">\n\t\t\t\t\t<div class=\"elementor-column elementor-col-50 elementor-inner-column elementor-element elementor-element-3751ae4\" data-id=\"3751ae4\" data-element_type=\"column\" data-e-type=\"column\">\n\t\t\t<div class=\"elementor-widget-wrap elementor-element-populated\">\n\t\t\t\t\t\t<div class=\"elementor-element elementor-element-f8a0618 elementor-widget elementor-widget-heading\" data-id=\"f8a0618\" data-element_type=\"widget\" data-e-type=\"widget\" data-widget_type=\"heading.default\">\n\t\t\t\t<div class=\"elementor-widget-container\">\n\t\t\t\t\t<h2 class=\"elementor-heading-title elementor-size-default\">\u00cen cazul oric\u0103rui accident, v\u0103 rug\u0103m s\u0103 urma\u021bi aceste instruc\u021biuni:<\/h2>\t\t\t\t<\/div>\n\t\t\t\t<\/div>\n\t\t\t\t<div class=\"elementor-element elementor-element-27be402 elementor-widget elementor-widget-text-editor\" data-id=\"27be402\" data-element_type=\"widget\" data-e-type=\"widget\" data-widget_type=\"text-editor.default\">\n\t\t\t\t<div class=\"elementor-widget-container\">\n\t\t\t\t\t\t\t\t\t<ul><li>Opri\u021bi: nu v\u0103 \u00eendep\u0103rta\u021bi niciodat\u0103 de locul unui accident, chiar \u0219i unul minor.\u00a0<\/li><li>Dac\u0103 cineva este r\u0103nit, suna\u021bi imediat la 112.<\/li><li>Nu muta\u021bi ma\u0219ina \u00eenainte de a se face raportul poli\u021biei\/directorului deoarece asigurarea nu va fi valabil\u0103.\u00a0<\/li><li>Dintr-un loc sigur, fotografia\u021bi incidentul \u0219i nota\u021bi condi\u021biile meteo.\u00a0<\/li><li>Aduna\u021bi informa\u021bii de contact de la to\u021bi cei implica\u021bi \u0219i, eventual, de la martori.\u00a0<\/li><li>Colecta\u021bi urm\u0103toarele informa\u021bii de la oricine implicat \u00een accident\/incident: nume, adres\u0103, num\u0103r de telefon, num\u0103r de \u00eenmatriculare a vehiculului, asigur\u0103tor, tipul asigur\u0103rii \u0219i num\u0103rul poli\u021bei.\u00a0<\/li><li>Nu da o p\u0103rere despre cine a fost de vin\u0103.<\/li><li>Discuta\u021bi detaliile accidentului numai cu poli\u021bia, gardienii sau compania dvs. de asigur\u0103ri.<\/li><li>Nu pleca\u021bi dec\u00e2t \u00een cazul \u00een care poli\u021bi\u0219tii sau gardienii au fost implica\u021bi.\u00a0<\/li><li>Informa\u021bi-v\u0103 managerul de linie c\u00e2t mai cur\u00e2nd posibil.\u00a0<\/li><\/ul>\t\t\t\t\t\t\t\t<\/div>\n\t\t\t\t<\/div>\n\t\t\t\t<div class=\"elementor-element elementor-element-39bc163 elementor-align-left elementor-mobile-align-justify elementor-widget elementor-widget-button\" data-id=\"39bc163\" data-element_type=\"widget\" data-e-type=\"widget\" data-widget_type=\"button.default\">\n\t\t\t\t<div class=\"elementor-widget-container\">\n\t\t\t\t\t\t\t\t\t<div class=\"elementor-button-wrapper\">\n\t\t\t\t\t<a class=\"elementor-button elementor-button-link elementor-size-sm\" href=\"https:\/\/carhelpeurope.com\/ro\/get-help-now\/\">\n\t\t\t\t\t\t<span class=\"elementor-button-content-wrapper\">\n\t\t\t\t\t\t\t\t\t<span class=\"elementor-button-text\">Ob\u021bine\u021bi ajutor acum<\/span>\n\t\t\t\t\t<\/span>\n\t\t\t\t\t<\/a>\n\t\t\t\t<\/div>\n\t\t\t\t\t\t\t\t<\/div>\n\t\t\t\t<\/div>\n\t\t\t\t\t<\/div>\n\t\t<\/div>\n\t\t\t\t<div class=\"elementor-column elementor-col-50 elementor-inner-column elementor-element elementor-element-e2db313\" data-id=\"e2db313\" data-element_type=\"column\" data-e-type=\"column\">\n\t\t\t<div class=\"elementor-widget-wrap elementor-element-populated\">\n\t\t\t\t\t\t<div class=\"elementor-element elementor-element-d61b7f1 elementor-widget elementor-widget-text-editor\" data-id=\"d61b7f1\" data-element_type=\"widget\" data-e-type=\"widget\" data-widget_type=\"text-editor.default\">\n\t\t\t\t<div class=\"elementor-widget-container\">\n\t\t\t\t\t\t\t\t\t<p>\u00cemputernicirea dvs. \u00een caz de accidente<\/p>\t\t\t\t\t\t\t\t<\/div>\n\t\t\t\t<\/div>\n\t\t\t\t<div class=\"elementor-element elementor-element-755595f elementor-widget elementor-widget-text-editor\" data-id=\"755595f\" data-element_type=\"widget\" data-e-type=\"widget\" data-widget_type=\"text-editor.default\">\n\t\t\t\t<div class=\"elementor-widget-container\">\n\t\t\t\t\t\t\t\t\t<p>\u00cen cazul nefericit al unui accident, este esen\u021bial s\u0103 fii echipat cu cuno\u0219tin\u021bele despre drepturile tale pentru a naviga cu \u00eencredere \u00een peisajul juridic. La Car Help Europe, suntem dedica\u021bi s\u0103 v\u0103 d\u0103m putere prin furnizarea de informa\u021bii complete \u0219i asisten\u021b\u0103 pentru \u00een\u021belegerea drepturilor dumneavoastr\u0103.<\/p><p>Echipa noastr\u0103 de profesioni\u0219ti juridici cu experien\u021b\u0103 este specializat\u0103 \u00een cazuri legate de accidente \u00een Germania, Bulgaria, Rom\u00e2nia \u0219i Grecia. Credem c\u0103 cunoa\u0219terea \u00eenseamn\u0103 putere \u0219i ne str\u0103duim s\u0103 ne asigur\u0103m c\u0103 ave\u021bi o \u00een\u021belegere clar\u0103 a drepturilor \u0219i a op\u021biunilor legale \u00een astfel de situa\u021bii.<\/p><p>De la consultarea ini\u021bial\u0103 p\u00e2n\u0103 la solu\u021bionarea cazului dumneavoastr\u0103, v\u0103 vom ghida \u00een fiecare pas, oferind solu\u021bii personalizate adaptate circumstan\u021belor dumneavoastr\u0103 specifice. Angajamentul nostru fa\u021b\u0103 de bun\u0103starea dumneavoastr\u0103 \u0219i c\u0103utarea justi\u021biei ne determin\u0103 s\u0103 oferim sprijin excep\u021bional \u0219i expertiz\u0103 juridic\u0103 pe tot parcursul procesului.<\/p><p>Fii sigur c\u0103, cu Car Help Europe, nu e\u0219ti singur. Suntem partenerul dumneavoastr\u0103 juridic de \u00eencredere, st\u00e2nd al\u0103turi de dumneavoastr\u0103 pentru a v\u0103 proteja drepturile \u0219i pentru a v\u0103 asigura compensa\u021bia pe care o merita\u021bi pe bun\u0103 dreptate. Prin parteneriatul cu noi, ob\u021bine\u021bi acces la o echip\u0103 dedicat\u0103 care va lupta neobosit \u00een numele dvs., asigur\u00e2ndu-v\u0103 c\u0103 drepturile dumneavoastr\u0103 sunt respectate \u0219i c\u0103 vocea dumneavoastr\u0103 este auzit\u0103.<\/p><p>Nu l\u0103sa\u021bi incertitudinea s\u0103 v\u0103 umbreasc\u0103 recuperarea. Prelua\u021bi controlul asupra situa\u021biei dvs. \u00een\u021beleg\u00e2ndu-v\u0103 drepturile \u0219i permi\u021b\u00e2ndu-ne s\u0103 navig\u0103m \u00een complexit\u0103\u021bile sistemului juridic \u00een numele dvs. Ave\u021bi \u00eencredere \u00een Car Help Europe pentru a fi avocatul \u0219i aliatul dvs. \u00een aceast\u0103 perioad\u0103 dificil\u0103, oferind \u00eendrumarea \u0219i sprijinul de care ave\u021bi nevoie pentru un rezultat corect \u0219i echitabil.<\/p><p><a href=\"https:\/\/carhelpeurope.com\/ro\/get-help-now\/\">Contacta\u021bi-ne ast\u0103zi<\/a> pentru a afla mai multe despre drepturile dvs. \u0219i despre cum v\u0103 putem ajuta \u00een c\u0103l\u0103toria dvs. c\u0103tre solu\u021bionarea legal\u0103. Drepturile dumneavoastr\u0103 conteaz\u0103, iar noi suntem aici pentru a v\u0103 ajuta s\u0103 le proteja\u021bi.<\/p>\t\t\t\t\t\t\t\t<\/div>\n\t\t\t\t<\/div>\n\t\t\t\t\t<\/div>\n\t\t<\/div>\n\t\t\t\t\t<\/div>\n\t\t<\/section>\n\t\t\t\t\t<\/div>\n\t\t<\/div>\n\t\t\t\t\t<\/div>\n\t\t<\/section>\n\t\t\t\t<\/div>","protected":false},"excerpt":{"rendered":"<p>Know Your Rights In Case Of Any Accident, Please Follow These Guidelines: Stop: never drive away from the scene of an accident, even a minor one.\u00a0 If someone is injured immediately call Emergency 112. Don\u2019t move the car before the police\/warden report is made as the insurance will not be valid.\u00a0 From a safe spot, [&hellip;]<\/p>\n","protected":false},"author":1,"featured_media":0,"parent":0,"menu_order":0,"comment_status":"closed","ping_status":"closed","template":"","meta":{"site-sidebar-layout":"no-sidebar","site-content-layout":"page-builder","ast-site-content-layout":"full-width-container","site-content-style":"unboxed","site-sidebar-style":"unboxed","ast-global-header-display":"","ast-banner-title-visibility":"","ast-main-header-display":"","ast-hfb-above-header-display":"","ast-hfb-below-header-display":"","ast-hfb-mobile-header-display":"","site-post-title":"disabled","ast-breadcrumbs-content":"disabled","ast-featured-img":"disabled","footer-sml-layout":"","ast-disable-related-posts":"","theme-transparent-header-meta":"enabled","adv-header-id-meta":"","stick-header-meta":"","header-above-stick-meta":"","header-main-stick-meta":"","header-below-stick-meta":"","astra-migrate-meta-layouts":"set","ast-page-background-enabled":"default","ast-page-background-meta":{"desktop":{"background-color":"","background-image":"","background-repeat":"repeat","background-position":"center center","background-size":"auto","background-attachment":"scroll","background-type":"","background-media":"","overlay-type":"","overlay-color":"","overlay-opacity":"","overlay-gradient":""},"tablet":{"background-color":"","background-image":"","background-repeat":"repeat","background-position":"center center","background-size":"auto","background-attachment":"scroll","background-type":"","background-media":"","overlay-type":"","overlay-color":"","overlay-opacity":"","overlay-gradient":""},"mobile":{"background-color":"","background-image":"","background-repeat":"repeat","background-position":"center center","background-size":"auto","background-attachment":"scroll","background-type":"","background-media":"","overlay-type":"","overlay-color":"","overlay-opacity":"","overlay-gradient":""}},"ast-content-background-meta":{"desktop":{"background-color":"var(--ast-global-color-5)","background-image":"","background-repeat":"repeat","background-position":"center center","background-size":"auto","background-attachment":"scroll","background-type":"","background-media":"","overlay-type":"","overlay-color":"","overlay-opacity":"","overlay-gradient":""},"tablet":{"background-color":"var(--ast-global-color-5)","background-image":"","background-repeat":"repeat","background-position":"center center","background-size":"auto","background-attachment":"scroll","background-type":"","background-media":"","overlay-type":"","overlay-color":"","overlay-opacity":"","overlay-gradient":""},"mobile":{"background-color":"var(--ast-global-color-5)","background-image":"","background-repeat":"repeat","background-position":"center center","background-size":"auto","background-attachment":"scroll","background-type":"","background-media":"","overlay-type":"","overlay-color":"","overlay-opacity":"","overlay-gradient":""}},"footnotes":""},"class_list":["post-1747","page","type-page","status-publish","hentry"],"jetpack_sharing_enabled":true,"_links":{"self":[{"href":"https:\/\/carhelpeurope.com\/ro\/wp-json\/wp\/v2\/pages\/1747","targetHints":{"allow":["GET"]}}],"collection":[{"href":"https:\/\/carhelpeurope.com\/ro\/wp-json\/wp\/v2\/pages"}],"about":[{"href":"https:\/\/carhelpeurope.com\/ro\/wp-json\/wp\/v2\/types\/page"}],"author":[{"embeddable":true,"href":"https:\/\/carhelpeurope.com\/ro\/wp-json\/wp\/v2\/users\/1"}],"replies":[{"embeddable":true,"href":"https:\/\/carhelpeurope.com\/ro\/wp-json\/wp\/v2\/comments?post=1747"}],"version-history":[{"count":1,"href":"https:\/\/carhelpeurope.com\/ro\/wp-json\/wp\/v2\/pages\/1747\/revisions"}],"predecessor-version":[{"id":3170,"href":"https:\/\/carhelpeurope.com\/ro\/wp-json\/wp\/v2\/pages\/1747\/revisions\/3170"}],"wp:attachment":[{"href":"https:\/\/carhelpeurope.com\/ro\/wp-json\/wp\/v2\/media?parent=1747"}],"curies":[{"name":"wp","href":"https:\/\/api.w.org\/{rel}","templated":true}]}}