{"id":1812,"date":"2023-06-05T12:28:09","date_gmt":"2023-06-05T12:28:09","guid":{"rendered":"https:\/\/carhelpeurope.com\/?page_id=1812"},"modified":"2025-01-27T00:18:33","modified_gmt":"2025-01-27T00:18:33","slug":"work-with-us","status":"publish","type":"page","link":"https:\/\/carhelpeurope.com\/ro\/work-with-us\/","title":{"rendered":"Lucreaza cu noi"},"content":{"rendered":"<div data-elementor-type=\"wp-page\" data-elementor-id=\"1812\" class=\"elementor elementor-1812\" data-elementor-post-type=\"page\">\n\t\t\t\t\t\t<section class=\"elementor-section elementor-top-section elementor-element elementor-element-93488aa elementor-section-boxed elementor-section-height-default elementor-section-height-default\" data-id=\"93488aa\" data-element_type=\"section\" data-e-type=\"section\" data-settings=\"{&quot;background_background&quot;:&quot;classic&quot;}\">\n\t\t\t\t\t\t<div class=\"elementor-container elementor-column-gap-no\">\n\t\t\t\t\t<div class=\"elementor-column elementor-col-100 elementor-top-column elementor-element elementor-element-0c95332\" data-id=\"0c95332\" data-element_type=\"column\" data-e-type=\"column\">\n\t\t\t<div class=\"elementor-widget-wrap elementor-element-populated\">\n\t\t\t\t\t\t<div class=\"elementor-element elementor-element-d82acff elementor-widget elementor-widget-heading\" data-id=\"d82acff\" data-element_type=\"widget\" data-e-type=\"widget\" data-widget_type=\"heading.default\">\n\t\t\t\t<div class=\"elementor-widget-container\">\n\t\t\t\t\t<h1 class=\"elementor-heading-title elementor-size-default\">Lucreaza cu noi<\/h1>\t\t\t\t<\/div>\n\t\t\t\t<\/div>\n\t\t\t\t\t<\/div>\n\t\t<\/div>\n\t\t\t\t\t<\/div>\n\t\t<\/section>\n\t\t\t\t<section class=\"elementor-section elementor-top-section elementor-element elementor-element-8843bff elementor-section-content-middle elementor-section-boxed elementor-section-height-default elementor-section-height-default\" data-id=\"8843bff\" data-element_type=\"section\" data-e-type=\"section\" data-settings=\"{&quot;background_background&quot;:&quot;classic&quot;}\">\n\t\t\t\t\t\t<div class=\"elementor-container elementor-column-gap-no\">\n\t\t\t\t\t<div class=\"elementor-column elementor-col-100 elementor-top-column elementor-element elementor-element-3defe21\" data-id=\"3defe21\" data-element_type=\"column\" data-e-type=\"column\">\n\t\t\t<div class=\"elementor-widget-wrap elementor-element-populated\">\n\t\t\t\t\t\t<div class=\"elementor-element elementor-element-13adcba elementor-align-left elementor-mobile-align-center elementor-widget elementor-widget-button\" data-id=\"13adcba\" data-element_type=\"widget\" data-e-type=\"widget\" data-widget_type=\"button.default\">\n\t\t\t\t<div class=\"elementor-widget-container\">\n\t\t\t\t\t\t\t\t\t<div class=\"elementor-button-wrapper\">\n\t\t\t\t\t<a class=\"elementor-button elementor-button-link elementor-size-sm\" href=\"https:\/\/carhelpeurope.com\/ro\/legal-partners\/\">\n\t\t\t\t\t\t<span class=\"elementor-button-content-wrapper\">\n\t\t\t\t\t\t\t\t\t<span class=\"elementor-button-text\">Al\u0103tur\u0103-te acum<\/span>\n\t\t\t\t\t<\/span>\n\t\t\t\t\t<\/a>\n\t\t\t\t<\/div>\n\t\t\t\t\t\t\t\t<\/div>\n\t\t\t\t<\/div>\n\t\t\t\t<section class=\"elementor-section elementor-inner-section elementor-element elementor-element-2a91513 elementor-section-boxed elementor-section-height-default elementor-section-height-default\" data-id=\"2a91513\" data-element_type=\"section\" data-e-type=\"section\" data-settings=\"{&quot;background_background&quot;:&quot;classic&quot;}\">\n\t\t\t\t\t\t<div class=\"elementor-container elementor-column-gap-no\">\n\t\t\t\t\t<div class=\"elementor-column elementor-col-50 elementor-inner-column elementor-element elementor-element-3751ae4\" data-id=\"3751ae4\" data-element_type=\"column\" data-e-type=\"column\">\n\t\t\t<div class=\"elementor-widget-wrap elementor-element-populated\">\n\t\t\t\t\t\t<div class=\"elementor-element elementor-element-f8a0618 elementor-widget elementor-widget-heading\" data-id=\"f8a0618\" data-element_type=\"widget\" data-e-type=\"widget\" data-widget_type=\"heading.default\">\n\t\t\t\t<div class=\"elementor-widget-container\">\n\t\t\t\t\t<h2 class=\"elementor-heading-title elementor-size-default\">Sunte\u021bi avocat de accidente sau face\u021bi parte dintr-o firm\u0103 de avocatur\u0103 care dori\u021bi s\u0103 v\u0103 extinde\u021bi cariera? <\/h2>\t\t\t\t<\/div>\n\t\t\t\t<\/div>\n\t\t\t\t<div class=\"elementor-element elementor-element-27be402 elementor-widget elementor-widget-text-editor\" data-id=\"27be402\" data-element_type=\"widget\" data-e-type=\"widget\" data-widget_type=\"text-editor.default\">\n\t\t\t\t<div class=\"elementor-widget-container\">\n\t\t\t\t\t\t\t\t\t<p><strong>Car Help Europe<\/strong> urm\u0103re\u0219te s\u0103 construiasc\u0103 o re\u021bea de exper\u021bi juridici na\u021bionali care s\u0103 ofere o acoperire juridic\u0103 tematic\u0103, geografic\u0103 \u0219i lingvistic\u0103 a sistemelor lor juridice na\u021bionale respective \u0219i s\u0103 reprezinte clien\u021bii \u00een fa\u021ba instan\u021belor na\u021bionale.<\/p><ul><li>Diverse cazuri \u0219i proiecte<\/li><li>27 de \u021b\u0103ri UE.<\/li><\/ul>\t\t\t\t\t\t\t\t<\/div>\n\t\t\t\t<\/div>\n\t\t\t\t\t<\/div>\n\t\t<\/div>\n\t\t\t\t<div class=\"elementor-column elementor-col-50 elementor-inner-column elementor-element elementor-element-e2db313\" data-id=\"e2db313\" data-element_type=\"column\" data-e-type=\"column\">\n\t\t\t<div class=\"elementor-widget-wrap elementor-element-populated\">\n\t\t\t\t\t\t<div class=\"elementor-element elementor-element-d61b7f1 elementor-widget elementor-widget-text-editor\" data-id=\"d61b7f1\" data-element_type=\"widget\" data-e-type=\"widget\" data-widget_type=\"text-editor.default\">\n\t\t\t\t<div class=\"elementor-widget-container\">\n\t\t\t\t\t\t\t\t\t<h4><strong class=\"x-el x-el-span c1-1y c1-1z c1-b c1-85 c1-29 c1-4h c1-86\">Despre noi<\/strong><\/h4>\t\t\t\t\t\t\t\t<\/div>\n\t\t\t\t<\/div>\n\t\t\t\t<div class=\"elementor-element elementor-element-755595f elementor-widget elementor-widget-text-editor\" data-id=\"755595f\" data-element_type=\"widget\" data-e-type=\"widget\" data-widget_type=\"text-editor.default\">\n\t\t\t\t<div class=\"elementor-widget-container\">\n\t\t\t\t\t\t\t\t\t<p><strong>Car Help Europe<\/strong> este un serviciu juridic unic care ofer\u0103 o acoperire juridic\u0103 cuprinz\u0103toare turi\u0219tilor care c\u0103l\u0103toresc cu ma\u0219ina \u00een Europa. Compania promite s\u0103 ofere clien\u021bilor s\u0103i asisten\u021b\u0103 \u0219i suport juridic \u00een cazul procedurilor legale legate \u00een principal de accidente de ma\u0219in\u0103, permi\u021b\u00e2ndu-le s\u0103 se bucure de experien\u021ba lor \u00een Europa cu ma\u0219ina.<\/p><p>Dac\u0103 sunte\u021bi interesat v\u0103 rug\u0103m s\u0103 contacta\u021bi: <a href=\"mailto:info@carhelpeurope.com\">info@carhelpeurope.com<\/a><\/p>\t\t\t\t\t\t\t\t<\/div>\n\t\t\t\t<\/div>\n\t\t\t\t\t<\/div>\n\t\t<\/div>\n\t\t\t\t\t<\/div>\n\t\t<\/section>\n\t\t\t\t\t<\/div>\n\t\t<\/div>\n\t\t\t\t\t<\/div>\n\t\t<\/section>\n\t\t\t\t<section class=\"elementor-section elementor-top-section elementor-element elementor-element-fd73e8b elementor-section-content-middle elementor-section-boxed elementor-section-height-default elementor-section-height-default\" data-id=\"fd73e8b\" data-element_type=\"section\" data-e-type=\"section\" data-settings=\"{&quot;background_background&quot;:&quot;classic&quot;}\">\n\t\t\t\t\t\t<div class=\"elementor-container elementor-column-gap-no\">\n\t\t\t\t\t<div class=\"elementor-column elementor-col-100 elementor-top-column elementor-element elementor-element-bec96b1\" data-id=\"bec96b1\" data-element_type=\"column\" data-e-type=\"column\" data-settings=\"{&quot;background_background&quot;:&quot;classic&quot;}\">\n\t\t\t<div class=\"elementor-widget-wrap elementor-element-populated\">\n\t\t\t\t\t\t<section class=\"elementor-section elementor-inner-section elementor-element elementor-element-21a252f elementor-section-boxed elementor-section-height-default elementor-section-height-default elementor-invisible\" data-id=\"21a252f\" data-element_type=\"section\" data-e-type=\"section\" data-settings=\"{&quot;background_background&quot;:&quot;classic&quot;,&quot;animation&quot;:&quot;fadeIn&quot;}\">\n\t\t\t\t\t\t<div class=\"elementor-container elementor-column-gap-no\">\n\t\t\t\t\t<div class=\"elementor-column elementor-col-33 elementor-inner-column elementor-element elementor-element-5f0f87a\" data-id=\"5f0f87a\" data-element_type=\"column\" data-e-type=\"column\">\n\t\t\t<div class=\"elementor-widget-wrap elementor-element-populated\">\n\t\t\t\t\t\t<div class=\"elementor-element elementor-element-96a10a7 elementor-widget elementor-widget-image\" data-id=\"96a10a7\" data-element_type=\"widget\" data-e-type=\"widget\" data-widget_type=\"image.default\">\n\t\t\t\t<div class=\"elementor-widget-container\">\n\t\t\t\t\t\t\t\t\t\t\t\t\t\t\t<img fetchpriority=\"high\" decoding=\"async\" width=\"2560\" height=\"1709\" src=\"https:\/\/carhelpeurope.com\/wp-content\/uploads\/2023\/06\/christina-wocintechchat-com-faEfWCdOKIg-unsplash-scaled.jpg\" class=\"attachment-full size-full wp-image-1814\" alt=\"work with car help europe\" srcset=\"https:\/\/carhelpeurope.com\/wp-content\/uploads\/2023\/06\/christina-wocintechchat-com-faEfWCdOKIg-unsplash-scaled.jpg 2560w, https:\/\/carhelpeurope.com\/wp-content\/uploads\/2023\/06\/christina-wocintechchat-com-faEfWCdOKIg-unsplash-scaled-600x401.jpg 600w, https:\/\/carhelpeurope.com\/wp-content\/uploads\/2023\/06\/christina-wocintechchat-com-faEfWCdOKIg-unsplash-300x200.jpg 300w, https:\/\/carhelpeurope.com\/wp-content\/uploads\/2023\/06\/christina-wocintechchat-com-faEfWCdOKIg-unsplash-1024x684.jpg 1024w, https:\/\/carhelpeurope.com\/wp-content\/uploads\/2023\/06\/christina-wocintechchat-com-faEfWCdOKIg-unsplash-768x513.jpg 768w, https:\/\/carhelpeurope.com\/wp-content\/uploads\/2023\/06\/christina-wocintechchat-com-faEfWCdOKIg-unsplash-1536x1025.jpg 1536w, https:\/\/carhelpeurope.com\/wp-content\/uploads\/2023\/06\/christina-wocintechchat-com-faEfWCdOKIg-unsplash-2048x1367.jpg 2048w\" sizes=\"(max-width: 2560px) 100vw, 2560px\" title=\"\">\t\t\t\t\t\t\t\t\t\t\t\t\t\t\t<\/div>\n\t\t\t\t<\/div>\n\t\t\t\t\t<\/div>\n\t\t<\/div>\n\t\t\t\t<div class=\"elementor-column elementor-col-66 elementor-inner-column elementor-element elementor-element-7900ea0\" data-id=\"7900ea0\" data-element_type=\"column\" data-e-type=\"column\">\n\t\t\t<div class=\"elementor-widget-wrap elementor-element-populated\">\n\t\t\t\t\t\t<div class=\"elementor-element elementor-element-31dcc49 elementor-widget elementor-widget-heading\" data-id=\"31dcc49\" data-element_type=\"widget\" data-e-type=\"widget\" data-widget_type=\"heading.default\">\n\t\t\t\t<div class=\"elementor-widget-container\">\n\t\t\t\t\t<h2 class=\"elementor-heading-title elementor-size-default\">Rolul de expert juridic na\u021bional<\/h2>\t\t\t\t<\/div>\n\t\t\t\t<\/div>\n\t\t\t\t<div class=\"elementor-element elementor-element-d26d351 elementor-widget elementor-widget-text-editor\" data-id=\"d26d351\" data-element_type=\"widget\" data-e-type=\"widget\" data-widget_type=\"text-editor.default\">\n\t\t\t\t<div class=\"elementor-widget-container\">\n\t\t\t\t\t\t\t\t\t<h3 class=\"Heading11\"><span style=\"color: #003478;\">Pozitia<\/span><\/h3>\t\t\t\t\t\t\t\t<\/div>\n\t\t\t\t<\/div>\n\t\t\t\t<div class=\"elementor-element elementor-element-ea7d24d elementor-widget elementor-widget-text-editor\" data-id=\"ea7d24d\" data-element_type=\"widget\" data-e-type=\"widget\" data-widget_type=\"text-editor.default\">\n\t\t\t\t<div class=\"elementor-widget-container\">\n\t\t\t\t\t\t\t\t\t<p>\u00cen calitate de Expert Juridic Na\u021bional, ve\u021bi contribui la oferirea de consiliere juridic\u0103 clien\u021bilor no\u0219tri prin efectuarea de cercet\u0103ri juridice privind dreptul accidentelor \u0219i jurispruden\u021ba \u0219i prin reprezentarea clien\u021bilor no\u0219tri \u00een proceduri judiciare sau extrajudiciare, dac\u0103 este necesar.<\/p><p>\u00a0<\/p><p>Pozi\u021biile vor varia, <strong>sarcinile sunt susceptibile de a include<\/strong>:<\/p><ul><li>Cercetare juridic\u0103 privind legisla\u021bia na\u021bional\u0103 aplicabil\u0103 \u00een materie de accidente;<\/li><li>Analiza \u0219i analiza jurispruden\u021bei la nivel na\u021bional \u0219i UE;<\/li><li>Reprezentarea clientilor in reglementari extrajudiciare<\/li><li>Reprezentarea clien\u021bilor \u00een fa\u021ba instan\u021belor na\u021bionale<\/li><\/ul><p><strong>Expertiza dvs. este necesar\u0103 pentru unul sau mai multe dintre urm\u0103toarele domenii de politic\u0103:<\/strong><\/p><ul><li>Justi\u021bie civil\u0103<\/li><li>Justi\u021bie penal\u0103<\/li><li>Legea accidentelor<\/li><li>Lege procedurala<\/li><\/ul>\t\t\t\t\t\t\t\t<\/div>\n\t\t\t\t<\/div>\n\t\t\t\t<div class=\"elementor-element elementor-element-2cfeb08 elementor-widget elementor-widget-text-editor\" data-id=\"2cfeb08\" data-element_type=\"widget\" data-e-type=\"widget\" data-widget_type=\"text-editor.default\">\n\t\t\t\t<div class=\"elementor-widget-container\">\n\t\t\t\t\t\t\t\t\t<h3 class=\"Heading11\"><span style=\"color: #003478;\">Persoana<\/span><\/h3>\t\t\t\t\t\t\t\t<\/div>\n\t\t\t\t<\/div>\n\t\t\t\t<div class=\"elementor-element elementor-element-07e5554 elementor-widget elementor-widget-text-editor\" data-id=\"07e5554\" data-element_type=\"widget\" data-e-type=\"widget\" data-widget_type=\"text-editor.default\">\n\t\t\t\t<div class=\"elementor-widget-container\">\n\t\t\t\t\t\t\t\t\t<p><strong>Vei avea:<\/strong><\/p><ul><li>O diplom\u0103 universitar\u0103 \u00een drept dintr-un stat membru al UE;<\/li><li>Cel pu\u021bin 3 ani de experien\u021b\u0103 profesional\u0103 \u00een cercetare juridic\u0103 \u00een context na\u021bional, acoperind unul sau mai multe dintre domeniile de politic\u0103 enumerate mai sus;<\/li><li>Vorbitor nativ al limbii statului membru UE pe care \u00eel acoperi\u021bi;<\/li><li>Cunoa\u0219terea excelent\u0103 a limbii engleze (nivel C1 \u00een cadrul european comun de referin\u021b\u0103 sau superior).<\/li><\/ul><p><strong>Una sau mai multe dintre urm\u0103toarele calific\u0103ri ar constitui un avantaj:<\/strong><\/p><ul><li>O calificare juridic\u0103 postuniversitar\u0103 (LL.M.);<\/li><li>Titlul profesional care v\u0103 stabile\u0219te ca avocat \u00eentr-un stat membru al UE (ex. Rechtsanwalt, Avocat);<\/li><\/ul>\t\t\t\t\t\t\t\t<\/div>\n\t\t\t\t<\/div>\n\t\t\t\t<div class=\"elementor-element elementor-element-d68b968 elementor-align-left elementor-widget elementor-widget-button\" data-id=\"d68b968\" data-element_type=\"widget\" data-e-type=\"widget\" data-widget_type=\"button.default\">\n\t\t\t\t<div class=\"elementor-widget-container\">\n\t\t\t\t\t\t\t\t\t<div class=\"elementor-button-wrapper\">\n\t\t\t\t\t<a class=\"elementor-button elementor-button-link elementor-size-sm\" href=\"https:\/\/carhelpeurope.com\/ro\/legal-partners\/\">\n\t\t\t\t\t\t<span class=\"elementor-button-content-wrapper\">\n\t\t\t\t\t\t\t\t\t<span class=\"elementor-button-text\">\u00censcrie-te acum ca partener legal<\/span>\n\t\t\t\t\t<\/span>\n\t\t\t\t\t<\/a>\n\t\t\t\t<\/div>\n\t\t\t\t\t\t\t\t<\/div>\n\t\t\t\t<\/div>\n\t\t\t\t\t<\/div>\n\t\t<\/div>\n\t\t\t\t\t<\/div>\n\t\t<\/section>\n\t\t\t\t\t<\/div>\n\t\t<\/div>\n\t\t\t\t\t<\/div>\n\t\t<\/section>\n\t\t\t\t<\/div>","protected":false},"excerpt":{"rendered":"<p>Work With Us Join Now Are you an accident lawyer or part of a law firm looking to expand your career? Car Help Europe is seeking to build a network of National Legal Experts who will provide legal thematic, geographical\u00a0 and linguistic coverage of their respective national legal systems and will represent out clients before [&hellip;]<\/p>\n","protected":false},"author":1,"featured_media":0,"parent":0,"menu_order":0,"comment_status":"closed","ping_status":"closed","template":"","meta":{"site-sidebar-layout":"no-sidebar","site-content-layout":"page-builder","ast-site-content-layout":"full-width-container","site-content-style":"unboxed","site-sidebar-style":"unboxed","ast-global-header-display":"","ast-banner-title-visibility":"","ast-main-header-display":"","ast-hfb-above-header-display":"","ast-hfb-below-header-display":"","ast-hfb-mobile-header-display":"","site-post-title":"disabled","ast-breadcrumbs-content":"disabled","ast-featured-img":"disabled","footer-sml-layout":"","ast-disable-related-posts":"","theme-transparent-header-meta":"enabled","adv-header-id-meta":"","stick-header-meta":"","header-above-stick-meta":"","header-main-stick-meta":"","header-below-stick-meta":"","astra-migrate-meta-layouts":"set","ast-page-background-enabled":"default","ast-page-background-meta":{"desktop":{"background-color":"","background-image":"","background-repeat":"repeat","background-position":"center center","background-size":"auto","background-attachment":"scroll","background-type":"","background-media":"","overlay-type":"","overlay-color":"","overlay-opacity":"","overlay-gradient":""},"tablet":{"background-color":"","background-image":"","background-repeat":"repeat","background-position":"center center","background-size":"auto","background-attachment":"scroll","background-type":"","background-media":"","overlay-type":"","overlay-color":"","overlay-opacity":"","overlay-gradient":""},"mobile":{"background-color":"","background-image":"","background-repeat":"repeat","background-position":"center center","background-size":"auto","background-attachment":"scroll","background-type":"","background-media":"","overlay-type":"","overlay-color":"","overlay-opacity":"","overlay-gradient":""}},"ast-content-background-meta":{"desktop":{"background-color":"var(--ast-global-color-5)","background-image":"","background-repeat":"repeat","background-position":"center center","background-size":"auto","background-attachment":"scroll","background-type":"","background-media":"","overlay-type":"","overlay-color":"","overlay-opacity":"","overlay-gradient":""},"tablet":{"background-color":"var(--ast-global-color-5)","background-image":"","background-repeat":"repeat","background-position":"center center","background-size":"auto","background-attachment":"scroll","background-type":"","background-media":"","overlay-type":"","overlay-color":"","overlay-opacity":"","overlay-gradient":""},"mobile":{"background-color":"var(--ast-global-color-5)","background-image":"","background-repeat":"repeat","background-position":"center center","background-size":"auto","background-attachment":"scroll","background-type":"","background-media":"","overlay-type":"","overlay-color":"","overlay-opacity":"","overlay-gradient":""}},"footnotes":""},"class_list":["post-1812","page","type-page","status-publish","hentry"],"jetpack_sharing_enabled":true,"_links":{"self":[{"href":"https:\/\/carhelpeurope.com\/ro\/wp-json\/wp\/v2\/pages\/1812","targetHints":{"allow":["GET"]}}],"collection":[{"href":"https:\/\/carhelpeurope.com\/ro\/wp-json\/wp\/v2\/pages"}],"about":[{"href":"https:\/\/carhelpeurope.com\/ro\/wp-json\/wp\/v2\/types\/page"}],"author":[{"embeddable":true,"href":"https:\/\/carhelpeurope.com\/ro\/wp-json\/wp\/v2\/users\/1"}],"replies":[{"embeddable":true,"href":"https:\/\/carhelpeurope.com\/ro\/wp-json\/wp\/v2\/comments?post=1812"}],"version-history":[{"count":1,"href":"https:\/\/carhelpeurope.com\/ro\/wp-json\/wp\/v2\/pages\/1812\/revisions"}],"predecessor-version":[{"id":3163,"href":"https:\/\/carhelpeurope.com\/ro\/wp-json\/wp\/v2\/pages\/1812\/revisions\/3163"}],"wp:attachment":[{"href":"https:\/\/carhelpeurope.com\/ro\/wp-json\/wp\/v2\/media?parent=1812"}],"curies":[{"name":"wp","href":"https:\/\/api.w.org\/{rel}","templated":true}]}}