{"id":2075,"date":"2023-07-14T20:15:05","date_gmt":"2023-07-14T20:15:05","guid":{"rendered":"https:\/\/carhelpeurope.com\/?post_type=product&#038;p=2075"},"modified":"2025-01-26T22:25:43","modified_gmt":"2025-01-26T22:25:43","slug":"individual-plan","status":"publish","type":"product","link":"https:\/\/carhelpeurope.com\/ro\/produs\/individual-plan\/","title":{"rendered":"Plan individual"},"content":{"rendered":"<p>\u201eC\u0103l\u0103tore\u0219te cu \u00eencredere prin Europa cu ajutorul nostru <strong>Pachet individual de acoperire juridic\u0103<\/strong>, conceput pentru a proteja \u0219oferii \u00eempotriva provoc\u0103rilor legale nea\u0219teptate \u00een timp ce se afl\u0103 pe drum. Pentru doar 18 EUR de persoan\u0103, acest pachet v\u0103 asigur\u0103 c\u0103 ave\u021bi acces la asisten\u021b\u0103 juridic\u0103 expert\u0103 ori de c\u00e2te ori ave\u021bi nevoie, f\u0103c\u00e2ndu-v\u0103 c\u0103l\u0103toria f\u0103r\u0103 griji.<\/p>\n<h4><strong>Caracteristici cheie<\/strong><\/h4>\n<ul>\n<li><strong>15 zile de protec\u021bie juridic\u0103 cuprinz\u0103toare<\/strong><br \/>\nBucura\u021bi-v\u0103 de acoperire legal\u0103 complet\u0103 timp de 15 zile consecutive, asigur\u00e2ndu-v\u0103 c\u0103 sunte\u021bi preg\u0103tit pentru orice situa\u021bie juridic\u0103 care ar putea ap\u0103rea.<\/li>\n<li><strong>Acoperire personalizat\u0103 pentru o singur\u0103 persoan\u0103<\/strong><br \/>\nIdeal pentru c\u0103l\u0103torii singuri, pachetul se adreseaz\u0103 adul\u021bilor sau minorilor, oferind asisten\u021b\u0103 juridic\u0103 personalizat\u0103 indiferent de situa\u021bia dvs.<\/li>\n<li><strong>Linie de asisten\u021b\u0103 expert\u0103 24\/7<\/strong><br \/>\nEchipa noastr\u0103 dedicat\u0103 este disponibil\u0103 non-stop pentru a oferi sfaturi profesionale, pentru a gestiona \u00eentreb\u0103rile \u0219i pentru a rezolva orice probleme juridice pe care le \u00eent\u00e2mpina\u021bi.<\/li>\n<li><strong>Asisten\u021b\u0103 juridic\u0103 \u00een caz de accident rutier<\/strong><br \/>\nIndiferent dac\u0103 este un incident minor sau un accident mai complex, exper\u021bii no\u0219tri juridici sunt aici pentru a v\u0103 reprezenta cele mai bune interese \u0219i pentru a naviga \u00een reglement\u0103rile locale.<\/li>\n<li><strong>Linie telefonic\u0103 de urgen\u021b\u0103 24\/7<\/strong><br \/>\nAcces imediat la asisten\u021b\u0103 ori de c\u00e2te ori apare o urgen\u021b\u0103. De la cea mai mic\u0103 \u00eengrijorare p\u00e2n\u0103 la probleme urgente, ajutorul este la doar un apel distan\u021b\u0103.<\/li>\n<\/ul>\n<h4><strong>De ce s\u0103 alege\u021bi pachetul de plan individual?<\/strong><\/h4>\n<p>Acest pachet este perfect pentru:<\/p>\n<ul>\n<li>\u0218oferi care se \u00eembarc\u0103 \u00een c\u0103l\u0103torii scurte prin Europa.<\/li>\n<li>Persoane care caut\u0103 o acoperire juridic\u0103 accesibil\u0103, dar cuprinz\u0103toare.<\/li>\n<li>Oricine c\u0103l\u0103tore\u0219te cu lini\u0219te sufleteasc\u0103 ca prioritate.<\/li>\n<\/ul>\n<h4><strong>Protec\u021bie accesibil\u0103, suport de neegalat<\/strong><\/h4>\n<p>Pentru doar 18 EUR, primi\u021bi o acoperire juridic\u0103 de \u00eenalt\u0103 calitate, care v\u0103 permite s\u0103 explora\u021bi Europa cu \u00eencredere. Nu l\u0103sa\u021bi incertitudinile juridice s\u0103 v\u0103 perturbe planurile de c\u0103l\u0103torie - l\u0103sa\u021bi-ne s\u0103 ne ocup\u0103m de complexit\u0103\u021bile, astfel \u00eenc\u00e2t s\u0103 v\u0103 pute\u021bi concentra pe a v\u0103 bucura de drumul pe care \u00eel urmeaz\u0103.\u201d<\/p>\n<hr \/>\n<p>&nbsp;<\/p>","protected":false},"excerpt":{"rendered":"<ul>\n<li>18\u20ac\/persoana<\/li>\n<li class=\"elementor-repeater-item-2cdb487\">15 zile de acoperire legal\u0103<\/li>\n<li class=\"elementor-repeater-item-ac74e14\">Pentru 1 persoana (adult sau minor)<\/li>\n<li class=\"elementor-repeater-item-706b376\">Asisten\u021b\u0103 24\/7<\/li>\n<li class=\"elementor-repeater-item-1613799\">Asisten\u021b\u0103 juridic\u0103 \u00een caz de accident rutier<\/li>\n<li class=\"elementor-repeater-item-c660d14\">Linie de urgen\u021b\u0103 24\/7<\/li>\n<\/ul>","protected":false},"featured_media":3064,"comment_status":"closed","ping_status":"closed","template":"","meta":{"site-sidebar-layout":"default","site-content-layout":"default","ast-site-content-layout":"default","site-content-style":"default","site-sidebar-style":"default","ast-global-header-display":"","ast-banner-title-visibility":"","ast-main-header-display":"","ast-hfb-above-header-display":"","ast-hfb-below-header-display":"","ast-hfb-mobile-header-display":"","site-post-title":"","ast-breadcrumbs-content":"","ast-featured-img":"","footer-sml-layout":"","ast-disable-related-posts":"","theme-transparent-header-meta":"default","adv-header-id-meta":"","stick-header-meta":"","header-above-stick-meta":"","header-main-stick-meta":"","header-below-stick-meta":"","astra-migrate-meta-layouts":"set","ast-page-background-enabled":"default","ast-page-background-meta":{"desktop":{"background-color":"","background-image":"","background-repeat":"repeat","background-position":"center center","background-size":"auto","background-attachment":"scroll","background-type":"","background-media":"","overlay-type":"","overlay-color":"","overlay-opacity":"","overlay-gradient":""},"tablet":{"background-color":"","background-image":"","background-repeat":"repeat","background-position":"center center","background-size":"auto","background-attachment":"scroll","background-type":"","background-media":"","overlay-type":"","overlay-color":"","overlay-opacity":"","overlay-gradient":""},"mobile":{"background-color":"","background-image":"","background-repeat":"repeat","background-position":"center center","background-size":"auto","background-attachment":"scroll","background-type":"","background-media":"","overlay-type":"","overlay-color":"","overlay-opacity":"","overlay-gradient":""}},"ast-content-background-meta":{"desktop":{"background-color":"var(--ast-global-color-5)","background-image":"","background-repeat":"repeat","background-position":"center center","background-size":"auto","background-attachment":"scroll","background-type":"","background-media":"","overlay-type":"","overlay-color":"","overlay-opacity":"","overlay-gradient":""},"tablet":{"background-color":"var(--ast-global-color-5)","background-image":"","background-repeat":"repeat","background-position":"center center","background-size":"auto","background-attachment":"scroll","background-type":"","background-media":"","overlay-type":"","overlay-color":"","overlay-opacity":"","overlay-gradient":""},"mobile":{"background-color":"var(--ast-global-color-5)","background-image":"","background-repeat":"repeat","background-position":"center center","background-size":"auto","background-attachment":"scroll","background-type":"","background-media":"","overlay-type":"","overlay-color":"","overlay-opacity":"","overlay-gradient":""}}},"product_brand":[],"product_cat":[43],"product_tag":[],"class_list":{"0":"post-2075","1":"product","2":"type-product","3":"status-publish","4":"has-post-thumbnail","6":"product_cat-tourist-plans","7":"desktop-align-left","8":"tablet-align-left","9":"mobile-align-left","11":"first","12":"instock","13":"virtual","14":"purchasable","15":"product-type-simple"},"jetpack_sharing_enabled":true,"_links":{"self":[{"href":"https:\/\/carhelpeurope.com\/ro\/wp-json\/wp\/v2\/product\/2075","targetHints":{"allow":["GET"]}}],"collection":[{"href":"https:\/\/carhelpeurope.com\/ro\/wp-json\/wp\/v2\/product"}],"about":[{"href":"https:\/\/carhelpeurope.com\/ro\/wp-json\/wp\/v2\/types\/product"}],"replies":[{"embeddable":true,"href":"https:\/\/carhelpeurope.com\/ro\/wp-json\/wp\/v2\/comments?post=2075"}],"wp:featuredmedia":[{"embeddable":true,"href":"https:\/\/carhelpeurope.com\/ro\/wp-json\/wp\/v2\/media\/3064"}],"wp:attachment":[{"href":"https:\/\/carhelpeurope.com\/ro\/wp-json\/wp\/v2\/media?parent=2075"}],"wp:term":[{"taxonomy":"product_brand","embeddable":true,"href":"https:\/\/carhelpeurope.com\/ro\/wp-json\/wp\/v2\/product_brand?post=2075"},{"taxonomy":"product_cat","embeddable":true,"href":"https:\/\/carhelpeurope.com\/ro\/wp-json\/wp\/v2\/product_cat?post=2075"},{"taxonomy":"product_tag","embeddable":true,"href":"https:\/\/carhelpeurope.com\/ro\/wp-json\/wp\/v2\/product_tag?post=2075"}],"curies":[{"name":"wp","href":"https:\/\/api.w.org\/{rel}","templated":true}]}}