{"id":2094,"date":"2023-07-14T20:43:24","date_gmt":"2023-07-14T20:43:24","guid":{"rendered":"https:\/\/carhelpeurope.com\/?post_type=product&#038;p=2094"},"modified":"2025-01-26T22:09:56","modified_gmt":"2025-01-26T22:09:56","slug":"short-term-plan","status":"publish","type":"product","link":"https:\/\/carhelpeurope.com\/ro\/produs\/short-term-plan\/","title":{"rendered":"Plan pe termen scurt"},"content":{"rendered":"<p><strong>C\u0103l\u0103tori\u021bi cu \u00eencredere \u00een toat\u0103 Europa cu planul nostru de acoperire juridic\u0103 pe termen scurt<\/strong><\/p>\n<p>Perfect pentru c\u0103l\u0103torii scurte, planul nostru pe termen scurt ofer\u0103 o acoperire legal\u0103 de \u00eencredere pentru c\u0103l\u0103torii care dureaz\u0103 \u00eentre 1 \u0219i 7 zile. La doar 10 EUR de persoan\u0103, acest pachet v\u0103 asigur\u0103 c\u0103 ave\u021bi acces la asisten\u021b\u0103 de specialitate pentru orice provoc\u0103ri legale nea\u0219teptate \u00een timpul c\u0103l\u0103toriilor dumneavoastr\u0103.<\/p>\n<h3><strong>Caracteristici cheie<\/strong><\/h3>\n<p><strong>Acoperire legal\u0103 pentru 1 p\u00e2n\u0103 la 7 zile<\/strong><br \/>\nAdaptat pentru c\u0103l\u0103torii pe termen scurt, acest plan v\u0103 asigur\u0103 c\u0103 sunte\u021bi preg\u0103tit pentru orice situa\u021bie juridic\u0103 care ar putea ap\u0103rea, indiferent c\u00e2t de scurt\u0103 este c\u0103l\u0103toria dvs.<\/p>\n<p><strong>Acoperire personalizat\u0103 pentru o singur\u0103 persoan\u0103<\/strong><br \/>\nIdeal pentru c\u0103l\u0103torii singuri, planul ofer\u0103 asisten\u021b\u0103 juridic\u0103 personalizat\u0103 pentru a r\u0103spunde nevoilor dumneavoastr\u0103 specifice.<\/p>\n<p><strong>Linie de asisten\u021b\u0103 expert\u0103 24\/7<\/strong><br \/>\nEchipa noastr\u0103 juridic\u0103 dedicat\u0103 este disponibil\u0103 non-stop pentru a r\u0103spunde la \u00eentreb\u0103ri, pentru a oferi sfaturi \u0219i pentru a gestiona orice problem\u0103 juridic\u0103.<\/p>\n<p><strong>Asisten\u021b\u0103 juridic\u0103 \u00een caz de accident rutier<\/strong><br \/>\nIndiferent dac\u0103 este un incident minor sau o situa\u021bie complex\u0103, exper\u021bii no\u0219tri juridici sunt aici pentru a v\u0103 ghida prin reglement\u0103rile locale \u0219i pentru a v\u0103 proteja interesele.<\/p>\n<p><strong>Linie telefonic\u0103 de urgen\u021b\u0103 24\/7<\/strong><br \/>\nAsisten\u021ba imediat\u0103 este la doar un apel distan\u021b\u0103, asigur\u00e2ndu-v\u0103 c\u0103 ajutorul este \u00eentotdeauna disponibil atunci c\u00e2nd ave\u021bi cea mai mare nevoie.<\/p>\n<hr \/>\n<h3><strong>De ce s\u0103 alege\u021bi planul pe termen scurt?<\/strong><\/h3>\n<p>Acest pachet este perfect pentru:<\/p>\n<ul>\n<li>\u0218oferii care pornesc scurte c\u0103l\u0103torii rutiere prin Europa.<\/li>\n<li>C\u0103l\u0103tori care caut\u0103 acoperire legal\u0103 temporar\u0103 \u0219i accesibil\u0103.<\/li>\n<li>Oricine acord\u0103 prioritate siguran\u021bei \u0219i confortului \u00een timpul c\u0103l\u0103toriilor pe termen scurt.<\/li>\n<\/ul>\n<hr \/>\n<h3><strong>Protec\u021bie accesibil\u0103, adaptat\u0103 pentru c\u0103l\u0103torii scurte<\/strong><\/h3>\n<p>Pentru doar 10 EUR de persoan\u0103, Planul pe termen scurt ofer\u0103 o acoperire legal\u0103 esen\u021bial\u0103 pentru c\u0103l\u0103torii care dureaz\u0103 p\u00e2n\u0103 la 7 zile. Nu l\u0103sa\u021bi incertitudinile juridice s\u0103 v\u0103 perturbe planurile - bazeaz\u0103-te pe noi pentru a gestiona complexit\u0103\u021bile, astfel \u00eenc\u00e2t s\u0103 te po\u021bi concentra pe a te bucura de c\u0103l\u0103toria ta.<\/p>","protected":false},"excerpt":{"rendered":"<ul>\n<li>10\u20ac\/persoana<\/li>\n<li class=\"elementor-repeater-item-2cdb487\">1 p\u00e2n\u0103 la 7 zile de acoperire legal\u0103<\/li>\n<li class=\"elementor-repeater-item-706b376\">Asisten\u021b\u0103 24\/7<\/li>\n<li class=\"elementor-repeater-item-1613799\">Asisten\u021b\u0103 juridic\u0103 \u00een caz de accident rutier<\/li>\n<li class=\"elementor-repeater-item-c660d14\">Linie de urgen\u021b\u0103 24\/7<\/li>\n<\/ul>","protected":false},"featured_media":3063,"comment_status":"closed","ping_status":"closed","template":"","meta":{"site-sidebar-layout":"default","site-content-layout":"default","ast-site-content-layout":"default","site-content-style":"default","site-sidebar-style":"default","ast-global-header-display":"","ast-banner-title-visibility":"","ast-main-header-display":"","ast-hfb-above-header-display":"","ast-hfb-below-header-display":"","ast-hfb-mobile-header-display":"","site-post-title":"","ast-breadcrumbs-content":"","ast-featured-img":"","footer-sml-layout":"","ast-disable-related-posts":"","theme-transparent-header-meta":"default","adv-header-id-meta":"","stick-header-meta":"","header-above-stick-meta":"","header-main-stick-meta":"","header-below-stick-meta":"","astra-migrate-meta-layouts":"set","ast-page-background-enabled":"default","ast-page-background-meta":{"desktop":{"background-color":"","background-image":"","background-repeat":"repeat","background-position":"center center","background-size":"auto","background-attachment":"scroll","background-type":"","background-media":"","overlay-type":"","overlay-color":"","overlay-opacity":"","overlay-gradient":""},"tablet":{"background-color":"","background-image":"","background-repeat":"repeat","background-position":"center center","background-size":"auto","background-attachment":"scroll","background-type":"","background-media":"","overlay-type":"","overlay-color":"","overlay-opacity":"","overlay-gradient":""},"mobile":{"background-color":"","background-image":"","background-repeat":"repeat","background-position":"center center","background-size":"auto","background-attachment":"scroll","background-type":"","background-media":"","overlay-type":"","overlay-color":"","overlay-opacity":"","overlay-gradient":""}},"ast-content-background-meta":{"desktop":{"background-color":"var(--ast-global-color-5)","background-image":"","background-repeat":"repeat","background-position":"center center","background-size":"auto","background-attachment":"scroll","background-type":"","background-media":"","overlay-type":"","overlay-color":"","overlay-opacity":"","overlay-gradient":""},"tablet":{"background-color":"var(--ast-global-color-5)","background-image":"","background-repeat":"repeat","background-position":"center center","background-size":"auto","background-attachment":"scroll","background-type":"","background-media":"","overlay-type":"","overlay-color":"","overlay-opacity":"","overlay-gradient":""},"mobile":{"background-color":"var(--ast-global-color-5)","background-image":"","background-repeat":"repeat","background-position":"center center","background-size":"auto","background-attachment":"scroll","background-type":"","background-media":"","overlay-type":"","overlay-color":"","overlay-opacity":"","overlay-gradient":""}}},"product_brand":[],"product_cat":[43],"product_tag":[],"class_list":{"0":"post-2094","1":"product","2":"type-product","3":"status-publish","4":"has-post-thumbnail","6":"product_cat-tourist-plans","7":"desktop-align-left","8":"tablet-align-left","9":"mobile-align-left","11":"first","12":"instock","13":"virtual","14":"purchasable","15":"product-type-simple"},"jetpack_sharing_enabled":true,"_links":{"self":[{"href":"https:\/\/carhelpeurope.com\/ro\/wp-json\/wp\/v2\/product\/2094","targetHints":{"allow":["GET"]}}],"collection":[{"href":"https:\/\/carhelpeurope.com\/ro\/wp-json\/wp\/v2\/product"}],"about":[{"href":"https:\/\/carhelpeurope.com\/ro\/wp-json\/wp\/v2\/types\/product"}],"replies":[{"embeddable":true,"href":"https:\/\/carhelpeurope.com\/ro\/wp-json\/wp\/v2\/comments?post=2094"}],"wp:featuredmedia":[{"embeddable":true,"href":"https:\/\/carhelpeurope.com\/ro\/wp-json\/wp\/v2\/media\/3063"}],"wp:attachment":[{"href":"https:\/\/carhelpeurope.com\/ro\/wp-json\/wp\/v2\/media?parent=2094"}],"wp:term":[{"taxonomy":"product_brand","embeddable":true,"href":"https:\/\/carhelpeurope.com\/ro\/wp-json\/wp\/v2\/product_brand?post=2094"},{"taxonomy":"product_cat","embeddable":true,"href":"https:\/\/carhelpeurope.com\/ro\/wp-json\/wp\/v2\/product_cat?post=2094"},{"taxonomy":"product_tag","embeddable":true,"href":"https:\/\/carhelpeurope.com\/ro\/wp-json\/wp\/v2\/product_tag?post=2094"}],"curies":[{"name":"wp","href":"https:\/\/api.w.org\/{rel}","templated":true}]}}