{"id":2095,"date":"2023-07-14T20:45:39","date_gmt":"2023-07-14T20:45:39","guid":{"rendered":"https:\/\/carhelpeurope.com\/?post_type=product&#038;p=2095"},"modified":"2025-01-26T22:33:10","modified_gmt":"2025-01-26T22:33:10","slug":"family-plan","status":"publish","type":"product","link":"https:\/\/carhelpeurope.com\/ro\/produs\/family-plan\/","title":{"rendered":"Planul de familie"},"content":{"rendered":"<p><strong>C\u0103l\u0103tori\u021bi cu \u00eencredere \u00een toat\u0103 Europa cu pachetul nostru de acoperire juridic\u0103 pentru familie<\/strong><\/p>\n<p>\u00cencepe\u021bi-v\u0103 aventurile europene cu asigurarea c\u0103 \u00eentreaga familie este protejat\u0103 \u00eempotriva provoc\u0103rilor legale nea\u0219teptate. Planul nostru de familie ofer\u0103 o acoperire complet\u0103 la doar 35 EUR per familie, asigur\u00e2nd asisten\u021b\u0103 juridic\u0103 de specialitate ori de c\u00e2te ori este nevoie, astfel \u00eenc\u00e2t s\u0103 v\u0103 pute\u021bi concentra pe crearea amintirilor f\u0103r\u0103 griji.<\/p>\n<h3><strong>Caracteristici cheie<\/strong><\/h3>\n<p><strong>30 de zile de protec\u021bie juridic\u0103 cuprinz\u0103toare<\/strong><br \/>\nBucura\u021bi-v\u0103 de acoperire legal\u0103 complet\u0103 timp de 30 de zile consecutive, oferindu-v\u0103 familiei \u00eencrederea de a face fa\u021b\u0103 oric\u0103rei situa\u021bii legale care ar putea ap\u0103rea \u00een timpul c\u0103l\u0103toriilor dumneavoastr\u0103.<\/p>\n<p><strong>Acoperire pentru membrii familiei<\/strong><br \/>\nAcest plan este conceput pentru familii, oferind sprijin legal pentru adul\u021bi \u0219i minori, f\u0103c\u00e2ndu-l ideal pentru c\u0103l\u0103torii de grup sau vacan\u021be de familie.<\/p>\n<p><strong>Linie de asisten\u021b\u0103 expert\u0103 24\/7<\/strong><br \/>\nEchipa noastr\u0103 juridic\u0103 dedicat\u0103 este disponibil\u0103 non-stop pentru a oferi sfaturi profesionale, pentru a r\u0103spunde \u00eentreb\u0103rilor \u0219i pentru a rezolva orice probleme juridice.<\/p>\n<p><strong>Asisten\u021b\u0103 juridic\u0103 \u00een caz de accident rutier<\/strong><br \/>\nFie c\u0103 este vorba despre o eroare minor\u0103 a aripilor sau de un incident mai complex, exper\u021bii no\u0219tri juridici vor reprezenta interesele familiei dvs. \u0219i v\u0103 vor ajuta s\u0103 naviga\u021bi \u00een reglement\u0103rile locale.<\/p>\n<p><strong>Linie telefonic\u0103 de urgen\u021b\u0103 24\/7<\/strong><br \/>\nAsisten\u021ba imediat\u0103 este \u00eentotdeauna la doar un telefon distan\u021b\u0103. De la preocup\u0103ri minore la probleme urgente, ajutorul este disponibil ori de c\u00e2te ori ave\u021bi nevoie.<\/p>\n<hr \/>\n<h3><strong>De ce s\u0103 alege\u021bi planul de familie?<\/strong><\/h3>\n<p>Acest pachet este perfect pentru:<\/p>\n<ul>\n<li>Familii care pl\u0103nuiesc c\u0103l\u0103torii rutiere prin Europa, care apreciaz\u0103 siguran\u021ba \u0219i lini\u0219tea sufleteasc\u0103.<\/li>\n<li>P\u0103rin\u021bii care caut\u0103 o acoperire legal\u0103 accesibil\u0103 \u0219i de \u00eencredere pentru cei dragi.<\/li>\n<li>C\u0103l\u0103torii care doresc un sprijin complet pe tot parcursul c\u0103l\u0103toriei lor.<\/li>\n<\/ul>\n<hr \/>\n<h3><strong>Protec\u021bie accesibil\u0103, suport de neegalat<\/strong><\/h3>\n<p>Pentru doar 35 EUR per familie, Planul de familie ofer\u0103 o acoperire legal\u0103 de \u00eenalt\u0103 calitate, care v\u0103 permite s\u0103 c\u0103l\u0103tori\u021bi cu \u00eencredere. Nu l\u0103sa\u021bi incertitudinile juridice s\u0103 perturbe aventurile familiei dvs. - ave\u021bi \u00eencredere \u00een noi c\u0103 ne ocup\u0103m de complexit\u0103\u021bile, astfel \u00eenc\u00e2t s\u0103 v\u0103 pute\u021bi concentra pe a v\u0103 bucura de c\u0103l\u0103toria \u00eempreun\u0103.<\/p>","protected":false},"excerpt":{"rendered":"<ul>\n<li>35\u20ac\/per familie<\/li>\n<li>30 de zile de acoperire legal\u0103<\/li>\n<li>Asisten\u021b\u0103 24\/7<\/li>\n<li>Asisten\u021b\u0103 juridic\u0103 \u00een caz de accident rutier<\/li>\n<li>Linie de urgen\u021b\u0103 24\/7<\/li>\n<\/ul>","protected":false},"featured_media":3061,"comment_status":"closed","ping_status":"closed","template":"","meta":{"site-sidebar-layout":"default","site-content-layout":"default","ast-site-content-layout":"default","site-content-style":"default","site-sidebar-style":"default","ast-global-header-display":"","ast-banner-title-visibility":"","ast-main-header-display":"","ast-hfb-above-header-display":"","ast-hfb-below-header-display":"","ast-hfb-mobile-header-display":"","site-post-title":"","ast-breadcrumbs-content":"","ast-featured-img":"","footer-sml-layout":"","ast-disable-related-posts":"","theme-transparent-header-meta":"default","adv-header-id-meta":"","stick-header-meta":"","header-above-stick-meta":"","header-main-stick-meta":"","header-below-stick-meta":"","astra-migrate-meta-layouts":"set","ast-page-background-enabled":"default","ast-page-background-meta":{"desktop":{"background-color":"","background-image":"","background-repeat":"repeat","background-position":"center center","background-size":"auto","background-attachment":"scroll","background-type":"","background-media":"","overlay-type":"","overlay-color":"","overlay-opacity":"","overlay-gradient":""},"tablet":{"background-color":"","background-image":"","background-repeat":"repeat","background-position":"center center","background-size":"auto","background-attachment":"scroll","background-type":"","background-media":"","overlay-type":"","overlay-color":"","overlay-opacity":"","overlay-gradient":""},"mobile":{"background-color":"","background-image":"","background-repeat":"repeat","background-position":"center center","background-size":"auto","background-attachment":"scroll","background-type":"","background-media":"","overlay-type":"","overlay-color":"","overlay-opacity":"","overlay-gradient":""}},"ast-content-background-meta":{"desktop":{"background-color":"var(--ast-global-color-5)","background-image":"","background-repeat":"repeat","background-position":"center center","background-size":"auto","background-attachment":"scroll","background-type":"","background-media":"","overlay-type":"","overlay-color":"","overlay-opacity":"","overlay-gradient":""},"tablet":{"background-color":"var(--ast-global-color-5)","background-image":"","background-repeat":"repeat","background-position":"center center","background-size":"auto","background-attachment":"scroll","background-type":"","background-media":"","overlay-type":"","overlay-color":"","overlay-opacity":"","overlay-gradient":""},"mobile":{"background-color":"var(--ast-global-color-5)","background-image":"","background-repeat":"repeat","background-position":"center center","background-size":"auto","background-attachment":"scroll","background-type":"","background-media":"","overlay-type":"","overlay-color":"","overlay-opacity":"","overlay-gradient":""}}},"product_brand":[],"product_cat":[43],"product_tag":[],"class_list":{"0":"post-2095","1":"product","2":"type-product","3":"status-publish","4":"has-post-thumbnail","6":"product_cat-tourist-plans","7":"desktop-align-left","8":"tablet-align-left","9":"mobile-align-left","11":"first","12":"instock","13":"virtual","14":"purchasable","15":"product-type-simple"},"jetpack_sharing_enabled":true,"_links":{"self":[{"href":"https:\/\/carhelpeurope.com\/ro\/wp-json\/wp\/v2\/product\/2095","targetHints":{"allow":["GET"]}}],"collection":[{"href":"https:\/\/carhelpeurope.com\/ro\/wp-json\/wp\/v2\/product"}],"about":[{"href":"https:\/\/carhelpeurope.com\/ro\/wp-json\/wp\/v2\/types\/product"}],"replies":[{"embeddable":true,"href":"https:\/\/carhelpeurope.com\/ro\/wp-json\/wp\/v2\/comments?post=2095"}],"wp:featuredmedia":[{"embeddable":true,"href":"https:\/\/carhelpeurope.com\/ro\/wp-json\/wp\/v2\/media\/3061"}],"wp:attachment":[{"href":"https:\/\/carhelpeurope.com\/ro\/wp-json\/wp\/v2\/media?parent=2095"}],"wp:term":[{"taxonomy":"product_brand","embeddable":true,"href":"https:\/\/carhelpeurope.com\/ro\/wp-json\/wp\/v2\/product_brand?post=2095"},{"taxonomy":"product_cat","embeddable":true,"href":"https:\/\/carhelpeurope.com\/ro\/wp-json\/wp\/v2\/product_cat?post=2095"},{"taxonomy":"product_tag","embeddable":true,"href":"https:\/\/carhelpeurope.com\/ro\/wp-json\/wp\/v2\/product_tag?post=2095"}],"curies":[{"name":"wp","href":"https:\/\/api.w.org\/{rel}","templated":true}]}}