{"id":1730,"date":"2023-06-03T13:35:53","date_gmt":"2023-06-03T13:35:53","guid":{"rendered":"https:\/\/carhelpeurope.com\/?page_id=1730"},"modified":"2025-01-27T00:50:10","modified_gmt":"2025-01-27T00:50:10","slug":"plan-your-trip","status":"publish","type":"page","link":"https:\/\/carhelpeurope.com\/tr\/plan-your-trip\/","title":{"rendered":"Seyahatinizi Planlay\u0131n"},"content":{"rendered":"<div data-elementor-type=\"wp-page\" data-elementor-id=\"1730\" class=\"elementor elementor-1730\" data-elementor-post-type=\"page\">\n\t\t\t\t\t\t<section class=\"elementor-section elementor-top-section elementor-element elementor-element-f6c6c7c elementor-section-boxed elementor-section-height-default elementor-section-height-default\" data-id=\"f6c6c7c\" data-element_type=\"section\" data-e-type=\"section\" data-settings=\"{&quot;background_background&quot;:&quot;classic&quot;}\">\n\t\t\t\t\t\t<div class=\"elementor-container elementor-column-gap-no\">\n\t\t\t\t\t<div class=\"elementor-column elementor-col-100 elementor-top-column elementor-element elementor-element-03c152a\" data-id=\"03c152a\" data-element_type=\"column\" data-e-type=\"column\">\n\t\t\t<div class=\"elementor-widget-wrap elementor-element-populated\">\n\t\t\t\t\t\t<div class=\"elementor-element elementor-element-2e9d5fb elementor-widget elementor-widget-heading\" data-id=\"2e9d5fb\" data-element_type=\"widget\" data-e-type=\"widget\" data-widget_type=\"heading.default\">\n\t\t\t\t<div class=\"elementor-widget-container\">\n\t\t\t\t\t<h1 class=\"elementor-heading-title elementor-size-default\">Seyahatinizi Planlay\u0131n<\/h1>\t\t\t\t<\/div>\n\t\t\t\t<\/div>\n\t\t\t\t\t<\/div>\n\t\t<\/div>\n\t\t\t\t\t<\/div>\n\t\t<\/section>\n\t\t\t\t<section class=\"elementor-section elementor-top-section elementor-element elementor-element-5f889d6 elementor-section-boxed elementor-section-height-default elementor-section-height-default\" data-id=\"5f889d6\" data-element_type=\"section\" data-e-type=\"section\" data-settings=\"{&quot;background_background&quot;:&quot;classic&quot;}\">\n\t\t\t\t\t\t<div class=\"elementor-container elementor-column-gap-no\">\n\t\t\t\t\t<div class=\"elementor-column elementor-col-50 elementor-top-column elementor-element elementor-element-c0af683\" data-id=\"c0af683\" data-element_type=\"column\" data-e-type=\"column\" data-settings=\"{&quot;background_background&quot;:&quot;classic&quot;}\">\n\t\t\t<div class=\"elementor-widget-wrap elementor-element-populated\">\n\t\t\t\t\t\t<div class=\"elementor-element elementor-element-9bc5ead elementor-widget elementor-widget-heading\" data-id=\"9bc5ead\" data-element_type=\"widget\" data-e-type=\"widget\" data-widget_type=\"heading.default\">\n\t\t\t\t<div class=\"elementor-widget-container\">\n\t\t\t\t\t<h2 class=\"elementor-heading-title elementor-size-default\">\u0130\u00e7inizin rahat olmas\u0131 i\u00e7in \u015fimdi plan yap\u0131n<\/h2>\t\t\t\t<\/div>\n\t\t\t\t<\/div>\n\t\t\t\t<div class=\"elementor-element elementor-element-cae79fa elementor-widget elementor-widget-text-editor\" data-id=\"cae79fa\" data-element_type=\"widget\" data-e-type=\"widget\" data-widget_type=\"text-editor.default\">\n\t\t\t\t<div class=\"elementor-widget-container\">\n\t\t\t\t\t\t\t\t\t<p>Car Help Europe (CHE) olarak seyahat deneyiminizi daha iyi hale getirmeye kararl\u0131y\u0131z ve bunu tek ba\u015f\u0131m\u0131za yapamazd\u0131k. Bu nedenle, kusursuz ve sorunsuz bir tatil sunma vizyonumuzu payla\u015fan g\u00fcvenilir seyahat end\u00fcstrisi liderleriyle ortakl\u0131k kurduk.<\/p>\n<p>Seyahat ortaklar\u0131m\u0131z, seyahatinizin keyfini g\u00f6n\u00fcl rahatl\u0131\u011f\u0131yla \u00e7\u0131karabilmenizi sa\u011flamak i\u00e7in aksakl\u0131klar\u0131 en aza indirmek i\u00e7in elinden geleni yap\u0131yor. Planlar\u0131n\u0131z\u0131 korumak i\u00e7in \u00fccretsiz iptal ko\u015fullar\u0131 sunan otellerden, ka\u00e7\u0131r\u0131lan ba\u011flant\u0131lar\u0131 kapsayan u\u00e7u\u015f koruma hizmetlerine kadar, ortaklar\u0131m\u0131z size yard\u0131mc\u0131 olur. Yerel halktan i\u00e7eriden ipu\u00e7lar\u0131na ve \u00f6nerilere mi ihtiyac\u0131n\u0131z var? Bu da onlarda var.<\/p>\n<p>Seyahat ortaklar\u0131m\u0131z\u0131n deste\u011fiyle konforunuzu ve rahatl\u0131\u011f\u0131n\u0131z\u0131 \u00f6n planda tutan kapsaml\u0131 bir ekosistem yarat\u0131yoruz. Birlikte, ola\u011fan\u00fcst\u00fc yasal kapsam ve seyahat hizmetlerinin kusursuz bir kar\u0131\u015f\u0131m\u0131n\u0131 sunarak seyahat deneyiminizi geli\u015ftirmeye \u00e7al\u0131\u015f\u0131yoruz. Arkan\u0131za yaslan\u0131n, rahatlay\u0131n ve b\u0131rak\u0131n biz ve g\u00fcvenilir ortaklar\u0131m\u0131z ayr\u0131nt\u0131larla ilgilensin, b\u00f6ylece endi\u015fesiz tatiliniz boyunca unutulmaz an\u0131lar yaratmaya odaklan\u0131n.<\/p>\t\t\t\t\t\t\t\t<\/div>\n\t\t\t\t<\/div>\n\t\t\t\t\t<\/div>\n\t\t<\/div>\n\t\t\t\t<div class=\"elementor-column elementor-col-50 elementor-top-column elementor-element elementor-element-9531966\" data-id=\"9531966\" data-element_type=\"column\" data-e-type=\"column\" data-settings=\"{&quot;background_background&quot;:&quot;classic&quot;}\">\n\t\t\t<div class=\"elementor-widget-wrap elementor-element-populated\">\n\t\t\t\t\t\t<div class=\"elementor-element elementor-element-6031ad7 elementor-widget elementor-widget-image\" data-id=\"6031ad7\" data-element_type=\"widget\" data-e-type=\"widget\" data-widget_type=\"image.default\">\n\t\t\t\t<div class=\"elementor-widget-container\">\n\t\t\t\t\t\t\t\t\t\t\t\t\t\t\t<img fetchpriority=\"high\" decoding=\"async\" width=\"1024\" height=\"683\" src=\"https:\/\/carhelpeurope.com\/wp-content\/uploads\/2023\/05\/carhelplegal-1024x683.jpg\" class=\"attachment-large size-large wp-image-1528\" alt=\"plan your trip with car help europe\" srcset=\"https:\/\/carhelpeurope.com\/wp-content\/uploads\/2023\/05\/carhelplegal-1024x683.jpg 1024w, https:\/\/carhelpeurope.com\/wp-content\/uploads\/2023\/05\/carhelplegal-scaled-600x400.jpg 600w, https:\/\/carhelpeurope.com\/wp-content\/uploads\/2023\/05\/carhelplegal-300x200.jpg 300w, https:\/\/carhelpeurope.com\/wp-content\/uploads\/2023\/05\/carhelplegal-768x512.jpg 768w, https:\/\/carhelpeurope.com\/wp-content\/uploads\/2023\/05\/carhelplegal-1536x1024.jpg 1536w, https:\/\/carhelpeurope.com\/wp-content\/uploads\/2023\/05\/carhelplegal-2048x1365.jpg 2048w\" sizes=\"(max-width: 1024px) 100vw, 1024px\" title=\"\">\t\t\t\t\t\t\t\t\t\t\t\t\t\t\t<\/div>\n\t\t\t\t<\/div>\n\t\t\t\t\t<\/div>\n\t\t<\/div>\n\t\t\t\t\t<\/div>\n\t\t<\/section>\n\t\t\t\t<section class=\"elementor-section elementor-top-section elementor-element elementor-element-ee54d7b elementor-section-boxed elementor-section-height-default elementor-section-height-default\" data-id=\"ee54d7b\" data-element_type=\"section\" data-e-type=\"section\" data-settings=\"{&quot;background_background&quot;:&quot;classic&quot;}\">\n\t\t\t\t\t\t<div class=\"elementor-container elementor-column-gap-no\">\n\t\t\t\t\t<div class=\"elementor-column elementor-col-100 elementor-top-column elementor-element elementor-element-afc287f\" data-id=\"afc287f\" data-element_type=\"column\" data-e-type=\"column\">\n\t\t\t<div class=\"elementor-widget-wrap elementor-element-populated\">\n\t\t\t\t\t\t<div class=\"elementor-element elementor-element-a01fd08 elementor-widget elementor-widget-heading\" data-id=\"a01fd08\" data-element_type=\"widget\" data-e-type=\"widget\" data-widget_type=\"heading.default\">\n\t\t\t\t<div class=\"elementor-widget-container\">\n\t\t\t\t\t<h2 class=\"elementor-heading-title elementor-size-default\">Seyahat Ortaklar\u0131m\u0131z<\/h2>\t\t\t\t<\/div>\n\t\t\t\t<\/div>\n\t\t\t\t<section class=\"elementor-section elementor-inner-section elementor-element elementor-element-936132b elementor-section-boxed elementor-section-height-default elementor-section-height-default\" data-id=\"936132b\" data-element_type=\"section\" data-e-type=\"section\">\n\t\t\t\t\t\t<div class=\"elementor-container elementor-column-gap-no\">\n\t\t\t\t\t<div class=\"elementor-column elementor-col-33 elementor-inner-column elementor-element elementor-element-d16e9ed\" data-id=\"d16e9ed\" data-element_type=\"column\" data-e-type=\"column\" data-settings=\"{&quot;background_background&quot;:&quot;classic&quot;}\">\n\t\t\t<div class=\"elementor-widget-wrap elementor-element-populated\">\n\t\t\t\t\t\t<div class=\"elementor-element elementor-element-d440cf4 elementor-widget elementor-widget-heading\" data-id=\"d440cf4\" data-element_type=\"widget\" data-e-type=\"widget\" data-widget_type=\"heading.default\">\n\t\t\t\t<div class=\"elementor-widget-container\">\n\t\t\t\t\t<h3 class=\"elementor-heading-title elementor-size-default\"><a href=\"http:\/\/booking.com\" target=\"_blank\" rel=\"noopener\">Booking.com<\/a><\/h3>\t\t\t\t<\/div>\n\t\t\t\t<\/div>\n\t\t\t\t<div class=\"elementor-element elementor-element-a4fd84f elementor-widget elementor-widget-text-editor\" data-id=\"a4fd84f\" data-element_type=\"widget\" data-e-type=\"widget\" data-widget_type=\"text-editor.default\">\n\t\t\t\t<div class=\"elementor-widget-container\">\n\t\t\t\t\t\t\t\t\t<p>Ak\u0131ll\u0131ca rezervasyon yapabilmenizi sa\u011flamak i\u00e7in inan\u0131lmaz \u00e7e\u015fitlilikte iptal olanaklar\u0131 ve zaman dilimleri sunar; planlama yaparken esneklik sa\u011flar ve i\u015fler planland\u0131\u011f\u0131 gibi gitmedi\u011finde rezervasyonlar\u0131 de\u011fi\u015ftirme \u015fans\u0131 tan\u0131r.<\/p>\t\t\t\t\t\t\t\t<\/div>\n\t\t\t\t<\/div>\n\t\t\t\t<div class=\"elementor-element elementor-element-2682884 elementor-align-center elementor-widget elementor-widget-button\" data-id=\"2682884\" data-element_type=\"widget\" data-e-type=\"widget\" data-widget_type=\"button.default\">\n\t\t\t\t<div class=\"elementor-widget-container\">\n\t\t\t\t\t\t\t\t\t<div class=\"elementor-button-wrapper\">\n\t\t\t\t\t<a class=\"elementor-button elementor-button-link elementor-size-sm\" href=\"https:\/\/www.booking.com\/index.html?aid=7994786\" target=\"_blank\" rel=\"noopener\">\n\t\t\t\t\t\t<span class=\"elementor-button-content-wrapper\">\n\t\t\t\t\t\t\t\t\t<span class=\"elementor-button-text\">\u015eimdi Rezervasyon Yap\u0131n<\/span>\n\t\t\t\t\t<\/span>\n\t\t\t\t\t<\/a>\n\t\t\t\t<\/div>\n\t\t\t\t\t\t\t\t<\/div>\n\t\t\t\t<\/div>\n\t\t\t\t\t<\/div>\n\t\t<\/div>\n\t\t\t\t<div class=\"elementor-column elementor-col-33 elementor-inner-column elementor-element elementor-element-642e7b5\" data-id=\"642e7b5\" data-element_type=\"column\" data-e-type=\"column\" data-settings=\"{&quot;background_background&quot;:&quot;classic&quot;}\">\n\t\t\t<div class=\"elementor-widget-wrap elementor-element-populated\">\n\t\t\t\t\t\t<div class=\"elementor-element elementor-element-eb427f3 elementor-widget elementor-widget-heading\" data-id=\"eb427f3\" data-element_type=\"widget\" data-e-type=\"widget\" data-widget_type=\"heading.default\">\n\t\t\t\t<div class=\"elementor-widget-container\">\n\t\t\t\t\t<h5 class=\"elementor-heading-title elementor-size-default\"><a href=\"https:\/\/wanderlog.com\/plan\/create\" target=\"_blank\" rel=\"noopener\">Gezi g\u00fcnl\u00fc\u011f\u00fc<\/a><\/h5>\t\t\t\t<\/div>\n\t\t\t\t<\/div>\n\t\t\t\t<div class=\"elementor-element elementor-element-7b509b0 elementor-widget elementor-widget-text-editor\" data-id=\"7b509b0\" data-element_type=\"widget\" data-e-type=\"widget\" data-widget_type=\"text-editor.default\">\n\t\t\t\t<div class=\"elementor-widget-container\">\n\t\t\t\t\t\t\t\t\t<div class=\"x-el c1-1 c1-2 c1-1a c1-1b c1-7h c1-1d c1-1e c1-9i c1-9j c1-b c1-8g c1-9k c1-1h c1-9l c1-9m c1-9n c1-9o x-rt\" data-ux=\"ContentOverlayCardText\" data-aid=\"ABOUT_DESCRIPTION_RENDERED1\" data-typography=\"BodyBeta\" data-font-scaled=\"true\"><p>Kullan\u0131c\u0131lar\u0131n \u00f6zelle\u015ftirilebilir g\u00fczergahlar olu\u015fturmas\u0131na, u\u00e7u\u015f ve konaklama gibi seyahat ayr\u0131nt\u0131lar\u0131n\u0131 kaydetmesine ve planlar\u0131n\u0131 arkada\u015flar\u0131 ve aileleriyle payla\u015fmas\u0131na olanak tan\u0131r.\u00a0<\/p><\/div>\t\t\t\t\t\t\t\t<\/div>\n\t\t\t\t<\/div>\n\t\t\t\t<div class=\"elementor-element elementor-element-e8f3e10 elementor-align-center elementor-widget elementor-widget-button\" data-id=\"e8f3e10\" data-element_type=\"widget\" data-e-type=\"widget\" data-widget_type=\"button.default\">\n\t\t\t\t<div class=\"elementor-widget-container\">\n\t\t\t\t\t\t\t\t\t<div class=\"elementor-button-wrapper\">\n\t\t\t\t\t<a class=\"elementor-button elementor-button-link elementor-size-sm\" href=\"https:\/\/wanderlog.com\/plan\/create\" target=\"_blank\" rel=\"noopener\">\n\t\t\t\t\t\t<span class=\"elementor-button-content-wrapper\">\n\t\t\t\t\t\t\t\t\t<span class=\"elementor-button-text\">\u015eimdi Rezervasyon Yap\u0131n<\/span>\n\t\t\t\t\t<\/span>\n\t\t\t\t\t<\/a>\n\t\t\t\t<\/div>\n\t\t\t\t\t\t\t\t<\/div>\n\t\t\t\t<\/div>\n\t\t\t\t\t<\/div>\n\t\t<\/div>\n\t\t\t\t<div class=\"elementor-column elementor-col-33 elementor-inner-column elementor-element elementor-element-b61c427\" data-id=\"b61c427\" data-element_type=\"column\" data-e-type=\"column\" data-settings=\"{&quot;background_background&quot;:&quot;classic&quot;}\">\n\t\t\t<div class=\"elementor-widget-wrap elementor-element-populated\">\n\t\t\t\t\t\t<div class=\"elementor-element elementor-element-863b307 elementor-widget elementor-widget-heading\" data-id=\"863b307\" data-element_type=\"widget\" data-e-type=\"widget\" data-widget_type=\"heading.default\">\n\t\t\t\t<div class=\"elementor-widget-container\">\n\t\t\t\t\t<h5 class=\"elementor-heading-title elementor-size-default\"><a href=\"https:\/\/www.waze.com\/el\/live-map\/\" target=\"_blank\" rel=\"noopener\">Waze&#039;in<\/a><\/h5>\t\t\t\t<\/div>\n\t\t\t\t<\/div>\n\t\t\t\t<div class=\"elementor-element elementor-element-ca079c8 elementor-widget elementor-widget-text-editor\" data-id=\"ca079c8\" data-element_type=\"widget\" data-e-type=\"widget\" data-widget_type=\"text-editor.default\">\n\t\t\t\t<div class=\"elementor-widget-container\">\n\t\t\t\t\t\t\t\t\t<div class=\"x-el c1-1 c1-2 c1-1a c1-1b c1-7h c1-1d c1-1e c1-9i c1-9j c1-b c1-8g c1-9k c1-1h c1-9l c1-9m c1-9n c1-9o x-rt\" data-ux=\"ContentOverlayCardText\" data-aid=\"ABOUT_DESCRIPTION_RENDERED2\" data-typography=\"BodyBeta\" data-font-scaled=\"true\"><p>Kullan\u0131c\u0131lar\u0131n trafik olaylar\u0131n\u0131, yol kapanmalar\u0131n\u0131 ve di\u011fer olaylar\u0131 raporlamas\u0131na olanak tan\u0131r ve bu raporlar daha sonra trafikten ka\u00e7\u0131nmalar\u0131na ve zamandan tasarruf etmelerine yard\u0131mc\u0131 olmak i\u00e7in di\u011fer Waze kullan\u0131c\u0131lar\u0131yla payla\u015f\u0131l\u0131r.\u00a0<\/p><\/div>\t\t\t\t\t\t\t\t<\/div>\n\t\t\t\t<\/div>\n\t\t\t\t<div class=\"elementor-element elementor-element-dc9585c elementor-align-center elementor-widget elementor-widget-button\" data-id=\"dc9585c\" data-element_type=\"widget\" data-e-type=\"widget\" data-widget_type=\"button.default\">\n\t\t\t\t<div class=\"elementor-widget-container\">\n\t\t\t\t\t\t\t\t\t<div class=\"elementor-button-wrapper\">\n\t\t\t\t\t<a class=\"elementor-button elementor-button-link elementor-size-sm\" href=\"https:\/\/www.waze.com\/el\/live-map\/\" target=\"_blank\" rel=\"noopener\">\n\t\t\t\t\t\t<span class=\"elementor-button-content-wrapper\">\n\t\t\t\t\t\t\t\t\t<span class=\"elementor-button-text\">\u015eimdi Rezervasyon Yap\u0131n<\/span>\n\t\t\t\t\t<\/span>\n\t\t\t\t\t<\/a>\n\t\t\t\t<\/div>\n\t\t\t\t\t\t\t\t<\/div>\n\t\t\t\t<\/div>\n\t\t\t\t\t<\/div>\n\t\t<\/div>\n\t\t\t\t\t<\/div>\n\t\t<\/section>\n\t\t\t\t\t<\/div>\n\t\t<\/div>\n\t\t\t\t\t<\/div>\n\t\t<\/section>\n\t\t\t\t<\/div>","protected":false},"excerpt":{"rendered":"<p>Plan Your Trip Plan now for peace of mind At Car Help Europe (C.H.E.), we are committed to making your travel experience better, and we couldn&#8217;t do it alone. That&#8217;s why we&#8217;ve partnered with trusted travel industry leaders who share our vision of providing seamless and worry-free holidays. Our travel partners go above and beyond [&hellip;]<\/p>\n","protected":false},"author":1,"featured_media":0,"parent":0,"menu_order":0,"comment_status":"closed","ping_status":"closed","template":"","meta":{"site-sidebar-layout":"no-sidebar","site-content-layout":"page-builder","ast-site-content-layout":"full-width-container","site-content-style":"unboxed","site-sidebar-style":"unboxed","ast-global-header-display":"","ast-banner-title-visibility":"","ast-main-header-display":"","ast-hfb-above-header-display":"","ast-hfb-below-header-display":"","ast-hfb-mobile-header-display":"","site-post-title":"disabled","ast-breadcrumbs-content":"disabled","ast-featured-img":"disabled","footer-sml-layout":"","ast-disable-related-posts":"","theme-transparent-header-meta":"enabled","adv-header-id-meta":"","stick-header-meta":"","header-above-stick-meta":"","header-main-stick-meta":"","header-below-stick-meta":"","astra-migrate-meta-layouts":"set","ast-page-background-enabled":"default","ast-page-background-meta":{"desktop":{"background-color":"","background-image":"","background-repeat":"repeat","background-position":"center center","background-size":"auto","background-attachment":"scroll","background-type":"","background-media":"","overlay-type":"","overlay-color":"","overlay-opacity":"","overlay-gradient":""},"tablet":{"background-color":"","background-image":"","background-repeat":"repeat","background-position":"center center","background-size":"auto","background-attachment":"scroll","background-type":"","background-media":"","overlay-type":"","overlay-color":"","overlay-opacity":"","overlay-gradient":""},"mobile":{"background-color":"","background-image":"","background-repeat":"repeat","background-position":"center center","background-size":"auto","background-attachment":"scroll","background-type":"","background-media":"","overlay-type":"","overlay-color":"","overlay-opacity":"","overlay-gradient":""}},"ast-content-background-meta":{"desktop":{"background-color":"var(--ast-global-color-5)","background-image":"","background-repeat":"repeat","background-position":"center center","background-size":"auto","background-attachment":"scroll","background-type":"","background-media":"","overlay-type":"","overlay-color":"","overlay-opacity":"","overlay-gradient":""},"tablet":{"background-color":"var(--ast-global-color-5)","background-image":"","background-repeat":"repeat","background-position":"center center","background-size":"auto","background-attachment":"scroll","background-type":"","background-media":"","overlay-type":"","overlay-color":"","overlay-opacity":"","overlay-gradient":""},"mobile":{"background-color":"var(--ast-global-color-5)","background-image":"","background-repeat":"repeat","background-position":"center center","background-size":"auto","background-attachment":"scroll","background-type":"","background-media":"","overlay-type":"","overlay-color":"","overlay-opacity":"","overlay-gradient":""}},"footnotes":""},"class_list":["post-1730","page","type-page","status-publish","hentry"],"jetpack_sharing_enabled":true,"_links":{"self":[{"href":"https:\/\/carhelpeurope.com\/tr\/wp-json\/wp\/v2\/pages\/1730","targetHints":{"allow":["GET"]}}],"collection":[{"href":"https:\/\/carhelpeurope.com\/tr\/wp-json\/wp\/v2\/pages"}],"about":[{"href":"https:\/\/carhelpeurope.com\/tr\/wp-json\/wp\/v2\/types\/page"}],"author":[{"embeddable":true,"href":"https:\/\/carhelpeurope.com\/tr\/wp-json\/wp\/v2\/users\/1"}],"replies":[{"embeddable":true,"href":"https:\/\/carhelpeurope.com\/tr\/wp-json\/wp\/v2\/comments?post=1730"}],"version-history":[{"count":1,"href":"https:\/\/carhelpeurope.com\/tr\/wp-json\/wp\/v2\/pages\/1730\/revisions"}],"predecessor-version":[{"id":3172,"href":"https:\/\/carhelpeurope.com\/tr\/wp-json\/wp\/v2\/pages\/1730\/revisions\/3172"}],"wp:attachment":[{"href":"https:\/\/carhelpeurope.com\/tr\/wp-json\/wp\/v2\/media?parent=1730"}],"curies":[{"name":"wp","href":"https:\/\/api.w.org\/{rel}","templated":true}]}}