{"id":1747,"date":"2023-06-03T14:11:09","date_gmt":"2023-06-03T14:11:09","guid":{"rendered":"https:\/\/carhelpeurope.com\/?page_id=1747"},"modified":"2025-01-29T01:44:35","modified_gmt":"2025-01-29T01:44:35","slug":"know-your-rights","status":"publish","type":"page","link":"https:\/\/carhelpeurope.com\/tr\/know-your-rights\/","title":{"rendered":"Haklar\u0131n\u0131 bil"},"content":{"rendered":"<div data-elementor-type=\"wp-page\" data-elementor-id=\"1747\" class=\"elementor elementor-1747\" data-elementor-post-type=\"page\">\n\t\t\t\t\t\t<section class=\"elementor-section elementor-top-section elementor-element elementor-element-93488aa elementor-section-boxed elementor-section-height-default elementor-section-height-default\" data-id=\"93488aa\" data-element_type=\"section\" data-e-type=\"section\" data-settings=\"{&quot;background_background&quot;:&quot;classic&quot;}\">\n\t\t\t\t\t\t<div class=\"elementor-container elementor-column-gap-no\">\n\t\t\t\t\t<div class=\"elementor-column elementor-col-100 elementor-top-column elementor-element elementor-element-0c95332\" data-id=\"0c95332\" data-element_type=\"column\" data-e-type=\"column\">\n\t\t\t<div class=\"elementor-widget-wrap elementor-element-populated\">\n\t\t\t\t\t\t<div class=\"elementor-element elementor-element-d82acff elementor-widget elementor-widget-heading\" data-id=\"d82acff\" data-element_type=\"widget\" data-e-type=\"widget\" data-widget_type=\"heading.default\">\n\t\t\t\t<div class=\"elementor-widget-container\">\n\t\t\t\t\t<h1 class=\"elementor-heading-title elementor-size-default\">Haklar\u0131n\u0131 bil<\/h1>\t\t\t\t<\/div>\n\t\t\t\t<\/div>\n\t\t\t\t\t<\/div>\n\t\t<\/div>\n\t\t\t\t\t<\/div>\n\t\t<\/section>\n\t\t\t\t<section class=\"elementor-section elementor-top-section elementor-element elementor-element-8843bff elementor-section-content-middle elementor-section-boxed elementor-section-height-default elementor-section-height-default\" data-id=\"8843bff\" data-element_type=\"section\" data-e-type=\"section\" data-settings=\"{&quot;background_background&quot;:&quot;classic&quot;}\">\n\t\t\t\t\t\t<div class=\"elementor-container elementor-column-gap-no\">\n\t\t\t\t\t<div class=\"elementor-column elementor-col-100 elementor-top-column elementor-element elementor-element-3defe21\" data-id=\"3defe21\" data-element_type=\"column\" data-e-type=\"column\">\n\t\t\t<div class=\"elementor-widget-wrap elementor-element-populated\">\n\t\t\t\t\t\t<section class=\"elementor-section elementor-inner-section elementor-element elementor-element-2a91513 elementor-section-boxed elementor-section-height-default elementor-section-height-default\" data-id=\"2a91513\" data-element_type=\"section\" data-e-type=\"section\" data-settings=\"{&quot;background_background&quot;:&quot;classic&quot;}\">\n\t\t\t\t\t\t<div class=\"elementor-container elementor-column-gap-no\">\n\t\t\t\t\t<div class=\"elementor-column elementor-col-50 elementor-inner-column elementor-element elementor-element-3751ae4\" data-id=\"3751ae4\" data-element_type=\"column\" data-e-type=\"column\">\n\t\t\t<div class=\"elementor-widget-wrap elementor-element-populated\">\n\t\t\t\t\t\t<div class=\"elementor-element elementor-element-f8a0618 elementor-widget elementor-widget-heading\" data-id=\"f8a0618\" data-element_type=\"widget\" data-e-type=\"widget\" data-widget_type=\"heading.default\">\n\t\t\t\t<div class=\"elementor-widget-container\">\n\t\t\t\t\t<h2 class=\"elementor-heading-title elementor-size-default\">Herhangi Bir Kaza Durumunda L\u00fctfen Bu Y\u00f6nergeleri Takip Edin:<\/h2>\t\t\t\t<\/div>\n\t\t\t\t<\/div>\n\t\t\t\t<div class=\"elementor-element elementor-element-27be402 elementor-widget elementor-widget-text-editor\" data-id=\"27be402\" data-element_type=\"widget\" data-e-type=\"widget\" data-widget_type=\"text-editor.default\">\n\t\t\t\t<div class=\"elementor-widget-container\">\n\t\t\t\t\t\t\t\t\t<ul><li>Durun: K\u00fc\u00e7\u00fck bile olsa asla kaza mahallinden uzakla\u015fmay\u0131n.\u00a0<\/li><li>Birisi yaralan\u0131rsa derhal Acil 112&#039;yi aray\u0131n.<\/li><li>Sigorta ge\u00e7erli olmayaca\u011f\u0131 i\u00e7in polis\/gardiyan raporu verilmeden arac\u0131 hareket ettirmeyiniz.\u00a0<\/li><li>G\u00fcvenli bir noktadan olay\u0131n foto\u011fraflar\u0131n\u0131 \u00e7ekin ve hava ko\u015fullar\u0131n\u0131 not edin.\u00a0<\/li><li>\u0130lgili herkesin ve muhtemelen tan\u0131klar\u0131n ileti\u015fim bilgilerini toplay\u0131n.\u00a0<\/li><li>Kazaya\/olaya kar\u0131\u015fan herkesten \u015fu bilgileri toplay\u0131n: isim, adres, telefon numaras\u0131, ara\u00e7 plaka numaras\u0131, sigortac\u0131, sigorta t\u00fcr\u00fc ve poli\u00e7e numaras\u0131.\u00a0<\/li><li>Kimin hatal\u0131 oldu\u011fu konusunda fikir beyan etmeyin.<\/li><li>Kaza ayr\u0131nt\u0131lar\u0131n\u0131 yaln\u0131zca polisle, gardiyanlarla veya sigorta \u015firketinizle g\u00f6r\u00fc\u015f\u00fcn.<\/li><li>E\u011fer bu olaya kar\u0131\u015fm\u0131\u015flarsa, polis veya gardiyanlar taraf\u0131ndan talimat verilmedik\u00e7e ayr\u0131lmay\u0131n.\u00a0<\/li><li>B\u00f6l\u00fcm y\u00f6neticinizi m\u00fcmk\u00fcn olan en k\u0131sa s\u00fcrede bilgilendirin.\u00a0<\/li><\/ul>\t\t\t\t\t\t\t\t<\/div>\n\t\t\t\t<\/div>\n\t\t\t\t<div class=\"elementor-element elementor-element-39bc163 elementor-align-left elementor-mobile-align-justify elementor-widget elementor-widget-button\" data-id=\"39bc163\" data-element_type=\"widget\" data-e-type=\"widget\" data-widget_type=\"button.default\">\n\t\t\t\t<div class=\"elementor-widget-container\">\n\t\t\t\t\t\t\t\t\t<div class=\"elementor-button-wrapper\">\n\t\t\t\t\t<a class=\"elementor-button elementor-button-link elementor-size-sm\" href=\"https:\/\/carhelpeurope.com\/tr\/get-help-now\/\">\n\t\t\t\t\t\t<span class=\"elementor-button-content-wrapper\">\n\t\t\t\t\t\t\t\t\t<span class=\"elementor-button-text\">\u015eimdi yard\u0131m al\u0131n<\/span>\n\t\t\t\t\t<\/span>\n\t\t\t\t\t<\/a>\n\t\t\t\t<\/div>\n\t\t\t\t\t\t\t\t<\/div>\n\t\t\t\t<\/div>\n\t\t\t\t\t<\/div>\n\t\t<\/div>\n\t\t\t\t<div class=\"elementor-column elementor-col-50 elementor-inner-column elementor-element elementor-element-e2db313\" data-id=\"e2db313\" data-element_type=\"column\" data-e-type=\"column\">\n\t\t\t<div class=\"elementor-widget-wrap elementor-element-populated\">\n\t\t\t\t\t\t<div class=\"elementor-element elementor-element-d61b7f1 elementor-widget elementor-widget-text-editor\" data-id=\"d61b7f1\" data-element_type=\"widget\" data-e-type=\"widget\" data-widget_type=\"text-editor.default\">\n\t\t\t\t<div class=\"elementor-widget-container\">\n\t\t\t\t\t\t\t\t\t<p>Kaza Durumunda Size G\u00fc\u00e7 Veriyoruz<\/p>\t\t\t\t\t\t\t\t<\/div>\n\t\t\t\t<\/div>\n\t\t\t\t<div class=\"elementor-element elementor-element-755595f elementor-widget elementor-widget-text-editor\" data-id=\"755595f\" data-element_type=\"widget\" data-e-type=\"widget\" data-widget_type=\"text-editor.default\">\n\t\t\t\t<div class=\"elementor-widget-container\">\n\t\t\t\t\t\t\t\t\t<p>Talihsiz bir kaza durumunda, hukuki alanda g\u00fcvenle ilerlemek i\u00e7in haklar\u0131n\u0131zla ilgili bilgi sahibi olman\u0131z \u00e7ok \u00f6nemlidir. Car Help Europe olarak, haklar\u0131n\u0131z\u0131 anlama konusunda kapsaml\u0131 bilgi ve yard\u0131m sa\u011flayarak sizi g\u00fc\u00e7lendirmeye kendimizi adad\u0131k.<\/p><p>Deneyimli hukuk\u00e7ulardan olu\u015fan ekibimiz Almanya, Bulgaristan, Romanya ve Yunanistan&#039;daki kazalarla ilgili davalarda uzmanla\u015fm\u0131\u015ft\u0131r. Bilginin g\u00fc\u00e7 oldu\u011funa inan\u0131yoruz ve bu gibi durumlarda haklar\u0131n\u0131z\u0131 ve yasal se\u00e7eneklerinizi net bir \u015fekilde anlaman\u0131z\u0131 sa\u011flamak i\u00e7in \u00e7al\u0131\u015f\u0131yoruz.<\/p><p>\u0130lk dan\u0131\u015fmadan davan\u0131z\u0131n \u00e7\u00f6z\u00fcm\u00fcne kadar, size yolun her ad\u0131m\u0131nda rehberlik edece\u011fiz ve \u00f6zel ko\u015fullar\u0131n\u0131za g\u00f6re ki\u015fiselle\u015ftirilmi\u015f \u00e7\u00f6z\u00fcmler sunaca\u011f\u0131z. Sa\u011fl\u0131\u011f\u0131n\u0131za ve adalet aray\u0131\u015f\u0131n\u0131za olan ba\u011fl\u0131l\u0131\u011f\u0131m\u0131z, bizi t\u00fcm s\u00fcre\u00e7 boyunca ola\u011fan\u00fcst\u00fc destek ve hukuki uzmanl\u0131k sa\u011flamaya itiyor.<\/p><p>Car Help Europe ile yaln\u0131z olmad\u0131\u011f\u0131n\u0131zdan emin olabilirsiniz. Haklar\u0131n\u0131z\u0131 korumak ve hak etti\u011finiz tazminat\u0131 g\u00fcvence alt\u0131na almak i\u00e7in yan\u0131n\u0131zda duran g\u00fcvenilir hukuk arkada\u015f\u0131n\u0131z\u0131z. Bizimle ortakl\u0131k yaparak, sizin ad\u0131n\u0131za yorulmadan m\u00fccadele edecek, haklar\u0131n\u0131z\u0131n korunmas\u0131n\u0131 ve sesinizin duyulmas\u0131n\u0131 sa\u011flayacak \u00f6zel bir ekibe eri\u015fim kazan\u0131rs\u0131n\u0131z.<\/p><p>Belirsizli\u011fin iyile\u015fmenizi g\u00f6lgelemesine izin vermeyin. Haklar\u0131n\u0131z\u0131 anlayarak ve hukuk sisteminin karma\u015f\u0131kl\u0131klar\u0131n\u0131 sizin ad\u0131n\u0131za y\u00f6netmemize izin vererek durumunuzun kontrol\u00fcn\u00fc elinize al\u0131n. Adil ve adil bir sonu\u00e7 i\u00e7in ihtiyac\u0131n\u0131z olan rehberlik ve deste\u011fi sa\u011flayarak, bu zorlu d\u00f6nemde savunucunuz ve m\u00fcttefikiniz olmas\u0131 i\u00e7in Car Help Europe&#039;a g\u00fcvenin.<\/p><p><a href=\"https:\/\/carhelpeurope.com\/tr\/get-help-now\/\">Bug\u00fcn bizimle ileti\u015fime ge\u00e7in<\/a> Haklar\u0131n\u0131z ve hukuki \u00e7\u00f6z\u00fcm yolculu\u011funuzda size nas\u0131l yard\u0131mc\u0131 olabilece\u011fimiz hakk\u0131nda daha fazla bilgi edinmek i\u00e7in. Haklar\u0131n\u0131z \u00f6nemlidir ve bunlar\u0131 koruman\u0131za yard\u0131mc\u0131 olmak i\u00e7in buraday\u0131z.<\/p>\t\t\t\t\t\t\t\t<\/div>\n\t\t\t\t<\/div>\n\t\t\t\t\t<\/div>\n\t\t<\/div>\n\t\t\t\t\t<\/div>\n\t\t<\/section>\n\t\t\t\t\t<\/div>\n\t\t<\/div>\n\t\t\t\t\t<\/div>\n\t\t<\/section>\n\t\t\t\t<\/div>","protected":false},"excerpt":{"rendered":"<p>Know Your Rights In Case Of Any Accident, Please Follow These Guidelines: Stop: never drive away from the scene of an accident, even a minor one.\u00a0 If someone is injured immediately call Emergency 112. Don\u2019t move the car before the police\/warden report is made as the insurance will not be valid.\u00a0 From a safe spot, [&hellip;]<\/p>\n","protected":false},"author":1,"featured_media":0,"parent":0,"menu_order":0,"comment_status":"closed","ping_status":"closed","template":"","meta":{"site-sidebar-layout":"no-sidebar","site-content-layout":"page-builder","ast-site-content-layout":"full-width-container","site-content-style":"unboxed","site-sidebar-style":"unboxed","ast-global-header-display":"","ast-banner-title-visibility":"","ast-main-header-display":"","ast-hfb-above-header-display":"","ast-hfb-below-header-display":"","ast-hfb-mobile-header-display":"","site-post-title":"disabled","ast-breadcrumbs-content":"disabled","ast-featured-img":"disabled","footer-sml-layout":"","ast-disable-related-posts":"","theme-transparent-header-meta":"enabled","adv-header-id-meta":"","stick-header-meta":"","header-above-stick-meta":"","header-main-stick-meta":"","header-below-stick-meta":"","astra-migrate-meta-layouts":"set","ast-page-background-enabled":"default","ast-page-background-meta":{"desktop":{"background-color":"","background-image":"","background-repeat":"repeat","background-position":"center center","background-size":"auto","background-attachment":"scroll","background-type":"","background-media":"","overlay-type":"","overlay-color":"","overlay-opacity":"","overlay-gradient":""},"tablet":{"background-color":"","background-image":"","background-repeat":"repeat","background-position":"center center","background-size":"auto","background-attachment":"scroll","background-type":"","background-media":"","overlay-type":"","overlay-color":"","overlay-opacity":"","overlay-gradient":""},"mobile":{"background-color":"","background-image":"","background-repeat":"repeat","background-position":"center center","background-size":"auto","background-attachment":"scroll","background-type":"","background-media":"","overlay-type":"","overlay-color":"","overlay-opacity":"","overlay-gradient":""}},"ast-content-background-meta":{"desktop":{"background-color":"var(--ast-global-color-5)","background-image":"","background-repeat":"repeat","background-position":"center center","background-size":"auto","background-attachment":"scroll","background-type":"","background-media":"","overlay-type":"","overlay-color":"","overlay-opacity":"","overlay-gradient":""},"tablet":{"background-color":"var(--ast-global-color-5)","background-image":"","background-repeat":"repeat","background-position":"center center","background-size":"auto","background-attachment":"scroll","background-type":"","background-media":"","overlay-type":"","overlay-color":"","overlay-opacity":"","overlay-gradient":""},"mobile":{"background-color":"var(--ast-global-color-5)","background-image":"","background-repeat":"repeat","background-position":"center center","background-size":"auto","background-attachment":"scroll","background-type":"","background-media":"","overlay-type":"","overlay-color":"","overlay-opacity":"","overlay-gradient":""}},"footnotes":""},"class_list":["post-1747","page","type-page","status-publish","hentry"],"jetpack_sharing_enabled":true,"_links":{"self":[{"href":"https:\/\/carhelpeurope.com\/tr\/wp-json\/wp\/v2\/pages\/1747","targetHints":{"allow":["GET"]}}],"collection":[{"href":"https:\/\/carhelpeurope.com\/tr\/wp-json\/wp\/v2\/pages"}],"about":[{"href":"https:\/\/carhelpeurope.com\/tr\/wp-json\/wp\/v2\/types\/page"}],"author":[{"embeddable":true,"href":"https:\/\/carhelpeurope.com\/tr\/wp-json\/wp\/v2\/users\/1"}],"replies":[{"embeddable":true,"href":"https:\/\/carhelpeurope.com\/tr\/wp-json\/wp\/v2\/comments?post=1747"}],"version-history":[{"count":1,"href":"https:\/\/carhelpeurope.com\/tr\/wp-json\/wp\/v2\/pages\/1747\/revisions"}],"predecessor-version":[{"id":3170,"href":"https:\/\/carhelpeurope.com\/tr\/wp-json\/wp\/v2\/pages\/1747\/revisions\/3170"}],"wp:attachment":[{"href":"https:\/\/carhelpeurope.com\/tr\/wp-json\/wp\/v2\/media?parent=1747"}],"curies":[{"name":"wp","href":"https:\/\/api.w.org\/{rel}","templated":true}]}}