{"id":1812,"date":"2023-06-05T12:28:09","date_gmt":"2023-06-05T12:28:09","guid":{"rendered":"https:\/\/carhelpeurope.com\/?page_id=1812"},"modified":"2025-01-27T00:18:33","modified_gmt":"2025-01-27T00:18:33","slug":"work-with-us","status":"publish","type":"page","link":"https:\/\/carhelpeurope.com\/tr\/work-with-us\/","title":{"rendered":"Bizimle \u00e7al\u0131\u015f"},"content":{"rendered":"<div data-elementor-type=\"wp-page\" data-elementor-id=\"1812\" class=\"elementor elementor-1812\" data-elementor-post-type=\"page\">\n\t\t\t\t\t\t<section class=\"elementor-section elementor-top-section elementor-element elementor-element-93488aa elementor-section-boxed elementor-section-height-default elementor-section-height-default\" data-id=\"93488aa\" data-element_type=\"section\" data-e-type=\"section\" data-settings=\"{&quot;background_background&quot;:&quot;classic&quot;}\">\n\t\t\t\t\t\t<div class=\"elementor-container elementor-column-gap-no\">\n\t\t\t\t\t<div class=\"elementor-column elementor-col-100 elementor-top-column elementor-element elementor-element-0c95332\" data-id=\"0c95332\" data-element_type=\"column\" data-e-type=\"column\">\n\t\t\t<div class=\"elementor-widget-wrap elementor-element-populated\">\n\t\t\t\t\t\t<div class=\"elementor-element elementor-element-d82acff elementor-widget elementor-widget-heading\" data-id=\"d82acff\" data-element_type=\"widget\" data-e-type=\"widget\" data-widget_type=\"heading.default\">\n\t\t\t\t<div class=\"elementor-widget-container\">\n\t\t\t\t\t<h1 class=\"elementor-heading-title elementor-size-default\">Bizimle \u00e7al\u0131\u015f<\/h1>\t\t\t\t<\/div>\n\t\t\t\t<\/div>\n\t\t\t\t\t<\/div>\n\t\t<\/div>\n\t\t\t\t\t<\/div>\n\t\t<\/section>\n\t\t\t\t<section class=\"elementor-section elementor-top-section elementor-element elementor-element-8843bff elementor-section-content-middle elementor-section-boxed elementor-section-height-default elementor-section-height-default\" data-id=\"8843bff\" data-element_type=\"section\" data-e-type=\"section\" data-settings=\"{&quot;background_background&quot;:&quot;classic&quot;}\">\n\t\t\t\t\t\t<div class=\"elementor-container elementor-column-gap-no\">\n\t\t\t\t\t<div class=\"elementor-column elementor-col-100 elementor-top-column elementor-element elementor-element-3defe21\" data-id=\"3defe21\" data-element_type=\"column\" data-e-type=\"column\">\n\t\t\t<div class=\"elementor-widget-wrap elementor-element-populated\">\n\t\t\t\t\t\t<div class=\"elementor-element elementor-element-13adcba elementor-align-left elementor-mobile-align-center elementor-widget elementor-widget-button\" data-id=\"13adcba\" data-element_type=\"widget\" data-e-type=\"widget\" data-widget_type=\"button.default\">\n\t\t\t\t<div class=\"elementor-widget-container\">\n\t\t\t\t\t\t\t\t\t<div class=\"elementor-button-wrapper\">\n\t\t\t\t\t<a class=\"elementor-button elementor-button-link elementor-size-sm\" href=\"https:\/\/carhelpeurope.com\/tr\/legal-partners\/\">\n\t\t\t\t\t\t<span class=\"elementor-button-content-wrapper\">\n\t\t\t\t\t\t\t\t\t<span class=\"elementor-button-text\">\u015eimdi Kat\u0131l<\/span>\n\t\t\t\t\t<\/span>\n\t\t\t\t\t<\/a>\n\t\t\t\t<\/div>\n\t\t\t\t\t\t\t\t<\/div>\n\t\t\t\t<\/div>\n\t\t\t\t<section class=\"elementor-section elementor-inner-section elementor-element elementor-element-2a91513 elementor-section-boxed elementor-section-height-default elementor-section-height-default\" data-id=\"2a91513\" data-element_type=\"section\" data-e-type=\"section\" data-settings=\"{&quot;background_background&quot;:&quot;classic&quot;}\">\n\t\t\t\t\t\t<div class=\"elementor-container elementor-column-gap-no\">\n\t\t\t\t\t<div class=\"elementor-column elementor-col-50 elementor-inner-column elementor-element elementor-element-3751ae4\" data-id=\"3751ae4\" data-element_type=\"column\" data-e-type=\"column\">\n\t\t\t<div class=\"elementor-widget-wrap elementor-element-populated\">\n\t\t\t\t\t\t<div class=\"elementor-element elementor-element-f8a0618 elementor-widget elementor-widget-heading\" data-id=\"f8a0618\" data-element_type=\"widget\" data-e-type=\"widget\" data-widget_type=\"heading.default\">\n\t\t\t\t<div class=\"elementor-widget-container\">\n\t\t\t\t\t<h2 class=\"elementor-heading-title elementor-size-default\">Bir kaza avukat\u0131 m\u0131s\u0131n\u0131z yoksa kariyerinizi geni\u015fletmek isteyen bir hukuk firmas\u0131n\u0131n par\u00e7as\u0131 m\u0131s\u0131n\u0131z? <\/h2>\t\t\t\t<\/div>\n\t\t\t\t<\/div>\n\t\t\t\t<div class=\"elementor-element elementor-element-27be402 elementor-widget elementor-widget-text-editor\" data-id=\"27be402\" data-element_type=\"widget\" data-e-type=\"widget\" data-widget_type=\"text-editor.default\">\n\t\t\t\t<div class=\"elementor-widget-container\">\n\t\t\t\t\t\t\t\t\t<p><strong>Araba Yard\u0131m\u0131 Avrupa<\/strong> kendi ulusal hukuk sistemlerinin hukuki tematik, co\u011frafi ve dilsel kapsam\u0131n\u0131 sa\u011flayacak ve m\u00fcvekkillerini ulusal mahkemeler \u00f6n\u00fcnde temsil edecek Ulusal Hukuk Uzmanlar\u0131ndan olu\u015fan bir a\u011f kurmay\u0131 ama\u00e7lamaktad\u0131r.<\/p><ul><li>\u00c7e\u015fitli vakalar ve projeler<\/li><li>27 AB \u00fclkesi.<\/li><\/ul>\t\t\t\t\t\t\t\t<\/div>\n\t\t\t\t<\/div>\n\t\t\t\t\t<\/div>\n\t\t<\/div>\n\t\t\t\t<div class=\"elementor-column elementor-col-50 elementor-inner-column elementor-element elementor-element-e2db313\" data-id=\"e2db313\" data-element_type=\"column\" data-e-type=\"column\">\n\t\t\t<div class=\"elementor-widget-wrap elementor-element-populated\">\n\t\t\t\t\t\t<div class=\"elementor-element elementor-element-d61b7f1 elementor-widget elementor-widget-text-editor\" data-id=\"d61b7f1\" data-element_type=\"widget\" data-e-type=\"widget\" data-widget_type=\"text-editor.default\">\n\t\t\t\t<div class=\"elementor-widget-container\">\n\t\t\t\t\t\t\t\t\t<h4><strong class=\"x-el x-el-span c1-1y c1-1z c1-b c1-85 c1-29 c1-4h c1-86\">Hakk\u0131m\u0131zda<\/strong><\/h4>\t\t\t\t\t\t\t\t<\/div>\n\t\t\t\t<\/div>\n\t\t\t\t<div class=\"elementor-element elementor-element-755595f elementor-widget elementor-widget-text-editor\" data-id=\"755595f\" data-element_type=\"widget\" data-e-type=\"widget\" data-widget_type=\"text-editor.default\">\n\t\t\t\t<div class=\"elementor-widget-container\">\n\t\t\t\t\t\t\t\t\t<p><strong>Araba Yard\u0131m\u0131 Avrupa<\/strong> Avrupa&#039;da araba ile seyahat eden turistlere kapsaml\u0131 hukuki kapsam sunan benzersiz bir hukuki hizmettir. \u015eirket, m\u00fcvekkillerine a\u011f\u0131rl\u0131kl\u0131 olarak araba kazalar\u0131yla ba\u011flant\u0131l\u0131 hukuki prosed\u00fcrlerde hukuki yard\u0131m ve destek sa\u011flamay\u0131 ve onlar\u0131n Avrupa&#039;daki araba deneyimlerinden yararlanmalar\u0131n\u0131 sa\u011flamay\u0131 vaat ediyor.<\/p><p>\u0130lgileniyorsan\u0131z l\u00fctfen ileti\u015fime ge\u00e7in: <a href=\"mailto:info@carhelpeurope.com\">info@carhelpeurope.com<\/a><\/p>\t\t\t\t\t\t\t\t<\/div>\n\t\t\t\t<\/div>\n\t\t\t\t\t<\/div>\n\t\t<\/div>\n\t\t\t\t\t<\/div>\n\t\t<\/section>\n\t\t\t\t\t<\/div>\n\t\t<\/div>\n\t\t\t\t\t<\/div>\n\t\t<\/section>\n\t\t\t\t<section class=\"elementor-section elementor-top-section elementor-element elementor-element-fd73e8b elementor-section-content-middle elementor-section-boxed elementor-section-height-default elementor-section-height-default\" data-id=\"fd73e8b\" data-element_type=\"section\" data-e-type=\"section\" data-settings=\"{&quot;background_background&quot;:&quot;classic&quot;}\">\n\t\t\t\t\t\t<div class=\"elementor-container elementor-column-gap-no\">\n\t\t\t\t\t<div class=\"elementor-column elementor-col-100 elementor-top-column elementor-element elementor-element-bec96b1\" data-id=\"bec96b1\" data-element_type=\"column\" data-e-type=\"column\" data-settings=\"{&quot;background_background&quot;:&quot;classic&quot;}\">\n\t\t\t<div class=\"elementor-widget-wrap elementor-element-populated\">\n\t\t\t\t\t\t<section class=\"elementor-section elementor-inner-section elementor-element elementor-element-21a252f elementor-section-boxed elementor-section-height-default elementor-section-height-default elementor-invisible\" data-id=\"21a252f\" data-element_type=\"section\" data-e-type=\"section\" data-settings=\"{&quot;background_background&quot;:&quot;classic&quot;,&quot;animation&quot;:&quot;fadeIn&quot;}\">\n\t\t\t\t\t\t<div class=\"elementor-container elementor-column-gap-no\">\n\t\t\t\t\t<div class=\"elementor-column elementor-col-33 elementor-inner-column elementor-element elementor-element-5f0f87a\" data-id=\"5f0f87a\" data-element_type=\"column\" data-e-type=\"column\">\n\t\t\t<div class=\"elementor-widget-wrap elementor-element-populated\">\n\t\t\t\t\t\t<div class=\"elementor-element elementor-element-96a10a7 elementor-widget elementor-widget-image\" data-id=\"96a10a7\" data-element_type=\"widget\" data-e-type=\"widget\" data-widget_type=\"image.default\">\n\t\t\t\t<div class=\"elementor-widget-container\">\n\t\t\t\t\t\t\t\t\t\t\t\t\t\t\t<img fetchpriority=\"high\" decoding=\"async\" width=\"2560\" height=\"1709\" src=\"https:\/\/carhelpeurope.com\/wp-content\/uploads\/2023\/06\/christina-wocintechchat-com-faEfWCdOKIg-unsplash-scaled.jpg\" class=\"attachment-full size-full wp-image-1814\" alt=\"work with car help europe\" srcset=\"https:\/\/carhelpeurope.com\/wp-content\/uploads\/2023\/06\/christina-wocintechchat-com-faEfWCdOKIg-unsplash-scaled.jpg 2560w, https:\/\/carhelpeurope.com\/wp-content\/uploads\/2023\/06\/christina-wocintechchat-com-faEfWCdOKIg-unsplash-scaled-600x401.jpg 600w, https:\/\/carhelpeurope.com\/wp-content\/uploads\/2023\/06\/christina-wocintechchat-com-faEfWCdOKIg-unsplash-300x200.jpg 300w, https:\/\/carhelpeurope.com\/wp-content\/uploads\/2023\/06\/christina-wocintechchat-com-faEfWCdOKIg-unsplash-1024x684.jpg 1024w, https:\/\/carhelpeurope.com\/wp-content\/uploads\/2023\/06\/christina-wocintechchat-com-faEfWCdOKIg-unsplash-768x513.jpg 768w, https:\/\/carhelpeurope.com\/wp-content\/uploads\/2023\/06\/christina-wocintechchat-com-faEfWCdOKIg-unsplash-1536x1025.jpg 1536w, https:\/\/carhelpeurope.com\/wp-content\/uploads\/2023\/06\/christina-wocintechchat-com-faEfWCdOKIg-unsplash-2048x1367.jpg 2048w\" sizes=\"(max-width: 2560px) 100vw, 2560px\" title=\"\">\t\t\t\t\t\t\t\t\t\t\t\t\t\t\t<\/div>\n\t\t\t\t<\/div>\n\t\t\t\t\t<\/div>\n\t\t<\/div>\n\t\t\t\t<div class=\"elementor-column elementor-col-66 elementor-inner-column elementor-element elementor-element-7900ea0\" data-id=\"7900ea0\" data-element_type=\"column\" data-e-type=\"column\">\n\t\t\t<div class=\"elementor-widget-wrap elementor-element-populated\">\n\t\t\t\t\t\t<div class=\"elementor-element elementor-element-31dcc49 elementor-widget elementor-widget-heading\" data-id=\"31dcc49\" data-element_type=\"widget\" data-e-type=\"widget\" data-widget_type=\"heading.default\">\n\t\t\t\t<div class=\"elementor-widget-container\">\n\t\t\t\t\t<h2 class=\"elementor-heading-title elementor-size-default\">Ulusal hukuk uzman\u0131 rol\u00fc<\/h2>\t\t\t\t<\/div>\n\t\t\t\t<\/div>\n\t\t\t\t<div class=\"elementor-element elementor-element-d26d351 elementor-widget elementor-widget-text-editor\" data-id=\"d26d351\" data-element_type=\"widget\" data-e-type=\"widget\" data-widget_type=\"text-editor.default\">\n\t\t\t\t<div class=\"elementor-widget-container\">\n\t\t\t\t\t\t\t\t\t<h3 class=\"Heading11\"><span style=\"color: #003478;\">Pozisyon<\/span><\/h3>\t\t\t\t\t\t\t\t<\/div>\n\t\t\t\t<\/div>\n\t\t\t\t<div class=\"elementor-element elementor-element-ea7d24d elementor-widget elementor-widget-text-editor\" data-id=\"ea7d24d\" data-element_type=\"widget\" data-e-type=\"widget\" data-widget_type=\"text-editor.default\">\n\t\t\t\t<div class=\"elementor-widget-container\">\n\t\t\t\t\t\t\t\t\t<p>Ulusal Hukuk Uzman\u0131 olarak, kaza hukuku ve i\u00e7tihat hukuku alan\u0131nda hukuki ara\u015ft\u0131rmalar yaparak ve gerekirse adli veya adli olmayan i\u015flemlerde m\u00fcvekkillerimizi temsil ederek m\u00fcvekkillerimize hukuki dan\u0131\u015fmanl\u0131k sa\u011flamaya katk\u0131da bulunacaks\u0131n\u0131z.<\/p><p>\u00a0<\/p><p>Pozisyonlar de\u011fi\u015fecek <strong>g\u00f6revlerin muhtemelen dahil olmas\u0131 muhtemeldir<\/strong>:<\/p><ul><li>Uygulanabilir ulusal kaza hukukuna ili\u015fkin hukuki ara\u015ft\u0131rma;<\/li><li>Ulusal d\u00fczeyde ve AB d\u00fczeyinde i\u00e7tihat incelemesi ve analizi;<\/li><li>Yarg\u0131s\u0131z uzla\u015fmalarda m\u00fcvekkillerin temsili<\/li><li>M\u00fcvekkilleri ulusal mahkemeler \u00f6n\u00fcnde temsil etmek<\/li><\/ul><p><strong>A\u015fa\u011f\u0131daki politika alanlar\u0131ndan bir veya daha fazlas\u0131 i\u00e7in uzmanl\u0131\u011f\u0131n\u0131z gereklidir:<\/strong><\/p><ul><li>Sivil Adalet<\/li><li>Ceza Adaleti<\/li><li>Kaza Hukuku<\/li><li>Usul Hukuku<\/li><\/ul>\t\t\t\t\t\t\t\t<\/div>\n\t\t\t\t<\/div>\n\t\t\t\t<div class=\"elementor-element elementor-element-2cfeb08 elementor-widget elementor-widget-text-editor\" data-id=\"2cfeb08\" data-element_type=\"widget\" data-e-type=\"widget\" data-widget_type=\"text-editor.default\">\n\t\t\t\t<div class=\"elementor-widget-container\">\n\t\t\t\t\t\t\t\t\t<h3 class=\"Heading11\"><span style=\"color: #003478;\">Ki\u015fi<\/span><\/h3>\t\t\t\t\t\t\t\t<\/div>\n\t\t\t\t<\/div>\n\t\t\t\t<div class=\"elementor-element elementor-element-07e5554 elementor-widget elementor-widget-text-editor\" data-id=\"07e5554\" data-element_type=\"widget\" data-e-type=\"widget\" data-widget_type=\"text-editor.default\">\n\t\t\t\t<div class=\"elementor-widget-container\">\n\t\t\t\t\t\t\t\t\t<p><strong>Sahip olacaks\u0131n:<\/strong><\/p><ul><li>Bir AB \u00dcye Devletinden hukuk alan\u0131nda \u00fcniversite diplomas\u0131;<\/li><li>Yukar\u0131da listelenen politika alanlar\u0131ndan bir veya daha fazlas\u0131n\u0131 kapsayan, ulusal ba\u011flamda hukuki ara\u015ft\u0131rmalarda en az 3 y\u0131ll\u0131k mesleki deneyim;<\/li><li>\u0130lgilendi\u011finiz AB \u00dcye Devletinin dilini anadili olarak konu\u015fan ki\u015filer;<\/li><li>\u0130ngilizce diline m\u00fckemmel hakimiyet (Ortak Avrupa \u00c7er\u00e7eve Referans\u0131nda C1 seviyesi veya \u00fcst\u00fc).<\/li><\/ul><p><strong>A\u015fa\u011f\u0131daki niteliklerden bir veya daha fazlas\u0131 bir varl\u0131k olacakt\u0131r:<\/strong><\/p><ul><li>Yasal bir lisans\u00fcst\u00fc yeterlilik (LL.M.);<\/li><li>Bir AB \u00dcye Devletinde (\u00f6rn. Rechtsanwalt, Avocat) avukat olman\u0131z\u0131 sa\u011flayan mesleki unvan;<\/li><\/ul>\t\t\t\t\t\t\t\t<\/div>\n\t\t\t\t<\/div>\n\t\t\t\t<div class=\"elementor-element elementor-element-d68b968 elementor-align-left elementor-widget elementor-widget-button\" data-id=\"d68b968\" data-element_type=\"widget\" data-e-type=\"widget\" data-widget_type=\"button.default\">\n\t\t\t\t<div class=\"elementor-widget-container\">\n\t\t\t\t\t\t\t\t\t<div class=\"elementor-button-wrapper\">\n\t\t\t\t\t<a class=\"elementor-button elementor-button-link elementor-size-sm\" href=\"https:\/\/carhelpeurope.com\/tr\/legal-partners\/\">\n\t\t\t\t\t\t<span class=\"elementor-button-content-wrapper\">\n\t\t\t\t\t\t\t\t\t<span class=\"elementor-button-text\">\u015eimdi Kat\u0131l\u0131n Yasal bir ortak olarak<\/span>\n\t\t\t\t\t<\/span>\n\t\t\t\t\t<\/a>\n\t\t\t\t<\/div>\n\t\t\t\t\t\t\t\t<\/div>\n\t\t\t\t<\/div>\n\t\t\t\t\t<\/div>\n\t\t<\/div>\n\t\t\t\t\t<\/div>\n\t\t<\/section>\n\t\t\t\t\t<\/div>\n\t\t<\/div>\n\t\t\t\t\t<\/div>\n\t\t<\/section>\n\t\t\t\t<\/div>","protected":false},"excerpt":{"rendered":"<p>Work With Us Join Now Are you an accident lawyer or part of a law firm looking to expand your career? Car Help Europe is seeking to build a network of National Legal Experts who will provide legal thematic, geographical\u00a0 and linguistic coverage of their respective national legal systems and will represent out clients before [&hellip;]<\/p>\n","protected":false},"author":1,"featured_media":0,"parent":0,"menu_order":0,"comment_status":"closed","ping_status":"closed","template":"","meta":{"site-sidebar-layout":"no-sidebar","site-content-layout":"page-builder","ast-site-content-layout":"full-width-container","site-content-style":"unboxed","site-sidebar-style":"unboxed","ast-global-header-display":"","ast-banner-title-visibility":"","ast-main-header-display":"","ast-hfb-above-header-display":"","ast-hfb-below-header-display":"","ast-hfb-mobile-header-display":"","site-post-title":"disabled","ast-breadcrumbs-content":"disabled","ast-featured-img":"disabled","footer-sml-layout":"","ast-disable-related-posts":"","theme-transparent-header-meta":"enabled","adv-header-id-meta":"","stick-header-meta":"","header-above-stick-meta":"","header-main-stick-meta":"","header-below-stick-meta":"","astra-migrate-meta-layouts":"set","ast-page-background-enabled":"default","ast-page-background-meta":{"desktop":{"background-color":"","background-image":"","background-repeat":"repeat","background-position":"center center","background-size":"auto","background-attachment":"scroll","background-type":"","background-media":"","overlay-type":"","overlay-color":"","overlay-opacity":"","overlay-gradient":""},"tablet":{"background-color":"","background-image":"","background-repeat":"repeat","background-position":"center center","background-size":"auto","background-attachment":"scroll","background-type":"","background-media":"","overlay-type":"","overlay-color":"","overlay-opacity":"","overlay-gradient":""},"mobile":{"background-color":"","background-image":"","background-repeat":"repeat","background-position":"center center","background-size":"auto","background-attachment":"scroll","background-type":"","background-media":"","overlay-type":"","overlay-color":"","overlay-opacity":"","overlay-gradient":""}},"ast-content-background-meta":{"desktop":{"background-color":"var(--ast-global-color-5)","background-image":"","background-repeat":"repeat","background-position":"center center","background-size":"auto","background-attachment":"scroll","background-type":"","background-media":"","overlay-type":"","overlay-color":"","overlay-opacity":"","overlay-gradient":""},"tablet":{"background-color":"var(--ast-global-color-5)","background-image":"","background-repeat":"repeat","background-position":"center center","background-size":"auto","background-attachment":"scroll","background-type":"","background-media":"","overlay-type":"","overlay-color":"","overlay-opacity":"","overlay-gradient":""},"mobile":{"background-color":"var(--ast-global-color-5)","background-image":"","background-repeat":"repeat","background-position":"center center","background-size":"auto","background-attachment":"scroll","background-type":"","background-media":"","overlay-type":"","overlay-color":"","overlay-opacity":"","overlay-gradient":""}},"footnotes":""},"class_list":["post-1812","page","type-page","status-publish","hentry"],"jetpack_sharing_enabled":true,"_links":{"self":[{"href":"https:\/\/carhelpeurope.com\/tr\/wp-json\/wp\/v2\/pages\/1812","targetHints":{"allow":["GET"]}}],"collection":[{"href":"https:\/\/carhelpeurope.com\/tr\/wp-json\/wp\/v2\/pages"}],"about":[{"href":"https:\/\/carhelpeurope.com\/tr\/wp-json\/wp\/v2\/types\/page"}],"author":[{"embeddable":true,"href":"https:\/\/carhelpeurope.com\/tr\/wp-json\/wp\/v2\/users\/1"}],"replies":[{"embeddable":true,"href":"https:\/\/carhelpeurope.com\/tr\/wp-json\/wp\/v2\/comments?post=1812"}],"version-history":[{"count":1,"href":"https:\/\/carhelpeurope.com\/tr\/wp-json\/wp\/v2\/pages\/1812\/revisions"}],"predecessor-version":[{"id":3163,"href":"https:\/\/carhelpeurope.com\/tr\/wp-json\/wp\/v2\/pages\/1812\/revisions\/3163"}],"wp:attachment":[{"href":"https:\/\/carhelpeurope.com\/tr\/wp-json\/wp\/v2\/media?parent=1812"}],"curies":[{"name":"wp","href":"https:\/\/api.w.org\/{rel}","templated":true}]}}