{"id":1844,"date":"2023-06-05T18:41:00","date_gmt":"2023-06-05T18:41:00","guid":{"rendered":"https:\/\/carhelpeurope.com\/?page_id=1844"},"modified":"2025-01-30T00:53:33","modified_gmt":"2025-01-30T00:53:33","slug":"legal-partners","status":"publish","type":"page","link":"https:\/\/carhelpeurope.com\/tr\/legal-partners\/","title":{"rendered":"Hukuk Orta\u011f\u0131 Olun"},"content":{"rendered":"\t\t<div data-elementor-type=\"wp-page\" data-elementor-id=\"1844\" class=\"elementor elementor-1844\" data-elementor-post-type=\"page\">\n\t\t\t\t\t\t<section class=\"elementor-section elementor-top-section elementor-element elementor-element-93488aa elementor-section-boxed elementor-section-height-default elementor-section-height-default\" data-id=\"93488aa\" data-element_type=\"section\" data-e-type=\"section\" data-settings=\"{&quot;background_background&quot;:&quot;classic&quot;}\">\n\t\t\t\t\t\t<div class=\"elementor-container elementor-column-gap-no\">\n\t\t\t\t\t<div class=\"elementor-column elementor-col-100 elementor-top-column elementor-element elementor-element-0c95332\" data-id=\"0c95332\" data-element_type=\"column\" data-e-type=\"column\">\n\t\t\t<div class=\"elementor-widget-wrap elementor-element-populated\">\n\t\t\t\t\t\t<div class=\"elementor-element elementor-element-d82acff elementor-widget elementor-widget-heading\" data-id=\"d82acff\" data-element_type=\"widget\" data-e-type=\"widget\" data-widget_type=\"heading.default\">\n\t\t\t\t<div class=\"elementor-widget-container\">\n\t\t\t\t\t<h1 class=\"elementor-heading-title elementor-size-default\">Become A Law Partner<\/h1>\t\t\t\t<\/div>\n\t\t\t\t<\/div>\n\t\t\t\t\t<\/div>\n\t\t<\/div>\n\t\t\t\t\t<\/div>\n\t\t<\/section>\n\t\t\t\t<section class=\"elementor-section elementor-top-section elementor-element elementor-element-8843bff elementor-section-content-middle elementor-section-boxed elementor-section-height-default elementor-section-height-default\" data-id=\"8843bff\" data-element_type=\"section\" data-e-type=\"section\" data-settings=\"{&quot;background_background&quot;:&quot;classic&quot;}\">\n\t\t\t\t\t\t<div class=\"elementor-container elementor-column-gap-no\">\n\t\t\t\t\t<div class=\"elementor-column elementor-col-100 elementor-top-column elementor-element elementor-element-3defe21\" data-id=\"3defe21\" data-element_type=\"column\" data-e-type=\"column\">\n\t\t\t<div class=\"elementor-widget-wrap elementor-element-populated\">\n\t\t\t\t\t\t<section class=\"elementor-section elementor-inner-section elementor-element elementor-element-2a91513 elementor-section-boxed elementor-section-height-default elementor-section-height-default\" data-id=\"2a91513\" data-element_type=\"section\" data-e-type=\"section\">\n\t\t\t\t\t\t<div class=\"elementor-container elementor-column-gap-no\">\n\t\t\t\t\t<div class=\"elementor-column elementor-col-100 elementor-inner-column elementor-element elementor-element-3751ae4\" data-id=\"3751ae4\" data-element_type=\"column\" data-e-type=\"column\">\n\t\t\t<div class=\"elementor-widget-wrap elementor-element-populated\">\n\t\t\t\t\t\t<div class=\"elementor-element elementor-element-f8a0618 elementor-widget elementor-widget-heading\" data-id=\"f8a0618\" data-element_type=\"widget\" data-e-type=\"widget\" data-widget_type=\"heading.default\">\n\t\t\t\t<div class=\"elementor-widget-container\">\n\t\t\t\t\t<h2 class=\"elementor-heading-title elementor-size-default\">Join Us as a Legal Partner of Car Help Europe\n\n<\/h2>\t\t\t\t<\/div>\n\t\t\t\t<\/div>\n\t\t\t\t<div class=\"elementor-element elementor-element-b7b19ca elementor-widget elementor-widget-text-editor\" data-id=\"b7b19ca\" data-element_type=\"widget\" data-e-type=\"widget\" data-widget_type=\"text-editor.default\">\n\t\t\t\t<div class=\"elementor-widget-container\">\n\t\t\t\t\t\t\t\t\t<p>Are you a legal professional passionate about protecting the rights of individuals involved in road accidents across Europe? Look no further! Car Help Europe is seeking dedicated legal partners to join our mission of providing comprehensive legal coverage to travelers.<\/p>\t\t\t\t\t\t\t\t<\/div>\n\t\t\t\t<\/div>\n\t\t\t\t<div class=\"elementor-element elementor-element-ee21b1d elementor-widget elementor-widget-wpforms\" data-id=\"ee21b1d\" data-element_type=\"widget\" data-e-type=\"widget\" data-widget_type=\"wpforms.default\">\n\t\t\t\t<div class=\"elementor-widget-container\">\n\t\t\t\t\t<div class=\"wpforms-container \" id=\"wpforms-1842\"><form id=\"wpforms-form-1842\" class=\"wpforms-validate wpforms-form\" data-formid=\"1842\" method=\"post\" enctype=\"multipart\/form-data\" action=\"\/tr\/wp-json\/wp\/v2\/pages\/1844\" data-token=\"fcef4b55ffeca5ed64c21a99687ae477\"><noscript class=\"wpforms-error-noscript\">Bu formu bitirebilmek i\u00e7in taray\u0131c\u0131n\u0131zda JavaScript&#039;i etkinle\u015ftirin.<\/noscript><div class=\"wpforms-field-container\"><div id=\"wpforms-1842-field_2-container\" class=\"wpforms-field wpforms-field-name\" data-field-id=\"2\"><label class=\"wpforms-field-label\" for=\"wpforms-1842-field_2\">Name <span class=\"wpforms-required-label\">*<\/span><\/label><div class=\"wpforms-field-row wpforms-field-large\"><div class=\"wpforms-field-row-block wpforms-first wpforms-one-half\"><input type=\"text\" id=\"wpforms-1842-field_2\" class=\"wpforms-field-name-first wpforms-field-required\" name=\"wpforms[fields][2][first]\" required><label for=\"wpforms-1842-field_2\" class=\"wpforms-field-sublabel after \">Ad<\/label><\/div><div class=\"wpforms-field-row-block wpforms-one-half\"><input type=\"text\" id=\"wpforms-1842-field_2-last\" class=\"wpforms-field-name-last wpforms-field-required\" name=\"wpforms[fields][2][last]\" required><label for=\"wpforms-1842-field_2-last\" class=\"wpforms-field-sublabel after \">Soyad<\/label><\/div><\/div><\/div><div id=\"wpforms-1842-field_3-container\" class=\"wpforms-field wpforms-field-text\" data-field-id=\"3\"><label class=\"wpforms-field-label\" for=\"wpforms-1842-field_3\">Law Firm Name <span class=\"wpforms-required-label\">*<\/span><\/label><input type=\"text\" id=\"wpforms-1842-field_3\" class=\"wpforms-field-large wpforms-field-required\" name=\"wpforms[fields][3]\" placeholder=\"Law Firm Name\" required><\/div><div id=\"wpforms-1842-field_4-container\" class=\"wpforms-field wpforms-field-email\" data-field-id=\"4\"><label class=\"wpforms-field-label\" for=\"wpforms-1842-field_4\">Email <span class=\"wpforms-required-label\">*<\/span><\/label><input type=\"email\" id=\"wpforms-1842-field_4\" class=\"wpforms-field-large wpforms-field-required\" name=\"wpforms[fields][4]\" placeholder=\"email@example.com\" required><\/div><div id=\"wpforms-1842-field_5-container\" class=\"wpforms-field wpforms-field-phone\" data-field-id=\"5\"><label class=\"wpforms-field-label\" for=\"wpforms-1842-field_5\">Phone <span class=\"wpforms-required-label\">*<\/span><\/label><input type=\"tel\" id=\"wpforms-1842-field_5\" class=\"wpforms-field-large wpforms-field-required wpforms-smart-phone-field\" data-rule-smart-phone-field=\"true\" name=\"wpforms[fields][5]\" placeholder=\"+00 123-456-789\" required><\/div><div id=\"wpforms-1842-field_6-container\" class=\"wpforms-field wpforms-field-address\" data-field-id=\"6\"><label class=\"wpforms-field-label\" for=\"wpforms-1842-field_6\">Address <span class=\"wpforms-required-label\">*<\/span><\/label><div class=\"wpforms-field-row wpforms-field-large\"><div ><input type=\"text\" id=\"wpforms-1842-field_6\" class=\"wpforms-field-address-address1 wpforms-field-required\" name=\"wpforms[fields][6][address1]\" required><label for=\"wpforms-1842-field_6\" class=\"wpforms-field-sublabel after \">Adres Sat\u0131r\u0131 1<\/label><\/div><\/div><div class=\"wpforms-field-row wpforms-field-large\"><div ><input type=\"text\" id=\"wpforms-1842-field_6-address2\" class=\"wpforms-field-address-address2\" name=\"wpforms[fields][6][address2]\" ><label for=\"wpforms-1842-field_6-address2\" class=\"wpforms-field-sublabel after \">Adres Sat\u0131r\u0131 2<\/label><\/div><\/div><div class=\"wpforms-field-row wpforms-field-large\"><div class=\"wpforms-field-row-block wpforms-one-half wpforms-first\"><input type=\"text\" id=\"wpforms-1842-field_6-city\" class=\"wpforms-field-address-city wpforms-field-required\" name=\"wpforms[fields][6][city]\" placeholder=\"City\" required><label for=\"wpforms-1842-field_6-city\" class=\"wpforms-field-sublabel after \">\u015eehir<\/label><\/div><div class=\"wpforms-field-row-block wpforms-one-half\"><input type=\"text\" id=\"wpforms-1842-field_6-state\" class=\"wpforms-field-address-state wpforms-field-required\" name=\"wpforms[fields][6][state]\" placeholder=\"State\" required><label for=\"wpforms-1842-field_6-state\" class=\"wpforms-field-sublabel after \">Eyalet \/ B\u00f6lge<\/label><\/div><\/div><div class=\"wpforms-field-row wpforms-field-large\"><div class=\"wpforms-field-row-block wpforms-one-half wpforms-first\"><input type=\"text\" id=\"wpforms-1842-field_6-postal\" class=\"wpforms-field-address-postal wpforms-field-required\" name=\"wpforms[fields][6][postal]\" placeholder=\"Postal Code\" required><label for=\"wpforms-1842-field_6-postal\" class=\"wpforms-field-sublabel after \">Posta Kodu<\/label><\/div><div class=\"wpforms-field-row-block wpforms-one-half\"><select id=\"wpforms-1842-field_6-country\" class=\"wpforms-field-address-country wpforms-field-required\" name=\"wpforms[fields][6][country]\" required><option value=\"UM\" >ABD K\u00fc\u00e7\u00fck Harici Adalar\u0131<\/option><option value=\"AF\" >Afganistan<\/option><option value=\"DE\" >Almanya<\/option><option value=\"US\" >Amerika Birle\u015fik Devletleri<\/option><option value=\"AS\" >Amerikan Samoas\u0131<\/option><option value=\"AD\" >Andorra<\/option><option value=\"AO\" >Angola<\/option><option value=\"AI\" >Anguilla<\/option><option value=\"AQ\" >Antarktika<\/option><option value=\"AG\" >Antigua ve Barbuda<\/option><option value=\"AR\" >Arjantin<\/option><option value=\"AL\" >Arnavutluk<\/option><option value=\"AW\" >Aruba<\/option><option value=\"AU\" >Avustralya<\/option><option value=\"AT\" >Avusturya<\/option><option value=\"AZ\" >Azerbaycan<\/option><option value=\"BS\" >Bahamalar<\/option><option value=\"BH\" >Bahreyn<\/option><option value=\"BD\" >Banglade\u015f<\/option><option value=\"BB\" >Barbados<\/option><option value=\"EH\" >Bat\u0131 Sahra<\/option><option value=\"BY\" >Belarus<\/option><option value=\"BZ\" >Belize<\/option><option value=\"BE\" >Bel\u00e7ika<\/option><option value=\"BJ\" >Benin<\/option><option value=\"BM\" >Bermuda<\/option><option value=\"BT\" >Bhutan<\/option><option value=\"AE\" >Birle\u015fik Arap Emirlikleri<\/option><option value=\"BO\" >Bolivya (\u00c7ok Uluslu Devlet)<\/option><option value=\"BQ\" >Bonaire, Saint Eustatius ve Saba<\/option><option value=\"BA\" >Bosna-Hersek<\/option><option value=\"BW\" >Botsvana<\/option><option value=\"BV\" >Bouvet Adas\u0131<\/option><option value=\"BR\" >Brezilya<\/option><option value=\"IO\" >Britanya Hint Okyanusu Topraklar\u0131<\/option><option value=\"BN\" >Brunei Darussalam<\/option><option value=\"BG\" >Bulgaristan<\/option><option value=\"BF\" >Burkina Faso<\/option><option value=\"BI\" >Burundi<\/option><option value=\"GB\" >B\u00fcy\u00fck Britanya ve Kuzey \u0130rlanda Birle\u015fik Krall\u0131\u011f\u0131<\/option><option value=\"CV\" >Cabo Verde<\/option><option value=\"KY\" >Cayman Adalar\u0131<\/option><option value=\"GI\" >Cebelitar\u0131k<\/option><option value=\"DZ\" >Cezayir<\/option><option value=\"DJ\" >Cibuti<\/option><option value=\"CC\" >Cocos (Keeling) Adalar\u0131<\/option><option value=\"CK\" >Cook Adalar\u0131<\/option><option value=\"DK\" >Danimarka<\/option><option value=\"DO\" >Dominik Cumhuriyeti<\/option><option value=\"DM\" >Dominika<\/option><option value=\"TL\" >Do\u011fu Timor<\/option><option value=\"EC\" >Ekvador<\/option><option value=\"GQ\" >Ekvator Ginesi<\/option><option value=\"SV\" >El Salvador<\/option><option value=\"ID\" >Endonezya<\/option><option value=\"ER\" >Eritre<\/option><option value=\"AM\" >Ermenistan<\/option><option value=\"EE\" >Estonya<\/option><option value=\"SZ\" >Esvatini (Krall\u0131\u011f\u0131)<\/option><option value=\"ET\" >Etiyopya<\/option><option value=\"FK\" >Falkland Adalar\u0131 (Malvinas)<\/option><option value=\"FO\" >Faroe Adalar\u0131<\/option><option value=\"MA\" >Fas<\/option><option value=\"FJ\" >Fiji<\/option><option value=\"CI\" >Fildi\u015fi Sahili<\/option><option value=\"PH\" >Filipinler<\/option><option value=\"PS\" >Filistin (Devleti)<\/option><option value=\"FI\" >Finlandiya<\/option><option value=\"FR\" >Fransa<\/option><option value=\"GF\" >Frans\u0131z Ginesi<\/option><option value=\"TF\" >Frans\u0131z G\u00fcney Topraklar\u0131<\/option><option value=\"PF\" >Frans\u0131z Polinezyas\u0131<\/option><option value=\"GA\" >Gabon<\/option><option value=\"GM\" >Gambiya<\/option><option value=\"GH\" >Gana<\/option><option value=\"GE\" >Georgia<\/option><option value=\"GN\" >Gine<\/option><option value=\"GW\" >Gine-Bissau<\/option><option value=\"GD\" >Grenada<\/option><option value=\"GL\" >Gr\u00f6nland<\/option><option value=\"GP\" >Guadeloupe<\/option><option value=\"GU\" >Guam<\/option><option value=\"GT\" >Guatemala<\/option><option value=\"GG\" >Guernsey<\/option><option value=\"GY\" >Guyana<\/option><option value=\"ZA\" >G\u00fcney Afrika<\/option><option value=\"GS\" >G\u00fcney Georgia ve G\u00fcney Sandvi\u00e7 Adalar\u0131<\/option><option value=\"SS\" >G\u00fcney Sudan<\/option><option value=\"HT\" >Haiti<\/option><option value=\"HM\" >Heard Adas\u0131 ve McDonald Adalar\u0131<\/option><option value=\"IN\" >Hindistan<\/option><option value=\"NL\" >Hollanda<\/option><option value=\"HN\" >Honduras<\/option><option value=\"HK\" >Hong Kong<\/option><option value=\"HR\" >H\u0131rvatistan<\/option><option value=\"IQ\" >Irak<\/option><option value=\"JM\" >Jamaika<\/option><option value=\"JP\" >Japonya<\/option><option value=\"JE\" >Jersey<\/option><option value=\"KH\" >Kambo\u00e7ya<\/option><option value=\"CM\" >Kamerun<\/option><option value=\"CA\" >Kanada<\/option><option value=\"ME\" >Karada\u011f<\/option><option value=\"QA\" >Katar<\/option><option value=\"KZ\" >Kazakistan<\/option><option value=\"KE\" >Kenya<\/option><option value=\"KI\" >Kiribati<\/option><option value=\"CO\" >Kolombiya<\/option><option value=\"KM\" >Komorlar<\/option><option value=\"CG\" >Kongo<\/option><option value=\"CD\" >Kongo (Demokratik Cumhuriyet)<\/option><option value=\"KR\" >Kore (Cumhuriyeti)<\/option><option value=\"KP\" >Kore (Demokratik Halk Cumhuriyeti)<\/option><option value=\"XK\" >Kosova<\/option><option value=\"CR\" >Kosta Rika<\/option><option value=\"CW\" >Kurasao<\/option><option value=\"KW\" >Kuveyt<\/option><option value=\"MK\" >Kuzey Makedonya (Cumhuriyeti)<\/option><option value=\"MP\" >Kuzey Mariana Adalar\u0131<\/option><option value=\"CU\" >K\u00fcba<\/option><option value=\"CY\" >K\u0131br\u0131s<\/option><option value=\"KG\" >K\u0131rg\u0131zistan<\/option><option value=\"LA\" >Lao Demokratik Halk Cumhuriyeti<\/option><option value=\"LS\" >Lesoto<\/option><option value=\"LV\" >Letonya<\/option><option value=\"LR\" >Liberya<\/option><option value=\"LY\" >Libya<\/option><option value=\"LI\" >Lihten\u015ftayn<\/option><option value=\"LT\" >Litvanya<\/option><option value=\"LB\" >L\u00fcbnan<\/option><option value=\"LU\" >L\u00fcksemburg<\/option><option value=\"HU\" >Macaristan<\/option><option value=\"MG\" >Madagaskar<\/option><option value=\"MO\" >Makau<\/option><option value=\"MW\" >Malavi<\/option><option value=\"MV\" >Maldivler<\/option><option value=\"MY\" >Malezya<\/option><option value=\"ML\" >Mali<\/option><option value=\"MT\" >Malta<\/option><option value=\"IM\" >Man Adas\u0131<\/option><option value=\"MQ\" >Martinik<\/option><option value=\"MH\" >Mar\u015fal Adalar\u0131<\/option><option value=\"MU\" >Mauritius<\/option><option value=\"YT\" >Mayotte<\/option><option value=\"MX\" >Meksika<\/option><option value=\"FM\" >Mikronezya (Federal Devleti)<\/option><option value=\"MD\" >Moldova (Cumhuriyeti)<\/option><option value=\"MC\" >Monako<\/option><option value=\"MS\" >Monserat<\/option><option value=\"MR\" >Moritanya<\/option><option value=\"MZ\" >Mozambik<\/option><option value=\"MN\" >Mo\u011folistan<\/option><option value=\"MM\" >Myanmar<\/option><option value=\"EG\" >M\u0131s\u0131r<\/option><option value=\"NA\" >Namibya<\/option><option value=\"NR\" >Nauru<\/option><option value=\"NP\" >Nepal<\/option><option value=\"NE\" >Nijer<\/option><option value=\"NG\" >Nijerya<\/option><option value=\"NI\" >Nikaragua<\/option><option value=\"NU\" >Niue<\/option><option value=\"CX\" >Noel Adas\u0131<\/option><option value=\"NF\" >Norfolk Adas\u0131<\/option><option value=\"NO\" >Norve\u00e7<\/option><option value=\"CF\" >Orta Afrika Cumhuriyeti<\/option><option value=\"PK\" >Pakistan<\/option><option value=\"PW\" >Palau<\/option><option value=\"PA\" >Panama<\/option><option value=\"PG\" >Papua Yeni Gine<\/option><option value=\"PY\" >Paraguay<\/option><option value=\"PE\" >Peru<\/option><option value=\"PN\" >Pitcairn<\/option><option value=\"PL\" >Polonya<\/option><option value=\"PT\" >Portekiz<\/option><option value=\"PR\" >Porto Riko<\/option><option value=\"RO\" >Romanya<\/option><option value=\"RW\" >Ruanda<\/option><option value=\"RU\" >Rusya Federasyonu<\/option><option value=\"RE\" >R\u00e9union<\/option><option value=\"BL\" >Saint Barth\u00e9lemy<\/option><option value=\"SH\" >Saint Helena, Ascension ve Tristan da Cunha<\/option><option value=\"KN\" >Saint Kitts ve Nevis<\/option><option value=\"LC\" >Saint Lucia<\/option><option value=\"MF\" >Saint Martin (Frans\u0131z k\u0131s\u0131m)<\/option><option value=\"PM\" >Saint Pierre ve Miquelon<\/option><option value=\"VC\" >Saint Vincent ve Grenadin Adalar\u0131<\/option><option value=\"WS\" >Samoa<\/option><option value=\"SM\" >San Marino<\/option><option value=\"ST\" >Sao Tome ve Principe<\/option><option value=\"SN\" >Senegal<\/option><option value=\"SC\" >Sey\u015feller<\/option><option value=\"SL\" >Sierra Leone<\/option><option value=\"SG\" >Singapur<\/option><option value=\"SX\" >Sint Maarten (Hollandal\u0131 k\u0131s\u0131m)<\/option><option value=\"SK\" >Slovakya<\/option><option value=\"SI\" >Slovenya<\/option><option value=\"SB\" >Solomun Adalar\u0131<\/option><option value=\"SO\" >Somali<\/option><option value=\"LK\" >Sri Lanka<\/option><option value=\"SD\" >Sudan<\/option><option value=\"SR\" >Surinam<\/option><option value=\"SY\" >Suriye Arap Cumhuriyeti<\/option><option value=\"SA\" >Suudi Arabistan<\/option><option value=\"SJ\" >Svalbard ve Jan Mayen<\/option><option value=\"RS\" >S\u0131rbistan<\/option><option value=\"TJ\" >Tacikistan<\/option><option value=\"TW\" >Taiwan, Province of China<\/option><option value=\"TZ\" >Tanzanya (Birle\u015fik Cumhuriyeti)<\/option><option value=\"TH\" >Tayland<\/option><option value=\"TG\" >Togo<\/option><option value=\"TK\" >Tokelau<\/option><option value=\"TO\" >Tonga<\/option><option value=\"TT\" >Trinidad ve Tobago<\/option><option value=\"TN\" >Tunus<\/option><option value=\"TR\" >Turkey<\/option><option value=\"TC\" >Turks ve Caicos Adalar\u0131<\/option><option value=\"TV\" >Tuvalu<\/option><option value=\"TM\" >T\u00fcrkmenistan<\/option><option value=\"UG\" >Uganda<\/option><option value=\"UA\" >Ukrayna<\/option><option value=\"OM\" >Umman<\/option><option value=\"UY\" >Uruguay<\/option><option value=\"VU\" >Vanuatu<\/option><option value=\"VA\" >Vatikan \u015eehir Devleti<\/option><option value=\"VE\" >Venezuela (Bolivarc\u0131 Cumhuriyeti)<\/option><option value=\"VN\" >Vietnam<\/option><option value=\"VI\" >Virjin Adalar\u0131 (ABD)<\/option><option value=\"VG\" >Virjin Adalar\u0131 (\u0130ngiliz)<\/option><option value=\"WF\" >Wallis ve Futuna<\/option><option value=\"YE\" >Yemen<\/option><option value=\"NC\" >Yeni Kaledonya<\/option><option value=\"NZ\" >Yeni Zelanda<\/option><option value=\"GR\" >Yunanistan<\/option><option value=\"ZM\" >Zambiya<\/option><option value=\"ZW\" >Zimbabve<\/option><option value=\"AX\" >\u00c5land Adalar\u0131<\/option><option value=\"TD\" >\u00c7ad<\/option><option value=\"CZ\" >\u00c7ek Cumhuriyeti<\/option><option value=\"CN\" >\u00c7in<\/option><option value=\"UZ\" >\u00d6zbekistan<\/option><option value=\"JO\" >\u00dcrd\u00fcn<\/option><option value=\"IR\" >\u0130ran (\u0130slam Cumhuriyeti)<\/option><option value=\"IE\" >\u0130rlanda (Cumhuriyeti)<\/option><option value=\"ES\" >\u0130spanya<\/option><option value=\"IL\" >\u0130srail<\/option><option value=\"SE\" >\u0130sve\u00e7<\/option><option value=\"CH\" >\u0130svi\u00e7re<\/option><option value=\"IT\" >\u0130talya<\/option><option value=\"IS\" >\u0130zlanda<\/option><option value=\"CL\" >\u015eili<\/option><\/select><label for=\"wpforms-1842-field_6-country\" class=\"wpforms-field-sublabel after \">\u00dclke<\/label><\/div><\/div><\/div><div id=\"wpforms-1842-field_11-container\" class=\"wpforms-field wpforms-field-textarea\" data-field-id=\"11\"><label class=\"wpforms-field-label\" for=\"wpforms-1842-field_11\">Expertise the representing car passengers&#039; rights <span class=\"wpforms-required-label\">*<\/span><\/label><textarea id=\"wpforms-1842-field_11\" class=\"wpforms-field-large wpforms-field-required\" name=\"wpforms[fields][11]\" required><\/textarea><\/div><div id=\"wpforms-1842-field_12-container\" class=\"wpforms-field wpforms-field-checkbox\" data-field-id=\"12\"><ul id=\"wpforms-1842-field_12\" class=\"wpforms-field-required\"><li class=\"choice-1 depth-1\"><input type=\"checkbox\" id=\"wpforms-1842-field_12_1\" name=\"wpforms[fields][12][]\" value=\"I agree to the Privacy Statement\" required ><label class=\"wpforms-field-label-inline\" for=\"wpforms-1842-field_12_1\">I agree to the Privacy Statement<\/label><\/li><\/ul><\/div><\/div><div class=\"wpforms-submit-container\" ><input type=\"hidden\" name=\"wpforms[id]\" value=\"1842\"><input type=\"hidden\" name=\"wpforms[author]\" value=\"1\"><button type=\"submit\" name=\"wpforms[submit]\" class=\"wpforms-submit \" id=\"wpforms-submit-1842\" value=\"wpforms-submit\" aria-live=\"assertive\" data-alt-text=\"Sending...\" data-submit-text=\"Submit\">Submit<\/button><\/div><\/form><\/div>  <!-- .wpforms-container -->\t\t\t\t<\/div>\n\t\t\t\t<\/div>\n\t\t\t\t\t<\/div>\n\t\t<\/div>\n\t\t\t\t\t<\/div>\n\t\t<\/section>\n\t\t\t\t\t<\/div>\n\t\t<\/div>\n\t\t\t\t\t<\/div>\n\t\t<\/section>\n\t\t\t\t<\/div>\n\t\t","protected":false},"excerpt":{"rendered":"<p>Become A Law Partner Join Us as a Legal Partner of Car Help Europe Are you a legal professional passionate about protecting the rights of individuals involved in road accidents across Europe? Look no further! Car Help Europe is seeking dedicated legal partners to join our mission of providing comprehensive legal coverage to travelers.<\/p>","protected":false},"author":1,"featured_media":0,"parent":0,"menu_order":0,"comment_status":"closed","ping_status":"closed","template":"","meta":{"site-sidebar-layout":"no-sidebar","site-content-layout":"page-builder","ast-site-content-layout":"full-width-container","site-content-style":"unboxed","site-sidebar-style":"unboxed","ast-global-header-display":"","ast-banner-title-visibility":"","ast-main-header-display":"","ast-hfb-above-header-display":"","ast-hfb-below-header-display":"","ast-hfb-mobile-header-display":"","site-post-title":"disabled","ast-breadcrumbs-content":"disabled","ast-featured-img":"disabled","footer-sml-layout":"","ast-disable-related-posts":"","theme-transparent-header-meta":"enabled","adv-header-id-meta":"","stick-header-meta":"","header-above-stick-meta":"","header-main-stick-meta":"","header-below-stick-meta":"","astra-migrate-meta-layouts":"set","ast-page-background-enabled":"default","ast-page-background-meta":{"desktop":{"background-color":"","background-image":"","background-repeat":"repeat","background-position":"center center","background-size":"auto","background-attachment":"scroll","background-type":"","background-media":"","overlay-type":"","overlay-color":"","overlay-opacity":"","overlay-gradient":""},"tablet":{"background-color":"","background-image":"","background-repeat":"repeat","background-position":"center center","background-size":"auto","background-attachment":"scroll","background-type":"","background-media":"","overlay-type":"","overlay-color":"","overlay-opacity":"","overlay-gradient":""},"mobile":{"background-color":"","background-image":"","background-repeat":"repeat","background-position":"center center","background-size":"auto","background-attachment":"scroll","background-type":"","background-media":"","overlay-type":"","overlay-color":"","overlay-opacity":"","overlay-gradient":""}},"ast-content-background-meta":{"desktop":{"background-color":"var(--ast-global-color-5)","background-image":"","background-repeat":"repeat","background-position":"center center","background-size":"auto","background-attachment":"scroll","background-type":"","background-media":"","overlay-type":"","overlay-color":"","overlay-opacity":"","overlay-gradient":""},"tablet":{"background-color":"var(--ast-global-color-5)","background-image":"","background-repeat":"repeat","background-position":"center center","background-size":"auto","background-attachment":"scroll","background-type":"","background-media":"","overlay-type":"","overlay-color":"","overlay-opacity":"","overlay-gradient":""},"mobile":{"background-color":"var(--ast-global-color-5)","background-image":"","background-repeat":"repeat","background-position":"center center","background-size":"auto","background-attachment":"scroll","background-type":"","background-media":"","overlay-type":"","overlay-color":"","overlay-opacity":"","overlay-gradient":""}},"footnotes":""},"class_list":["post-1844","page","type-page","status-publish","hentry"],"jetpack_sharing_enabled":true,"_links":{"self":[{"href":"https:\/\/carhelpeurope.com\/tr\/wp-json\/wp\/v2\/pages\/1844","targetHints":{"allow":["GET"]}}],"collection":[{"href":"https:\/\/carhelpeurope.com\/tr\/wp-json\/wp\/v2\/pages"}],"about":[{"href":"https:\/\/carhelpeurope.com\/tr\/wp-json\/wp\/v2\/types\/page"}],"author":[{"embeddable":true,"href":"https:\/\/carhelpeurope.com\/tr\/wp-json\/wp\/v2\/users\/1"}],"replies":[{"embeddable":true,"href":"https:\/\/carhelpeurope.com\/tr\/wp-json\/wp\/v2\/comments?post=1844"}],"version-history":[{"count":1,"href":"https:\/\/carhelpeurope.com\/tr\/wp-json\/wp\/v2\/pages\/1844\/revisions"}],"predecessor-version":[{"id":3207,"href":"https:\/\/carhelpeurope.com\/tr\/wp-json\/wp\/v2\/pages\/1844\/revisions\/3207"}],"wp:attachment":[{"href":"https:\/\/carhelpeurope.com\/tr\/wp-json\/wp\/v2\/media?parent=1844"}],"curies":[{"name":"wp","href":"https:\/\/api.w.org\/{rel}","templated":true}]}}