{"id":2075,"date":"2023-07-14T20:15:05","date_gmt":"2023-07-14T20:15:05","guid":{"rendered":"https:\/\/carhelpeurope.com\/?post_type=product&#038;p=2075"},"modified":"2025-01-26T22:25:43","modified_gmt":"2025-01-26T22:25:43","slug":"individual-plan","status":"publish","type":"product","link":"https:\/\/carhelpeurope.com\/tr\/urun\/individual-plan\/","title":{"rendered":"Bireysel Plan"},"content":{"rendered":"<p>&quot;Avrupa&#039;da g\u00fcvenle seyahat edin <strong>Bireysel Hukuki Kapsam Paketi<\/strong>, s\u00fcr\u00fcc\u00fcleri yolda beklenmedik yasal zorluklardan korumak i\u00e7in tasarlanm\u0131\u015ft\u0131r. Ki\u015fi ba\u015f\u0131 sadece 18 \u20ac kar\u015f\u0131l\u0131\u011f\u0131nda, bu paket ihtiyac\u0131n\u0131z oldu\u011funda uzman hukuki yard\u0131ma eri\u015fmenizi sa\u011flayarak yolculu\u011funuzu endi\u015fesiz hale getirir.<\/p>\n<h4><strong>Temel \u00d6zellikler<\/strong><\/h4>\n<ul>\n<li><strong>15 G\u00fcnl\u00fck Kapsaml\u0131 Hukuki Koruma<\/strong><br \/>\n15 g\u00fcn boyunca tam kapsaml\u0131 hukuki g\u00fcvencenin tad\u0131n\u0131 \u00e7\u0131kar\u0131n ve ortaya \u00e7\u0131kabilecek her t\u00fcrl\u00fc hukuki duruma haz\u0131rl\u0131kl\u0131 olun.<\/li>\n<li><strong>Bir Ki\u015fiye \u00d6zel Ki\u015fiselle\u015ftirilmi\u015f Kapsam<\/strong><br \/>\nTek ba\u015f\u0131na seyahat edenler i\u00e7in ideal olan bu paket, yeti\u015fkinlere veya k\u00fc\u00e7\u00fcklere y\u00f6nelik olup durumunuz ne olursa olsun ki\u015fiye \u00f6zel hukuki destek sunuyor.<\/li>\n<li><strong>7\/24 Uzman Destek Hatt\u0131<\/strong><br \/>\nProfesyonel tavsiyelerde bulunmak, sorular\u0131n\u0131z\u0131 yan\u0131tlamak ve kar\u015f\u0131la\u015ft\u0131\u011f\u0131n\u0131z her t\u00fcrl\u00fc hukuki sorunu \u00e7\u00f6zmek i\u00e7in \u00f6zverili ekibimiz g\u00fcn\u00fcn her saati hizmetinizdedir.<\/li>\n<li><strong>Trafik Kazas\u0131 Durumunda Hukuki Yard\u0131m<\/strong><br \/>\n\u0130ster k\u00fc\u00e7\u00fck bir olay ister daha karma\u015f\u0131k bir kaza olsun, hukuk uzmanlar\u0131m\u0131z sizin \u00e7\u0131karlar\u0131n\u0131z\u0131 en iyi \u015fekilde temsil etmek ve yerel d\u00fczenlemelere uyum sa\u011flamak i\u00e7in buradalar.<\/li>\n<li><strong>7\/24 Acil Yard\u0131m Hatt\u0131<\/strong><br \/>\nAcil bir durum oldu\u011funda an\u0131nda yard\u0131ma eri\u015fim. En k\u00fc\u00e7\u00fck endi\u015feden acil meselelere kadar, yard\u0131m sadece bir telefon uza\u011f\u0131n\u0131zda.<\/li>\n<\/ul>\n<h4><strong>Neden Bireysel Plan Paketini Se\u00e7melisiniz?<\/strong><\/h4>\n<p>Bu paket \u015funlar i\u00e7in m\u00fckemmeldir:<\/p>\n<ul>\n<li>Avrupa \u00e7ap\u0131nda k\u0131sa yolculuklara \u00e7\u0131kan s\u00fcr\u00fcc\u00fcler.<\/li>\n<li>Uygun fiyatl\u0131 ancak kapsaml\u0131 hukuki g\u00fcvence arayan ki\u015filer.<\/li>\n<li>\u00d6ncelikli olarak g\u00f6n\u00fcl rahatl\u0131\u011f\u0131yla seyahat etmek isteyen herkes.<\/li>\n<\/ul>\n<h4><strong>Uygun Fiyatl\u0131 Koruma, E\u015fsiz Destek<\/strong><\/h4>\n<p>Sadece 18 \u20ac kar\u015f\u0131l\u0131\u011f\u0131nda, Avrupa&#039;y\u0131 g\u00fcvenle ke\u015ffetmenizi sa\u011flayan y\u00fcksek kaliteli yasal teminat al\u0131rs\u0131n\u0131z. Yasal belirsizliklerin seyahat planlar\u0131n\u0131z\u0131 aksatmas\u0131na izin vermeyin; karma\u015f\u0131kl\u0131klarla biz ilgilenelim, b\u00f6ylece siz \u00f6n\u00fcn\u00fczdeki yolun tad\u0131n\u0131 \u00e7\u0131karmaya odaklanabilirsiniz.\u201d<\/p>\n<hr \/>\n<p>&nbsp;<\/p>","protected":false},"excerpt":{"rendered":"<ul>\n<li>18\u20ac\/ki\u015fi ba\u015f\u0131<\/li>\n<li class=\"elementor-repeater-item-2cdb487\">15 g\u00fcnl\u00fck yasal kapsam<\/li>\n<li class=\"elementor-repeater-item-ac74e14\">1 ki\u015fi i\u00e7in (yeti\u015fkin veya k\u00fc\u00e7\u00fck)<\/li>\n<li class=\"elementor-repeater-item-706b376\">7\/24 destek<\/li>\n<li class=\"elementor-repeater-item-1613799\">Trafik kazas\u0131 durumunda hukuki yard\u0131m<\/li>\n<li class=\"elementor-repeater-item-c660d14\">7\/24 Acil Durum Hatt\u0131<\/li>\n<\/ul>","protected":false},"featured_media":3064,"comment_status":"closed","ping_status":"closed","template":"","meta":{"site-sidebar-layout":"default","site-content-layout":"default","ast-site-content-layout":"default","site-content-style":"default","site-sidebar-style":"default","ast-global-header-display":"","ast-banner-title-visibility":"","ast-main-header-display":"","ast-hfb-above-header-display":"","ast-hfb-below-header-display":"","ast-hfb-mobile-header-display":"","site-post-title":"","ast-breadcrumbs-content":"","ast-featured-img":"","footer-sml-layout":"","ast-disable-related-posts":"","theme-transparent-header-meta":"default","adv-header-id-meta":"","stick-header-meta":"","header-above-stick-meta":"","header-main-stick-meta":"","header-below-stick-meta":"","astra-migrate-meta-layouts":"set","ast-page-background-enabled":"default","ast-page-background-meta":{"desktop":{"background-color":"","background-image":"","background-repeat":"repeat","background-position":"center center","background-size":"auto","background-attachment":"scroll","background-type":"","background-media":"","overlay-type":"","overlay-color":"","overlay-opacity":"","overlay-gradient":""},"tablet":{"background-color":"","background-image":"","background-repeat":"repeat","background-position":"center center","background-size":"auto","background-attachment":"scroll","background-type":"","background-media":"","overlay-type":"","overlay-color":"","overlay-opacity":"","overlay-gradient":""},"mobile":{"background-color":"","background-image":"","background-repeat":"repeat","background-position":"center center","background-size":"auto","background-attachment":"scroll","background-type":"","background-media":"","overlay-type":"","overlay-color":"","overlay-opacity":"","overlay-gradient":""}},"ast-content-background-meta":{"desktop":{"background-color":"var(--ast-global-color-5)","background-image":"","background-repeat":"repeat","background-position":"center center","background-size":"auto","background-attachment":"scroll","background-type":"","background-media":"","overlay-type":"","overlay-color":"","overlay-opacity":"","overlay-gradient":""},"tablet":{"background-color":"var(--ast-global-color-5)","background-image":"","background-repeat":"repeat","background-position":"center center","background-size":"auto","background-attachment":"scroll","background-type":"","background-media":"","overlay-type":"","overlay-color":"","overlay-opacity":"","overlay-gradient":""},"mobile":{"background-color":"var(--ast-global-color-5)","background-image":"","background-repeat":"repeat","background-position":"center center","background-size":"auto","background-attachment":"scroll","background-type":"","background-media":"","overlay-type":"","overlay-color":"","overlay-opacity":"","overlay-gradient":""}}},"product_brand":[],"product_cat":[43],"product_tag":[],"class_list":{"0":"post-2075","1":"product","2":"type-product","3":"status-publish","4":"has-post-thumbnail","6":"product_cat-tourist-plans","7":"desktop-align-left","8":"tablet-align-left","9":"mobile-align-left","11":"first","12":"instock","13":"virtual","14":"purchasable","15":"product-type-simple"},"jetpack_sharing_enabled":true,"_links":{"self":[{"href":"https:\/\/carhelpeurope.com\/tr\/wp-json\/wp\/v2\/product\/2075","targetHints":{"allow":["GET"]}}],"collection":[{"href":"https:\/\/carhelpeurope.com\/tr\/wp-json\/wp\/v2\/product"}],"about":[{"href":"https:\/\/carhelpeurope.com\/tr\/wp-json\/wp\/v2\/types\/product"}],"replies":[{"embeddable":true,"href":"https:\/\/carhelpeurope.com\/tr\/wp-json\/wp\/v2\/comments?post=2075"}],"wp:featuredmedia":[{"embeddable":true,"href":"https:\/\/carhelpeurope.com\/tr\/wp-json\/wp\/v2\/media\/3064"}],"wp:attachment":[{"href":"https:\/\/carhelpeurope.com\/tr\/wp-json\/wp\/v2\/media?parent=2075"}],"wp:term":[{"taxonomy":"product_brand","embeddable":true,"href":"https:\/\/carhelpeurope.com\/tr\/wp-json\/wp\/v2\/product_brand?post=2075"},{"taxonomy":"product_cat","embeddable":true,"href":"https:\/\/carhelpeurope.com\/tr\/wp-json\/wp\/v2\/product_cat?post=2075"},{"taxonomy":"product_tag","embeddable":true,"href":"https:\/\/carhelpeurope.com\/tr\/wp-json\/wp\/v2\/product_tag?post=2075"}],"curies":[{"name":"wp","href":"https:\/\/api.w.org\/{rel}","templated":true}]}}