{"id":2094,"date":"2023-07-14T20:43:24","date_gmt":"2023-07-14T20:43:24","guid":{"rendered":"https:\/\/carhelpeurope.com\/?post_type=product&#038;p=2094"},"modified":"2025-01-26T22:09:56","modified_gmt":"2025-01-26T22:09:56","slug":"short-term-plan","status":"publish","type":"product","link":"https:\/\/carhelpeurope.com\/tr\/urun\/short-term-plan\/","title":{"rendered":"K\u0131sa Vadeli Plan"},"content":{"rendered":"<p><strong>K\u0131sa Vadeli Hukuki Kapsam Plan\u0131m\u0131zla Avrupa&#039;da G\u00fcvenle Seyahat Edin<\/strong><\/p>\n<p>K\u0131sa yolculuklar i\u00e7in m\u00fckemmel olan K\u0131sa D\u00f6nem Plan\u0131m\u0131z, 1 ila 7 g\u00fcn s\u00fcren seyahatler i\u00e7in g\u00fcvenilir yasal teminat sunar. Ki\u015fi ba\u015f\u0131 sadece 10 \u20ac kar\u015f\u0131l\u0131\u011f\u0131nda, bu paket seyahatleriniz s\u0131ras\u0131nda beklenmedik yasal zorluklar i\u00e7in uzman yard\u0131m\u0131na eri\u015fmenizi sa\u011flar.<\/p>\n<h3><strong>Temel \u00d6zellikler<\/strong><\/h3>\n<p><strong>1 ila 7 G\u00fcn Aras\u0131 Yasal Kapsam<\/strong><br \/>\nK\u0131sa s\u00fcreli seyahatlere \u00f6zel haz\u0131rlanan bu plan, yolculu\u011funuz ne kadar k\u0131sa olursa olsun, ortaya \u00e7\u0131kabilecek her t\u00fcrl\u00fc hukuki duruma haz\u0131rl\u0131kl\u0131 olman\u0131z\u0131 sa\u011flar.<\/p>\n<p><strong>Bir Ki\u015fiye \u00d6zel Ki\u015fiselle\u015ftirilmi\u015f Kapsam<\/strong><br \/>\nTek ba\u015f\u0131na seyahat edenler i\u00e7in ideal olan bu plan, \u00f6zel ihtiya\u00e7lar\u0131n\u0131z\u0131 kar\u015f\u0131lamak \u00fczere size \u00f6zel hukuki destek sa\u011flar.<\/p>\n<p><strong>7\/24 Uzman Destek Hatt\u0131<\/strong><br \/>\nHukuk ekibimiz sorular\u0131n\u0131z\u0131 yan\u0131tlamak, tavsiyelerde bulunmak ve her t\u00fcrl\u00fc hukuki endi\u015fenizi gidermek i\u00e7in g\u00fcn\u00fcn her saati hizmetinizdedir.<\/p>\n<p><strong>Trafik Kazas\u0131 Durumunda Hukuki Yard\u0131m<\/strong><br \/>\n\u0130ster k\u00fc\u00e7\u00fck bir olay ister karma\u015f\u0131k bir durum olsun, hukuk uzmanlar\u0131m\u0131z yerel d\u00fczenlemeler konusunda size rehberlik etmek ve \u00e7\u0131karlar\u0131n\u0131z\u0131 korumak i\u00e7in buradad\u0131r.<\/p>\n<p><strong>7\/24 Acil Yard\u0131m Hatt\u0131<\/strong><br \/>\nAn\u0131nda destek sadece bir telefon uza\u011f\u0131n\u0131zda, b\u00f6ylece en \u00e7ok ihtiya\u00e7 duydu\u011funuz anda yard\u0131ma her zaman eri\u015febilirsiniz.<\/p>\n<hr \/>\n<h3><strong>Neden K\u0131sa Vadeli Plan\u0131 Se\u00e7melisiniz?<\/strong><\/h3>\n<p>Bu paket \u015funlar i\u00e7in m\u00fckemmeldir:<\/p>\n<ul>\n<li>Avrupa&#039;da k\u0131sa yolculuklara \u00e7\u0131kan s\u00fcr\u00fcc\u00fcler.<\/li>\n<li>Uygun fiyatl\u0131 ve ge\u00e7ici hukuki teminat arayan gezginler.<\/li>\n<li>K\u0131sa s\u00fcreli yolculuklarda g\u00fcvenli\u011fi ve rahatl\u0131\u011f\u0131 \u00f6n planda tutan herkes.<\/li>\n<\/ul>\n<hr \/>\n<h3><strong>K\u0131sa Seyahatler \u0130\u00e7in Uygun Fiyatl\u0131 Koruma<\/strong><\/h3>\n<p>Ki\u015fi ba\u015f\u0131 sadece 10 \u20ac kar\u015f\u0131l\u0131\u011f\u0131nda, K\u0131sa D\u00f6nemli Plan 7 g\u00fcne kadar s\u00fcren seyahatler i\u00e7in temel yasal teminat sa\u011flar. Yasal belirsizliklerin planlar\u0131n\u0131z\u0131 aksatmas\u0131na izin vermeyin; karma\u015f\u0131kl\u0131klarla ba\u015fa \u00e7\u0131kmam\u0131z i\u00e7in bize g\u00fcvenin, b\u00f6ylece siz yolculu\u011funuzun tad\u0131n\u0131 \u00e7\u0131karmaya odaklanabilirsiniz.<\/p>","protected":false},"excerpt":{"rendered":"<ul>\n<li>10\u20ac\/ki\u015fi ba\u015f\u0131<\/li>\n<li class=\"elementor-repeater-item-2cdb487\">1 ila 7 g\u00fcn aras\u0131 yasal teminat<\/li>\n<li class=\"elementor-repeater-item-706b376\">7\/24 destek<\/li>\n<li class=\"elementor-repeater-item-1613799\">Trafik kazas\u0131 durumunda hukuki yard\u0131m<\/li>\n<li class=\"elementor-repeater-item-c660d14\">7\/24 Acil Durum Hatt\u0131<\/li>\n<\/ul>","protected":false},"featured_media":3063,"comment_status":"closed","ping_status":"closed","template":"","meta":{"site-sidebar-layout":"default","site-content-layout":"default","ast-site-content-layout":"default","site-content-style":"default","site-sidebar-style":"default","ast-global-header-display":"","ast-banner-title-visibility":"","ast-main-header-display":"","ast-hfb-above-header-display":"","ast-hfb-below-header-display":"","ast-hfb-mobile-header-display":"","site-post-title":"","ast-breadcrumbs-content":"","ast-featured-img":"","footer-sml-layout":"","ast-disable-related-posts":"","theme-transparent-header-meta":"default","adv-header-id-meta":"","stick-header-meta":"","header-above-stick-meta":"","header-main-stick-meta":"","header-below-stick-meta":"","astra-migrate-meta-layouts":"set","ast-page-background-enabled":"default","ast-page-background-meta":{"desktop":{"background-color":"","background-image":"","background-repeat":"repeat","background-position":"center center","background-size":"auto","background-attachment":"scroll","background-type":"","background-media":"","overlay-type":"","overlay-color":"","overlay-opacity":"","overlay-gradient":""},"tablet":{"background-color":"","background-image":"","background-repeat":"repeat","background-position":"center center","background-size":"auto","background-attachment":"scroll","background-type":"","background-media":"","overlay-type":"","overlay-color":"","overlay-opacity":"","overlay-gradient":""},"mobile":{"background-color":"","background-image":"","background-repeat":"repeat","background-position":"center center","background-size":"auto","background-attachment":"scroll","background-type":"","background-media":"","overlay-type":"","overlay-color":"","overlay-opacity":"","overlay-gradient":""}},"ast-content-background-meta":{"desktop":{"background-color":"var(--ast-global-color-5)","background-image":"","background-repeat":"repeat","background-position":"center center","background-size":"auto","background-attachment":"scroll","background-type":"","background-media":"","overlay-type":"","overlay-color":"","overlay-opacity":"","overlay-gradient":""},"tablet":{"background-color":"var(--ast-global-color-5)","background-image":"","background-repeat":"repeat","background-position":"center center","background-size":"auto","background-attachment":"scroll","background-type":"","background-media":"","overlay-type":"","overlay-color":"","overlay-opacity":"","overlay-gradient":""},"mobile":{"background-color":"var(--ast-global-color-5)","background-image":"","background-repeat":"repeat","background-position":"center center","background-size":"auto","background-attachment":"scroll","background-type":"","background-media":"","overlay-type":"","overlay-color":"","overlay-opacity":"","overlay-gradient":""}}},"product_brand":[],"product_cat":[43],"product_tag":[],"class_list":{"0":"post-2094","1":"product","2":"type-product","3":"status-publish","4":"has-post-thumbnail","6":"product_cat-tourist-plans","7":"desktop-align-left","8":"tablet-align-left","9":"mobile-align-left","11":"first","12":"instock","13":"virtual","14":"purchasable","15":"product-type-simple"},"jetpack_sharing_enabled":true,"_links":{"self":[{"href":"https:\/\/carhelpeurope.com\/tr\/wp-json\/wp\/v2\/product\/2094","targetHints":{"allow":["GET"]}}],"collection":[{"href":"https:\/\/carhelpeurope.com\/tr\/wp-json\/wp\/v2\/product"}],"about":[{"href":"https:\/\/carhelpeurope.com\/tr\/wp-json\/wp\/v2\/types\/product"}],"replies":[{"embeddable":true,"href":"https:\/\/carhelpeurope.com\/tr\/wp-json\/wp\/v2\/comments?post=2094"}],"wp:featuredmedia":[{"embeddable":true,"href":"https:\/\/carhelpeurope.com\/tr\/wp-json\/wp\/v2\/media\/3063"}],"wp:attachment":[{"href":"https:\/\/carhelpeurope.com\/tr\/wp-json\/wp\/v2\/media?parent=2094"}],"wp:term":[{"taxonomy":"product_brand","embeddable":true,"href":"https:\/\/carhelpeurope.com\/tr\/wp-json\/wp\/v2\/product_brand?post=2094"},{"taxonomy":"product_cat","embeddable":true,"href":"https:\/\/carhelpeurope.com\/tr\/wp-json\/wp\/v2\/product_cat?post=2094"},{"taxonomy":"product_tag","embeddable":true,"href":"https:\/\/carhelpeurope.com\/tr\/wp-json\/wp\/v2\/product_tag?post=2094"}],"curies":[{"name":"wp","href":"https:\/\/api.w.org\/{rel}","templated":true}]}}