{"id":2095,"date":"2023-07-14T20:45:39","date_gmt":"2023-07-14T20:45:39","guid":{"rendered":"https:\/\/carhelpeurope.com\/?post_type=product&#038;p=2095"},"modified":"2025-01-26T22:33:10","modified_gmt":"2025-01-26T22:33:10","slug":"family-plan","status":"publish","type":"product","link":"https:\/\/carhelpeurope.com\/tr\/urun\/family-plan\/","title":{"rendered":"Aile Plan\u0131"},"content":{"rendered":"<p><strong>Aile Hukuku Kapsam Paketimizle Avrupa&#039;da G\u00fcvenle Seyahat Edin<\/strong><\/p>\n<p>T\u00fcm ailenizin beklenmedik yasal zorluklara kar\u015f\u0131 korundu\u011fundan emin olarak Avrupa maceralar\u0131n\u0131za at\u0131l\u0131n. Aile Plan\u0131m\u0131z, aile ba\u015f\u0131na sadece 35 \u20ac&#039;dan kapsaml\u0131 teminat sunarak, ihtiya\u00e7 duydu\u011funuzda uzman hukuki yard\u0131m alman\u0131z\u0131 sa\u011flar, b\u00f6ylece endi\u015felenmeden an\u0131lar biriktirmeye odaklanabilirsiniz.<\/p>\n<h3><strong>Temel \u00d6zellikler<\/strong><\/h3>\n<p><strong>30 G\u00fcn Kapsaml\u0131 Hukuki Koruma<\/strong><br \/>\nSeyahatiniz s\u0131ras\u0131nda ortaya \u00e7\u0131kabilecek her t\u00fcrl\u00fc hukuki durumla ba\u015fa \u00e7\u0131kma konusunda ailenize g\u00fcven vererek, 30 g\u00fcn boyunca tam yasal teminat\u0131n keyfini \u00e7\u0131kar\u0131n.<\/p>\n<p><strong>Aile \u00dcyeleri \u0130\u00e7in Kapsam<\/strong><br \/>\nAilelere \u00f6zel haz\u0131rlanan bu plan, yeti\u015fkinlere ve k\u00fc\u00e7\u00fcklere hukuki destek sa\u011flayarak, grup gezileri veya aile tatilleri i\u00e7in idealdir.<\/p>\n<p><strong>7\/24 Uzman Destek Hatt\u0131<\/strong><br \/>\nProfesyonel hukuk ekibimiz, profesyonel tavsiyelerde bulunmak, sorular\u0131n\u0131z\u0131 yan\u0131tlamak ve her t\u00fcrl\u00fc hukuki sorunu \u00e7\u00f6zmek i\u00e7in g\u00fcn\u00fcn her saati hizmetinizdedir.<\/p>\n<p><strong>Trafik Kazas\u0131 Durumunda Hukuki Yard\u0131m<\/strong><br \/>\n\u0130ster k\u00fc\u00e7\u00fck bir \u00e7arp\u0131\u015fma, ister daha karma\u015f\u0131k bir olay olsun, hukuk uzmanlar\u0131m\u0131z ailenizin \u00e7\u0131karlar\u0131n\u0131 en iyi \u015fekilde temsil edecek ve yerel d\u00fczenlemelere uyum sa\u011flaman\u0131za yard\u0131mc\u0131 olacakt\u0131r.<\/p>\n<p><strong>7\/24 Acil Yard\u0131m Hatt\u0131<\/strong><br \/>\nAcil yard\u0131m her zaman sadece bir telefon uza\u011f\u0131n\u0131zdad\u0131r. K\u00fc\u00e7\u00fck endi\u015felerden acil sorunlara kadar, ihtiyac\u0131n\u0131z oldu\u011funda yard\u0131m mevcuttur.<\/p>\n<hr \/>\n<h3><strong>Neden Aile Plan\u0131n\u0131 Se\u00e7melisiniz?<\/strong><\/h3>\n<p>Bu paket \u015funlar i\u00e7in m\u00fckemmeldir:<\/p>\n<ul>\n<li>Avrupa genelinde yolculuk planlayan, g\u00fcvenli\u011fe ve g\u00f6n\u00fcl rahatl\u0131\u011f\u0131na \u00f6nem veren aileler.<\/li>\n<li>Sevdikleri i\u00e7in uygun fiyatl\u0131, g\u00fcvenilir hukuki g\u00fcvence arayan ebeveynler.<\/li>\n<li>Seyahatleri boyunca kapsaml\u0131 destek isteyen gezginler.<\/li>\n<\/ul>\n<hr \/>\n<h3><strong>Uygun Fiyatl\u0131 Koruma, E\u015fsiz Destek<\/strong><\/h3>\n<p>Aile ba\u015f\u0131na sadece 35 \u20ac kar\u015f\u0131l\u0131\u011f\u0131nda, Aile Plan\u0131, g\u00fcvenle seyahat etmenizi sa\u011flayan y\u00fcksek kaliteli yasal teminat sa\u011flar. Yasal belirsizliklerin ailenizin maceralar\u0131n\u0131 aksatmas\u0131na izin vermeyin; karma\u015f\u0131kl\u0131klarla ba\u015fa \u00e7\u0131kmam\u0131z i\u00e7in bize g\u00fcvenin, b\u00f6ylece siz birlikte yolculu\u011funuzun tad\u0131n\u0131 \u00e7\u0131karmaya odaklanabilirsiniz.<\/p>","protected":false},"excerpt":{"rendered":"<ul>\n<li>35\u20ac\/aile ba\u015f\u0131<\/li>\n<li>30 g\u00fcnl\u00fck yasal teminat<\/li>\n<li>7\/24 destek<\/li>\n<li>Trafik kazas\u0131 durumunda hukuki yard\u0131m<\/li>\n<li>7\/24 Acil Durum Hatt\u0131<\/li>\n<\/ul>","protected":false},"featured_media":3061,"comment_status":"closed","ping_status":"closed","template":"","meta":{"site-sidebar-layout":"default","site-content-layout":"default","ast-site-content-layout":"default","site-content-style":"default","site-sidebar-style":"default","ast-global-header-display":"","ast-banner-title-visibility":"","ast-main-header-display":"","ast-hfb-above-header-display":"","ast-hfb-below-header-display":"","ast-hfb-mobile-header-display":"","site-post-title":"","ast-breadcrumbs-content":"","ast-featured-img":"","footer-sml-layout":"","ast-disable-related-posts":"","theme-transparent-header-meta":"default","adv-header-id-meta":"","stick-header-meta":"","header-above-stick-meta":"","header-main-stick-meta":"","header-below-stick-meta":"","astra-migrate-meta-layouts":"set","ast-page-background-enabled":"default","ast-page-background-meta":{"desktop":{"background-color":"","background-image":"","background-repeat":"repeat","background-position":"center center","background-size":"auto","background-attachment":"scroll","background-type":"","background-media":"","overlay-type":"","overlay-color":"","overlay-opacity":"","overlay-gradient":""},"tablet":{"background-color":"","background-image":"","background-repeat":"repeat","background-position":"center center","background-size":"auto","background-attachment":"scroll","background-type":"","background-media":"","overlay-type":"","overlay-color":"","overlay-opacity":"","overlay-gradient":""},"mobile":{"background-color":"","background-image":"","background-repeat":"repeat","background-position":"center center","background-size":"auto","background-attachment":"scroll","background-type":"","background-media":"","overlay-type":"","overlay-color":"","overlay-opacity":"","overlay-gradient":""}},"ast-content-background-meta":{"desktop":{"background-color":"var(--ast-global-color-5)","background-image":"","background-repeat":"repeat","background-position":"center center","background-size":"auto","background-attachment":"scroll","background-type":"","background-media":"","overlay-type":"","overlay-color":"","overlay-opacity":"","overlay-gradient":""},"tablet":{"background-color":"var(--ast-global-color-5)","background-image":"","background-repeat":"repeat","background-position":"center center","background-size":"auto","background-attachment":"scroll","background-type":"","background-media":"","overlay-type":"","overlay-color":"","overlay-opacity":"","overlay-gradient":""},"mobile":{"background-color":"var(--ast-global-color-5)","background-image":"","background-repeat":"repeat","background-position":"center center","background-size":"auto","background-attachment":"scroll","background-type":"","background-media":"","overlay-type":"","overlay-color":"","overlay-opacity":"","overlay-gradient":""}}},"product_brand":[],"product_cat":[43],"product_tag":[],"class_list":{"0":"post-2095","1":"product","2":"type-product","3":"status-publish","4":"has-post-thumbnail","6":"product_cat-tourist-plans","7":"desktop-align-left","8":"tablet-align-left","9":"mobile-align-left","11":"first","12":"instock","13":"virtual","14":"purchasable","15":"product-type-simple"},"jetpack_sharing_enabled":true,"_links":{"self":[{"href":"https:\/\/carhelpeurope.com\/tr\/wp-json\/wp\/v2\/product\/2095","targetHints":{"allow":["GET"]}}],"collection":[{"href":"https:\/\/carhelpeurope.com\/tr\/wp-json\/wp\/v2\/product"}],"about":[{"href":"https:\/\/carhelpeurope.com\/tr\/wp-json\/wp\/v2\/types\/product"}],"replies":[{"embeddable":true,"href":"https:\/\/carhelpeurope.com\/tr\/wp-json\/wp\/v2\/comments?post=2095"}],"wp:featuredmedia":[{"embeddable":true,"href":"https:\/\/carhelpeurope.com\/tr\/wp-json\/wp\/v2\/media\/3061"}],"wp:attachment":[{"href":"https:\/\/carhelpeurope.com\/tr\/wp-json\/wp\/v2\/media?parent=2095"}],"wp:term":[{"taxonomy":"product_brand","embeddable":true,"href":"https:\/\/carhelpeurope.com\/tr\/wp-json\/wp\/v2\/product_brand?post=2095"},{"taxonomy":"product_cat","embeddable":true,"href":"https:\/\/carhelpeurope.com\/tr\/wp-json\/wp\/v2\/product_cat?post=2095"},{"taxonomy":"product_tag","embeddable":true,"href":"https:\/\/carhelpeurope.com\/tr\/wp-json\/wp\/v2\/product_tag?post=2095"}],"curies":[{"name":"wp","href":"https:\/\/api.w.org\/{rel}","templated":true}]}}